{"id":9920,"date":"2022-06-28T11:24:18","date_gmt":"2022-06-28T09:24:18","guid":{"rendered":"https:\/\/timgabor.hu\/?page_id=9920"},"modified":"2022-08-15T18:57:27","modified_gmt":"2022-08-15T16:57:27","slug":"ti-vagytok-a-tamogatoim","status":"publish","type":"page","link":"https:\/\/timgabor.hu\/en\/ti-vagytok-a-tamogatoim\/","title":{"rendered":"TI! vagytok a t\u00e1mogat\u00f3im"},"content":{"rendered":"<div data-elementor-type=\"wp-page\" data-elementor-id=\"9920\" class=\"elementor elementor-9920\" data-elementor-post-type=\"page\">\n\t\t\t\t\t\t<section class=\"elementor-section elementor-top-section elementor-element elementor-element-4ba8c15 elementor-section-boxed elementor-section-height-default elementor-section-height-default\" data-id=\"4ba8c15\" data-element_type=\"section\">\n\t\t\t\t\t\t<div class=\"elementor-container elementor-column-gap-default\">\n\t\t\t\t\t<div class=\"elementor-column elementor-col-100 elementor-top-column elementor-element elementor-element-6be6c73\" data-id=\"6be6c73\" data-element_type=\"column\">\n\t\t\t<div class=\"elementor-widget-wrap elementor-element-populated\">\n\t\t\t\t\t\t<div class=\"elementor-element elementor-element-9ae8401 elementor-widget elementor-widget-heading\" data-id=\"9ae8401\" data-element_type=\"widget\" data-widget_type=\"heading.default\">\n\t\t\t\t<div class=\"elementor-widget-container\">\n\t\t\t\t\t<h2 class=\"elementor-heading-title elementor-size-default\">YOU ARE my sponsors!<\/h2>\t\t\t\t<\/div>\n\t\t\t\t<\/div>\n\t\t\t\t<div class=\"elementor-element elementor-element-cda53cc elementor-widget elementor-widget-html\" data-id=\"cda53cc\" data-element_type=\"widget\" data-widget_type=\"html.default\">\n\t\t\t\t<div class=\"elementor-widget-container\">\n\t\t\t\t\t<div style=\"width: 100%; height: 100%;\" data-wordart-src=\"\/\/cdn.wordart.com\/json\/1r7fcd53qdj1\" data-wordartn><\/div>\t\t\t\t<\/div>\n\t\t\t\t<\/div>\n\t\t\t\t<div class=\"elementor-element elementor-element-b5134cd elementor-align-center elementor-widget elementor-widget-button\" data-id=\"b5134cd\" data-element_type=\"widget\" data-widget_type=\"button.default\">\n\t\t\t\t<div class=\"elementor-widget-container\">\n\t\t\t\t\t\t\t\t\t<div class=\"elementor-button-wrapper\">\n\t\t\t\t\t<a class=\"elementor-button elementor-button-link elementor-size-sm\" href=\"https:\/\/timgabor.hu\/en\/tamogatas\/\">\n\t\t\t\t\t\t<span class=\"elementor-button-content-wrapper\">\n\t\t\t\t\t\t\t\t\t<span class=\"elementor-button-text\">Adom\u00e1nyozz Te is!<\/span>\n\t\t\t\t\t<\/span>\n\t\t\t\t\t<\/a>\n\t\t\t\t<\/div>\n\t\t\t\t\t\t\t\t<\/div>\n\t\t\t\t<\/div>\n\t\t\t\t\t<\/div>\n\t\t<\/div>\n\t\t\t\t\t<\/div>\n\t\t<\/section>\n\t\t\t\t<\/div>","protected":false},"excerpt":{"rendered":"<p>TI! vagytok a t\u00e1mogat\u00f3im! Adom\u00e1nyozz Te is!<\/p>","protected":false},"author":1,"featured_media":10079,"parent":0,"menu_order":0,"comment_status":"closed","ping_status":"closed","template":"elementor_header_footer","meta":{"footnotes":""},"class_list":["post-9920","page","type-page","status-publish","has-post-thumbnail","hentry"],"yoast_head":"<!-- This site is optimized with the Yoast SEO Premium plugin v25.1 (Yoast SEO v24.2) - https:\/\/yoast.com\/wordpress\/plugins\/seo\/ -->\n<title>TI! vagytok a t\u00e1mogat\u00f3im - TimGabor.hu<\/title>\n<meta name=\"robots\" content=\"index, follow, max-snippet:-1, max-image-preview:large, max-video-preview:-1\" \/>\n<link rel=\"canonical\" href=\"https:\/\/timgabor.hu\/en\/ti-vagytok-a-tamogatoim\/\" \/>\n<meta property=\"og:locale\" content=\"en_GB\" \/>\n<meta property=\"og:type\" content=\"article\" \/>\n<meta property=\"og:title\" content=\"TI! vagytok a t\u00e1mogat\u00f3im!\" \/>\n<meta property=\"og:description\" content=\"TI! vagytok a t\u00e1mogat\u00f3im! K\u00f6sz\u00f6n\u00f6m, hogy seg\u00edtett\u00e9l! Tal\u00e1ld meg magad :)\" \/>\n<meta property=\"og:url\" content=\"https:\/\/timgabor.hu\/en\/ti-vagytok-a-tamogatoim\/\" \/>\n<meta property=\"og:site_name\" content=\"TimGabor.hu\" \/>\n<meta property=\"article:modified_time\" content=\"2022-08-15T16:57:27+00:00\" \/>\n<meta property=\"og:image\" content=\"https:\/\/timgabor.hu\/wp-content\/uploads\/2022\/07\/final.jpg\" \/>\n\t<meta property=\"og:image:width\" content=\"1920\" \/>\n\t<meta property=\"og:image:height\" content=\"1280\" \/>\n\t<meta property=\"og:image:type\" content=\"image\/jpeg\" \/>\n<meta name=\"twitter:card\" content=\"summary_large_image\" \/>\n<meta name=\"twitter:image\" content=\"https:\/\/timgabor.hu\/wp-content\/uploads\/2022\/07\/final.jpg\" \/>\n<meta name=\"twitter:label1\" content=\"Est. reading time\" \/>\n\t<meta name=\"twitter:data1\" content=\"1 minute\" \/>\n<script type=\"application\/ld+json\" class=\"yoast-schema-graph\">{\"@context\":\"https:\/\/schema.org\",\"@graph\":[{\"@type\":\"WebPage\",\"@id\":\"https:\/\/timgabor.hu\/en\/ti-vagytok-a-tamogatoim\/\",\"url\":\"https:\/\/timgabor.hu\/en\/ti-vagytok-a-tamogatoim\/\",\"name\":\"TI! vagytok a t\u00e1mogat\u00f3im - TimGabor.hu\",\"isPartOf\":{\"@id\":\"https:\/\/timgabor.hu\/#website\"},\"primaryImageOfPage\":{\"@id\":\"https:\/\/timgabor.hu\/en\/ti-vagytok-a-tamogatoim\/#primaryimage\"},\"image\":{\"@id\":\"https:\/\/timgabor.hu\/en\/ti-vagytok-a-tamogatoim\/#primaryimage\"},\"thumbnailUrl\":\"https:\/\/timgabor.hu\/wp-content\/uploads\/2022\/07\/final.jpg\",\"datePublished\":\"2022-06-28T09:24:18+00:00\",\"dateModified\":\"2022-08-15T16:57:27+00:00\",\"breadcrumb\":{\"@id\":\"https:\/\/timgabor.hu\/en\/ti-vagytok-a-tamogatoim\/#breadcrumb\"},\"inLanguage\":\"en-GB\",\"potentialAction\":[{\"@type\":\"ReadAction\",\"target\":[\"https:\/\/timgabor.hu\/en\/ti-vagytok-a-tamogatoim\/\"]}]},{\"@type\":\"ImageObject\",\"inLanguage\":\"en-GB\",\"@id\":\"https:\/\/timgabor.hu\/en\/ti-vagytok-a-tamogatoim\/#primaryimage\",\"url\":\"https:\/\/timgabor.hu\/wp-content\/uploads\/2022\/07\/final.jpg\",\"contentUrl\":\"https:\/\/timgabor.hu\/wp-content\/uploads\/2022\/07\/final.jpg\",\"width\":1920,\"height\":1280},{\"@type\":\"BreadcrumbList\",\"@id\":\"https:\/\/timgabor.hu\/en\/ti-vagytok-a-tamogatoim\/#breadcrumb\",\"itemListElement\":[{\"@type\":\"ListItem\",\"position\":1,\"name\":\"Kezd\u0151lap\",\"item\":\"https:\/\/timgabor.hu\/\"},{\"@type\":\"ListItem\",\"position\":2,\"name\":\"TI! vagytok a t\u00e1mogat\u00f3im\"}]},{\"@type\":\"WebSite\",\"@id\":\"https:\/\/timgabor.hu\/#website\",\"url\":\"https:\/\/timgabor.hu\/\",\"name\":\"TimGabor.hu\",\"description\":\"Tim G\u00e1bor hivatalos weboldala \/ H\u00e9tszeres bajnok aut\u00f3versenyz\u0151\",\"publisher\":{\"@id\":\"https:\/\/timgabor.hu\/#\/schema\/person\/226226f5bdfe2a1cf1501afbb75ebd6a\"},\"potentialAction\":[{\"@type\":\"SearchAction\",\"target\":{\"@type\":\"EntryPoint\",\"urlTemplate\":\"https:\/\/timgabor.hu\/?s={search_term_string}\"},\"query-input\":{\"@type\":\"PropertyValueSpecification\",\"valueRequired\":true,\"valueName\":\"search_term_string\"}}],\"inLanguage\":\"en-GB\"},{\"@type\":[\"Person\",\"Organization\"],\"@id\":\"https:\/\/timgabor.hu\/#\/schema\/person\/226226f5bdfe2a1cf1501afbb75ebd6a\",\"name\":\"emerico\",\"image\":{\"@type\":\"ImageObject\",\"inLanguage\":\"en-GB\",\"@id\":\"https:\/\/timgabor.hu\/#\/schema\/person\/image\/\",\"url\":\"https:\/\/timgabor.hu\/wp-content\/uploads\/2021\/09\/timgabor2022-350x100-1.svg\",\"contentUrl\":\"https:\/\/timgabor.hu\/wp-content\/uploads\/2021\/09\/timgabor2022-350x100-1.svg\",\"width\":350,\"height\":100,\"caption\":\"emerico\"},\"logo\":{\"@id\":\"https:\/\/timgabor.hu\/#\/schema\/person\/image\/\"}}]}<\/script>\n<!-- \/ Yoast SEO Premium plugin. -->","yoast_head_json":{"title":"TI! vagytok a t\u00e1mogat\u00f3im - TimGabor.hu","robots":{"index":"index","follow":"follow","max-snippet":"max-snippet:-1","max-image-preview":"max-image-preview:large","max-video-preview":"max-video-preview:-1"},"canonical":"https:\/\/timgabor.hu\/en\/ti-vagytok-a-tamogatoim\/","og_locale":"en_GB","og_type":"article","og_title":"TI! vagytok a t\u00e1mogat\u00f3im!","og_description":"TI! vagytok a t\u00e1mogat\u00f3im! K\u00f6sz\u00f6n\u00f6m, hogy seg\u00edtett\u00e9l! Tal\u00e1ld meg magad :)","og_url":"https:\/\/timgabor.hu\/en\/ti-vagytok-a-tamogatoim\/","og_site_name":"TimGabor.hu","article_modified_time":"2022-08-15T16:57:27+00:00","og_image":[{"width":1920,"height":1280,"url":"https:\/\/timgabor.hu\/wp-content\/uploads\/2022\/07\/final.jpg","type":"image\/jpeg"}],"twitter_card":"summary_large_image","twitter_image":"https:\/\/timgabor.hu\/wp-content\/uploads\/2022\/07\/final.jpg","twitter_misc":{"Est. reading time":"1 minute"},"schema":{"@context":"https:\/\/schema.org","@graph":[{"@type":"WebPage","@id":"https:\/\/timgabor.hu\/en\/ti-vagytok-a-tamogatoim\/","url":"https:\/\/timgabor.hu\/en\/ti-vagytok-a-tamogatoim\/","name":"TI! vagytok a t\u00e1mogat\u00f3im - TimGabor.hu","isPartOf":{"@id":"https:\/\/timgabor.hu\/#website"},"primaryImageOfPage":{"@id":"https:\/\/timgabor.hu\/en\/ti-vagytok-a-tamogatoim\/#primaryimage"},"image":{"@id":"https:\/\/timgabor.hu\/en\/ti-vagytok-a-tamogatoim\/#primaryimage"},"thumbnailUrl":"https:\/\/timgabor.hu\/wp-content\/uploads\/2022\/07\/final.jpg","datePublished":"2022-06-28T09:24:18+00:00","dateModified":"2022-08-15T16:57:27+00:00","breadcrumb":{"@id":"https:\/\/timgabor.hu\/en\/ti-vagytok-a-tamogatoim\/#breadcrumb"},"inLanguage":"en-GB","potentialAction":[{"@type":"ReadAction","target":["https:\/\/timgabor.hu\/en\/ti-vagytok-a-tamogatoim\/"]}]},{"@type":"ImageObject","inLanguage":"en-GB","@id":"https:\/\/timgabor.hu\/en\/ti-vagytok-a-tamogatoim\/#primaryimage","url":"https:\/\/timgabor.hu\/wp-content\/uploads\/2022\/07\/final.jpg","contentUrl":"https:\/\/timgabor.hu\/wp-content\/uploads\/2022\/07\/final.jpg","width":1920,"height":1280},{"@type":"BreadcrumbList","@id":"https:\/\/timgabor.hu\/en\/ti-vagytok-a-tamogatoim\/#breadcrumb","itemListElement":[{"@type":"ListItem","position":1,"name":"Kezd\u0151lap","item":"https:\/\/timgabor.hu\/"},{"@type":"ListItem","position":2,"name":"TI! vagytok a t\u00e1mogat\u00f3im"}]},{"@type":"WebSite","@id":"https:\/\/timgabor.hu\/#website","url":"https:\/\/timgabor.hu\/","name":"TimGabor.hu","description":"Tim G\u00e1bor hivatalos weboldala \/ H\u00e9tszeres bajnok aut\u00f3versenyz\u0151","publisher":{"@id":"https:\/\/timgabor.hu\/#\/schema\/person\/226226f5bdfe2a1cf1501afbb75ebd6a"},"potentialAction":[{"@type":"SearchAction","target":{"@type":"EntryPoint","urlTemplate":"https:\/\/timgabor.hu\/?s={search_term_string}"},"query-input":{"@type":"PropertyValueSpecification","valueRequired":true,"valueName":"search_term_string"}}],"inLanguage":"en-GB"},{"@type":["Person","Organization"],"@id":"https:\/\/timgabor.hu\/#\/schema\/person\/226226f5bdfe2a1cf1501afbb75ebd6a","name":"emerico","image":{"@type":"ImageObject","inLanguage":"en-GB","@id":"https:\/\/timgabor.hu\/#\/schema\/person\/image\/","url":"https:\/\/timgabor.hu\/wp-content\/uploads\/2021\/09\/timgabor2022-350x100-1.svg","contentUrl":"https:\/\/timgabor.hu\/wp-content\/uploads\/2021\/09\/timgabor2022-350x100-1.svg","width":350,"height":100,"caption":"emerico"},"logo":{"@id":"https:\/\/timgabor.hu\/#\/schema\/person\/image\/"}}]}},"_links":{"self":[{"href":"https:\/\/timgabor.hu\/en\/wp-json\/wp\/v2\/pages\/9920"}],"collection":[{"href":"https:\/\/timgabor.hu\/en\/wp-json\/wp\/v2\/pages"}],"about":[{"href":"https:\/\/timgabor.hu\/en\/wp-json\/wp\/v2\/types\/page"}],"author":[{"embeddable":true,"href":"https:\/\/timgabor.hu\/en\/wp-json\/wp\/v2\/users\/1"}],"replies":[{"embeddable":true,"href":"https:\/\/timgabor.hu\/en\/wp-json\/wp\/v2\/comments?post=9920"}],"version-history":[{"count":29,"href":"https:\/\/timgabor.hu\/en\/wp-json\/wp\/v2\/pages\/9920\/revisions"}],"predecessor-version":[{"id":10874,"href":"https:\/\/timgabor.hu\/en\/wp-json\/wp\/v2\/pages\/9920\/revisions\/10874"}],"wp:featuredmedia":[{"embeddable":true,"href":"https:\/\/timgabor.hu\/en\/wp-json\/wp\/v2\/media\/10079"}],"wp:attachment":[{"href":"https:\/\/timgabor.hu\/en\/wp-json\/wp\/v2\/media?parent=9920"}],"curies":[{"name":"wp","href":"https:\/\/api.w.org\/{rel}","templated":true}]}}