{"id":7389,"date":"2022-05-27T11:03:45","date_gmt":"2022-05-27T09:03:45","guid":{"rendered":"http:\/\/timgabor.hu\/?page_id=7389"},"modified":"2022-07-20T08:47:15","modified_gmt":"2022-07-20T06:47:15","slug":"adatkezelesi-tajekoztato","status":"publish","type":"page","link":"https:\/\/timgabor.hu\/en\/adatkezelesi-tajekoztato\/","title":{"rendered":"Adatkezel\u00e9si t\u00e1j\u00e9koztat\u00f3"},"content":{"rendered":"<div data-elementor-type=\"wp-page\" data-elementor-id=\"7389\" class=\"elementor elementor-7389\" data-elementor-post-type=\"page\">\n\t\t\t\t\t\t<section class=\"elementor-section elementor-top-section elementor-element elementor-element-25818c68 elementor-section-boxed elementor-section-height-default elementor-section-height-default\" data-id=\"25818c68\" data-element_type=\"section\" data-e-type=\"section\">\n\t\t\t\t\t\t<div class=\"elementor-container elementor-column-gap-default\">\n\t\t\t\t\t<div class=\"elementor-column elementor-col-100 elementor-top-column elementor-element elementor-element-4f77389d\" data-id=\"4f77389d\" data-element_type=\"column\" data-e-type=\"column\">\n\t\t\t<div class=\"elementor-widget-wrap elementor-element-populated\">\n\t\t\t\t\t\t<div class=\"elementor-element elementor-element-78657ece elementor-widget elementor-widget-text-editor\" data-id=\"78657ece\" data-element_type=\"widget\" data-e-type=\"widget\" data-widget_type=\"text-editor.default\">\n\t\t\t\t<div class=\"elementor-widget-container\">\n\t\t\t\t\t\t\t\t\t<p><\/p>\n<h2 class=\"wp-block-heading\">Ki vagyok?<\/h2>\n<p><\/p>\n<p>Tim G\u00e1bor aut\u00f3versenyz\u0151. A weboldal c\u00edme: https:\/\/timgabor.hu.<br \/><\/p>\n<p><\/p>\n<h2 class=\"wp-block-heading\">Hozz\u00e1sz\u00f3l\u00e1sok<\/h2>\n<p><\/p>\n<p>A hozz\u00e1sz\u00f3l\u00e1sok tiltva vannak a weboldalon.<\/p>\n<h2>Regisztr\u00e1ci\u00f3<\/h2>\n<p><\/p>\n<p>Az oldalon a regisztr\u00e1ci\u00f3 tiltva van, nem lehet regisztr\u00e1lni.<br \/><\/p>\n<p><\/p>\n<p><\/p>\n<h2 class=\"wp-block-heading\">M\u00e9dia<\/h2>\n<p><\/p>\n<p>Az oldalra csak az oldal tulajdonosa tud m\u00e9dia file-t felt\u00f6lteni. Felhaszn\u00e1l\u00f3k nem tudnak sem regisztr\u00e1lni, bejegyz\u00e9shez hozz\u00e1sz\u00f3lni, sem m\u00e9di\u00e1t felt\u00f6lteni.<br \/><\/p>\n<p><\/p>\n<h2 class=\"wp-block-heading\">S\u00fctik<\/h2>\n<p><\/p>\n<p>Az oldalon tiltva van a regisztr\u00e1ci\u00f3 \u00e9s hozz\u00e1sz\u00f3l\u00e1s, \u00edgy a user-ek adatait nem t\u00e1roljuk. Kiv\u00e9telt k\u00e9pez a h\u00edrlev\u00e9l feliratkoz\u00e1s. A h\u00edrlev\u00e9lre feliratkoz\u00f3k adatait a h\u00edrlev\u00e9l szolg\u00e1ltat\u00f3 applik\u00e1ci\u00f3 (mailchimp) v\u00e9gzi az adat t\u00e1rol\u00e1st.<br \/><\/p>\n<p><\/p>\n<h2 class=\"wp-block-heading\">M\u00e1s honlapokr\u00f3l sz\u00e1rmaz\u00f3 be\u00e1gyazott tartalmak<\/h2>\n<p><\/p>\n<p>A honlapon el\u00e9rhet\u0151 bejegyz\u00e9sek k\u00fcls\u0151 forr\u00e1sb\u00f3l sz\u00e1rmaz\u00f3 be\u00e1gyazott tartalmakat (pl. vide\u00f3k, k\u00e9pek, cikkek stb.) haszn\u00e1lhatnak. A k\u00fcls\u0151 forr\u00e1sb\u00f3l sz\u00e1rmaz\u00f3 be\u00e1gyazott tartalmak pontosan \u00fagy viselkednek, mintha megl\u00e1togattunk volna egy m\u00e1sik honlapot.<\/p>\n<p><\/p>\n<p>Ezek a webhelyek lehets\u00e9ges, hogy adatot gy\u0171jtenek a l\u00e1togat\u00f3kr\u00f3l, s\u00fctiket vagy harmadik f\u00e9lt\u0151l sz\u00e1rmaz\u00f3 k\u00f6vet\u0151k\u00f3dot haszn\u00e1lnak, figyelik a be\u00e1gyazott tartalommal kapcsolatos felhaszn\u00e1l\u00f3i viselked\u00e9st, ha rendelkez\u00fcnk felhaszn\u00e1l\u00f3i fi\u00f3kkal \u00e9s be vagyunk jelentkezve az oldalra.<\/p>\n<p><\/p>\n<h2 class=\"wp-block-heading\">Kivel osztjuk meg a felhaszn\u00e1l\u00f3i adatokat<\/h2>\n<p><\/p>\n<p>A l\u00e1togat adatait nem t\u00e1roljuk.  Kiv\u00e9telt k\u00e9pez a h\u00edrlev\u00e9l feliratkoz\u00e1s. A h\u00edrlev\u00e9lre feliratkoz\u00f3k<br \/>\nadatait a h\u00edrlev\u00e9l szolg\u00e1ltat\u00f3 applik\u00e1ci\u00f3 (mailchimp) v\u00e9gzi az adat<br \/>\nt\u00e1rol\u00e1st. Az adom\u00e1ny gy\u0171jt\u0151 oldalon megjelen\u0151 neveket, az adom\u00e1ny k\u00fcld\u0151k \u00f6nk\u00e9ntesen adj\u00e1k \u00e1t. Lehet\u0151s\u00e9g\u00fck van k\u00e9rni nev\u00fck elrejt\u00e9s\u00e9t, t\u00f6rl\u00e9s\u00e9t.<br \/><\/p>\n<p><\/p>\n<h2 class=\"wp-block-heading\">Mennyi ideig \u0151rizz\u00fck a szem\u00e9lyes adatot<\/h2>\n<p><\/p>\n<p>A hozz\u00e1sz\u00f3l\u00e1sok tiltva vannak a weboldalon. Az oldalon a regisztr\u00e1ci\u00f3 tiltva van, nem lehet regisztr\u00e1lni. Kiv\u00e9telt k\u00e9pez a h\u00edrlev\u00e9l feliratkoz\u00e1s. A h\u00edrlev\u00e9lre feliratkoz\u00f3k<br \/>\nadatait a h\u00edrlev\u00e9l szolg\u00e1ltat\u00f3 applik\u00e1ci\u00f3 (mailchimp) v\u00e9gzi az adat<br \/>\nt\u00e1rol\u00e1st.<\/p>\n<p><\/p>\n<h2 class=\"wp-block-heading\">Milyen jogokkal rendelkezik a felhaszn\u00e1l\u00f3 a saj\u00e1t adatai kapcs\u00e1n<\/h2>\n<p><\/p>\n<p>A hozz\u00e1sz\u00f3l\u00e1sok tiltva vannak a weboldalon. Az oldalon a regisztr\u00e1ci\u00f3<br \/>\ntiltva van, nem lehet regisztr\u00e1lni. Kiv\u00e9telt k\u00e9pez a h\u00edrlev\u00e9l<br \/>\nfeliratkoz\u00e1s. A h\u00edrlev\u00e9lre feliratkoz\u00f3k<br \/>\nadatait a h\u00edrlev\u00e9l szolg\u00e1ltat\u00f3 applik\u00e1ci\u00f3 (mailchimp) v\u00e9gzi az adat<br \/>\nt\u00e1rol\u00e1st.<\/p>\n<p><\/p>\n<h2 class=\"wp-block-heading\">Adom\u00e1nygy\u0171jt\u00e9s<br \/><\/h2>\n<p><\/p>\n<p>Az adom\u00e1nygy\u0171jt\u00e9s sor\u00e1n a felhaszn\u00e1l\u00f3 \u00f6nk\u00e9nt eld\u00f6ntheti, hogy a nev\u00e9vel, vagy anonym m\u00f3don t\u00e1mogat. A nev\u00e9nek elrejt\u00e9s\u00e9t, t\u00f6rl\u00e9s\u00e9t b\u00e1rmikor k\u00e9rheti, \u00e9s t\u00f6rl\u00e9sre ker\u00fcl 24 \u00f3r\u00e1n bel\u00fcl.<br \/><\/p>\n<p><\/p>\t\t\t\t\t\t\t\t<\/div>\n\t\t\t\t<\/div>\n\t\t\t\t\t<\/div>\n\t\t<\/div>\n\t\t\t\t\t<\/div>\n\t\t<\/section>\n\t\t\t\t<\/div>","protected":false},"excerpt":{"rendered":"<p>Ki vagyok? Tim G\u00e1bor aut\u00f3versenyz\u0151. A weboldal c\u00edme: https:\/\/timgabor.hu. Hozz\u00e1sz\u00f3l\u00e1sok A hozz\u00e1sz\u00f3l\u00e1sok tiltva vannak a weboldalon. Regisztr\u00e1ci\u00f3 Az oldalon a regisztr\u00e1ci\u00f3 tiltva van, nem lehet regisztr\u00e1lni. M\u00e9dia Az oldalra csak az oldal tulajdonosa tud m\u00e9dia file-t felt\u00f6lteni. Felhaszn\u00e1l\u00f3k nem tudnak sem regisztr\u00e1lni, bejegyz\u00e9shez hozz\u00e1sz\u00f3lni, sem m\u00e9di\u00e1t felt\u00f6lteni. S\u00fctik Az oldalon tiltva van a regisztr\u00e1ci\u00f3 \u00e9s [&hellip;]<\/p>\n","protected":false},"author":1,"featured_media":0,"parent":0,"menu_order":0,"comment_status":"closed","ping_status":"closed","template":"elementor_header_footer","meta":{"footnotes":""},"class_list":["post-7389","page","type-page","status-publish","hentry"],"yoast_head":"<!-- This site is optimized with the Yoast SEO plugin v27.4 - https:\/\/yoast.com\/product\/yoast-seo-wordpress\/ -->\n<title>Adatkezel\u00e9si t\u00e1j\u00e9koztat\u00f3 - TimGabor.hu<\/title>\n<meta name=\"robots\" content=\"index, follow, max-snippet:-1, max-image-preview:large, max-video-preview:-1\" \/>\n<link rel=\"canonical\" href=\"https:\/\/timgabor.hu\/en\/adatkezelesi-tajekoztato\/\" \/>\n<meta property=\"og:locale\" content=\"en_GB\" \/>\n<meta property=\"og:type\" content=\"article\" \/>\n<meta property=\"og:title\" content=\"Adatkezel\u00e9si t\u00e1j\u00e9koztat\u00f3 - TimGabor.hu\" \/>\n<meta property=\"og:description\" content=\"Ki vagyok? Tim G\u00e1bor aut\u00f3versenyz\u0151. A weboldal c\u00edme: https:\/\/timgabor.hu. Hozz\u00e1sz\u00f3l\u00e1sok A hozz\u00e1sz\u00f3l\u00e1sok tiltva vannak a weboldalon. Regisztr\u00e1ci\u00f3 Az oldalon a regisztr\u00e1ci\u00f3 tiltva van, nem lehet regisztr\u00e1lni. M\u00e9dia Az oldalra csak az oldal tulajdonosa tud m\u00e9dia file-t felt\u00f6lteni. Felhaszn\u00e1l\u00f3k nem tudnak sem regisztr\u00e1lni, bejegyz\u00e9shez hozz\u00e1sz\u00f3lni, sem m\u00e9di\u00e1t felt\u00f6lteni. S\u00fctik Az oldalon tiltva van a regisztr\u00e1ci\u00f3 \u00e9s [&hellip;]\" \/>\n<meta property=\"og:url\" content=\"https:\/\/timgabor.hu\/en\/adatkezelesi-tajekoztato\/\" \/>\n<meta property=\"og:site_name\" content=\"TimGabor.hu\" \/>\n<meta property=\"article:modified_time\" content=\"2022-07-20T06:47:15+00:00\" \/>\n<meta name=\"twitter:card\" content=\"summary_large_image\" \/>\n<meta name=\"twitter:label1\" content=\"Est. reading time\" \/>\n\t<meta name=\"twitter:data1\" content=\"2 minutes\" \/>\n<script type=\"application\/ld+json\" class=\"yoast-schema-graph\">{\"@context\":\"https:\\\/\\\/schema.org\",\"@graph\":[{\"@type\":\"WebPage\",\"@id\":\"https:\\\/\\\/timgabor.hu\\\/adatkezelesi-tajekoztato\\\/\",\"url\":\"https:\\\/\\\/timgabor.hu\\\/adatkezelesi-tajekoztato\\\/\",\"name\":\"Adatkezel\u00e9si t\u00e1j\u00e9koztat\u00f3 - TimGabor.hu\",\"isPartOf\":{\"@id\":\"https:\\\/\\\/timgabor.hu\\\/#website\"},\"datePublished\":\"2022-05-27T09:03:45+00:00\",\"dateModified\":\"2022-07-20T06:47:15+00:00\",\"breadcrumb\":{\"@id\":\"https:\\\/\\\/timgabor.hu\\\/adatkezelesi-tajekoztato\\\/#breadcrumb\"},\"inLanguage\":\"en-GB\",\"potentialAction\":[{\"@type\":\"ReadAction\",\"target\":[\"https:\\\/\\\/timgabor.hu\\\/adatkezelesi-tajekoztato\\\/\"]}]},{\"@type\":\"BreadcrumbList\",\"@id\":\"https:\\\/\\\/timgabor.hu\\\/adatkezelesi-tajekoztato\\\/#breadcrumb\",\"itemListElement\":[{\"@type\":\"ListItem\",\"position\":1,\"name\":\"Kezd\u0151lap\",\"item\":\"https:\\\/\\\/timgabor.hu\\\/\"},{\"@type\":\"ListItem\",\"position\":2,\"name\":\"Adatkezel\u00e9si t\u00e1j\u00e9koztat\u00f3\"}]},{\"@type\":\"WebSite\",\"@id\":\"https:\\\/\\\/timgabor.hu\\\/#website\",\"url\":\"https:\\\/\\\/timgabor.hu\\\/\",\"name\":\"TimGabor.hu\",\"description\":\"Tim G\u00e1bor hivatalos weboldala \\\/ H\u00e9tszeres bajnok aut\u00f3versenyz\u0151\",\"publisher\":{\"@id\":\"https:\\\/\\\/timgabor.hu\\\/#\\\/schema\\\/person\\\/226226f5bdfe2a1cf1501afbb75ebd6a\"},\"potentialAction\":[{\"@type\":\"SearchAction\",\"target\":{\"@type\":\"EntryPoint\",\"urlTemplate\":\"https:\\\/\\\/timgabor.hu\\\/?s={search_term_string}\"},\"query-input\":{\"@type\":\"PropertyValueSpecification\",\"valueRequired\":true,\"valueName\":\"search_term_string\"}}],\"inLanguage\":\"en-GB\"},{\"@type\":[\"Person\",\"Organization\"],\"@id\":\"https:\\\/\\\/timgabor.hu\\\/#\\\/schema\\\/person\\\/226226f5bdfe2a1cf1501afbb75ebd6a\",\"name\":\"emerico\",\"image\":{\"@type\":\"ImageObject\",\"inLanguage\":\"en-GB\",\"@id\":\"https:\\\/\\\/timgabor.hu\\\/wp-content\\\/uploads\\\/2021\\\/09\\\/timgabor2022-350x100-1.svg\",\"url\":\"https:\\\/\\\/timgabor.hu\\\/wp-content\\\/uploads\\\/2021\\\/09\\\/timgabor2022-350x100-1.svg\",\"contentUrl\":\"https:\\\/\\\/timgabor.hu\\\/wp-content\\\/uploads\\\/2021\\\/09\\\/timgabor2022-350x100-1.svg\",\"width\":350,\"height\":100,\"caption\":\"emerico\"},\"logo\":{\"@id\":\"https:\\\/\\\/timgabor.hu\\\/wp-content\\\/uploads\\\/2021\\\/09\\\/timgabor2022-350x100-1.svg\"}}]}<\/script>\n<!-- \/ Yoast SEO plugin. -->","yoast_head_json":{"title":"Adatkezel\u00e9si t\u00e1j\u00e9koztat\u00f3 - TimGabor.hu","robots":{"index":"index","follow":"follow","max-snippet":"max-snippet:-1","max-image-preview":"max-image-preview:large","max-video-preview":"max-video-preview:-1"},"canonical":"https:\/\/timgabor.hu\/en\/adatkezelesi-tajekoztato\/","og_locale":"en_GB","og_type":"article","og_title":"Adatkezel\u00e9si t\u00e1j\u00e9koztat\u00f3 - TimGabor.hu","og_description":"Ki vagyok? Tim G\u00e1bor aut\u00f3versenyz\u0151. A weboldal c\u00edme: https:\/\/timgabor.hu. Hozz\u00e1sz\u00f3l\u00e1sok A hozz\u00e1sz\u00f3l\u00e1sok tiltva vannak a weboldalon. Regisztr\u00e1ci\u00f3 Az oldalon a regisztr\u00e1ci\u00f3 tiltva van, nem lehet regisztr\u00e1lni. M\u00e9dia Az oldalra csak az oldal tulajdonosa tud m\u00e9dia file-t felt\u00f6lteni. Felhaszn\u00e1l\u00f3k nem tudnak sem regisztr\u00e1lni, bejegyz\u00e9shez hozz\u00e1sz\u00f3lni, sem m\u00e9di\u00e1t felt\u00f6lteni. S\u00fctik Az oldalon tiltva van a regisztr\u00e1ci\u00f3 \u00e9s [&hellip;]","og_url":"https:\/\/timgabor.hu\/en\/adatkezelesi-tajekoztato\/","og_site_name":"TimGabor.hu","article_modified_time":"2022-07-20T06:47:15+00:00","twitter_card":"summary_large_image","twitter_misc":{"Est. reading time":"2 minutes"},"schema":{"@context":"https:\/\/schema.org","@graph":[{"@type":"WebPage","@id":"https:\/\/timgabor.hu\/adatkezelesi-tajekoztato\/","url":"https:\/\/timgabor.hu\/adatkezelesi-tajekoztato\/","name":"Adatkezel\u00e9si t\u00e1j\u00e9koztat\u00f3 - TimGabor.hu","isPartOf":{"@id":"https:\/\/timgabor.hu\/#website"},"datePublished":"2022-05-27T09:03:45+00:00","dateModified":"2022-07-20T06:47:15+00:00","breadcrumb":{"@id":"https:\/\/timgabor.hu\/adatkezelesi-tajekoztato\/#breadcrumb"},"inLanguage":"en-GB","potentialAction":[{"@type":"ReadAction","target":["https:\/\/timgabor.hu\/adatkezelesi-tajekoztato\/"]}]},{"@type":"BreadcrumbList","@id":"https:\/\/timgabor.hu\/adatkezelesi-tajekoztato\/#breadcrumb","itemListElement":[{"@type":"ListItem","position":1,"name":"Kezd\u0151lap","item":"https:\/\/timgabor.hu\/"},{"@type":"ListItem","position":2,"name":"Adatkezel\u00e9si t\u00e1j\u00e9koztat\u00f3"}]},{"@type":"WebSite","@id":"https:\/\/timgabor.hu\/#website","url":"https:\/\/timgabor.hu\/","name":"TimGabor.hu","description":"Tim G\u00e1bor hivatalos weboldala \/ H\u00e9tszeres bajnok aut\u00f3versenyz\u0151","publisher":{"@id":"https:\/\/timgabor.hu\/#\/schema\/person\/226226f5bdfe2a1cf1501afbb75ebd6a"},"potentialAction":[{"@type":"SearchAction","target":{"@type":"EntryPoint","urlTemplate":"https:\/\/timgabor.hu\/?s={search_term_string}"},"query-input":{"@type":"PropertyValueSpecification","valueRequired":true,"valueName":"search_term_string"}}],"inLanguage":"en-GB"},{"@type":["Person","Organization"],"@id":"https:\/\/timgabor.hu\/#\/schema\/person\/226226f5bdfe2a1cf1501afbb75ebd6a","name":"emerico","image":{"@type":"ImageObject","inLanguage":"en-GB","@id":"https:\/\/timgabor.hu\/wp-content\/uploads\/2021\/09\/timgabor2022-350x100-1.svg","url":"https:\/\/timgabor.hu\/wp-content\/uploads\/2021\/09\/timgabor2022-350x100-1.svg","contentUrl":"https:\/\/timgabor.hu\/wp-content\/uploads\/2021\/09\/timgabor2022-350x100-1.svg","width":350,"height":100,"caption":"emerico"},"logo":{"@id":"https:\/\/timgabor.hu\/wp-content\/uploads\/2021\/09\/timgabor2022-350x100-1.svg"}}]}},"_links":{"self":[{"href":"https:\/\/timgabor.hu\/en\/wp-json\/wp\/v2\/pages\/7389","targetHints":{"allow":["GET"]}}],"collection":[{"href":"https:\/\/timgabor.hu\/en\/wp-json\/wp\/v2\/pages"}],"about":[{"href":"https:\/\/timgabor.hu\/en\/wp-json\/wp\/v2\/types\/page"}],"author":[{"embeddable":true,"href":"https:\/\/timgabor.hu\/en\/wp-json\/wp\/v2\/users\/1"}],"replies":[{"embeddable":true,"href":"https:\/\/timgabor.hu\/en\/wp-json\/wp\/v2\/comments?post=7389"}],"version-history":[{"count":11,"href":"https:\/\/timgabor.hu\/en\/wp-json\/wp\/v2\/pages\/7389\/revisions"}],"predecessor-version":[{"id":10635,"href":"https:\/\/timgabor.hu\/en\/wp-json\/wp\/v2\/pages\/7389\/revisions\/10635"}],"wp:attachment":[{"href":"https:\/\/timgabor.hu\/en\/wp-json\/wp\/v2\/media?parent=7389"}],"curies":[{"name":"wp","href":"https:\/\/api.w.org\/{rel}","templated":true}]}}