{"id":672,"date":"2010-05-26T18:26:49","date_gmt":"2010-05-26T16:26:49","guid":{"rendered":"http:\/\/magyar-autosport.hu\/gabortim2010\/?page_id=672"},"modified":"2021-03-24T14:53:01","modified_gmt":"2021-03-24T12:53:01","slug":"tamogatoink","status":"publish","type":"page","link":"https:\/\/timgabor.hu\/en\/tamogatoink\/","title":{"rendered":"T\u00e1mogat\u00f3ink"},"content":{"rendered":"<div class=\"wp-block-image\"><figure class=\"aligncenter size-large is-resized\"><a href=\"https:\/\/www.facebook.com\/fullautose\/\" target=\"_blank\" rel=\"noopener\"><img fetchpriority=\"high\" decoding=\"async\" src=\"http:\/\/timgabor.hu\/wp-content\/uploads\/2021\/02\/fullautose.png\" alt=\"\" class=\"wp-image-5884\" width=\"600\" height=\"138\" srcset=\"https:\/\/timgabor.hu\/wp-content\/uploads\/2021\/02\/fullautose.png 600w, https:\/\/timgabor.hu\/wp-content\/uploads\/2021\/02\/fullautose-150x35.png 150w, https:\/\/timgabor.hu\/wp-content\/uploads\/2021\/02\/fullautose-16x4.png 16w\" sizes=\"(max-width: 600px) 100vw, 600px\" \/><\/a><\/figure><\/div>\n\n\n\n<div class=\"wp-block-image\"><figure class=\"aligncenter size-large is-resized\"><a href=\"http:\/\/www.gfs.hu\/\" target=\"_blank\" rel=\"noopener\"><img decoding=\"async\" src=\"http:\/\/timgabor.hu\/wp-content\/uploads\/2021\/02\/gfs.png\" alt=\"\" class=\"wp-image-5886\" width=\"600\" height=\"360\" srcset=\"https:\/\/timgabor.hu\/wp-content\/uploads\/2021\/02\/gfs.png 600w, https:\/\/timgabor.hu\/wp-content\/uploads\/2021\/02\/gfs-150x90.png 150w, https:\/\/timgabor.hu\/wp-content\/uploads\/2021\/02\/gfs-16x10.png 16w\" sizes=\"(max-width: 600px) 100vw, 600px\" \/><\/a><\/figure><\/div>\n\n\n\n<div class=\"wp-block-image\"><figure class=\"aligncenter size-large\"><a href=\"https:\/\/spurishop.hu\/\" target=\"_blank\" rel=\"noopener\"><img decoding=\"async\" width=\"600\" height=\"360\" src=\"http:\/\/timgabor.hu\/wp-content\/uploads\/2021\/02\/spurishop.png\" alt=\"\" class=\"wp-image-5879\" srcset=\"https:\/\/timgabor.hu\/wp-content\/uploads\/2021\/02\/spurishop.png 600w, https:\/\/timgabor.hu\/wp-content\/uploads\/2021\/02\/spurishop-150x90.png 150w, https:\/\/timgabor.hu\/wp-content\/uploads\/2021\/02\/spurishop-16x10.png 16w\" sizes=\"(max-width: 600px) 100vw, 600px\" \/><\/a><\/figure><\/div>\n\n\n\n<h2 class=\"has-text-align-center wp-block-heading\"><strong><\/strong><strong>Partners:<\/strong><\/h2>\n\n\n\n<div class=\"wp-block-image\"><figure class=\"aligncenter size-large\"><img loading=\"lazy\" decoding=\"async\" width=\"1088\" height=\"239\" src=\"http:\/\/timgabor.hu\/wp-content\/uploads\/2021\/02\/partnerek.jpg\" alt=\"\" class=\"wp-image-5890\" srcset=\"https:\/\/timgabor.hu\/wp-content\/uploads\/2021\/02\/partnerek.jpg 1088w, https:\/\/timgabor.hu\/wp-content\/uploads\/2021\/02\/partnerek-150x33.jpg 150w, https:\/\/timgabor.hu\/wp-content\/uploads\/2021\/02\/partnerek-16x4.jpg 16w\" sizes=\"(max-width: 1088px) 100vw, 1088px\" \/><\/figure><\/div>\n\n\n\n<h2 class=\"has-text-align-center wp-block-heading\"><strong>M\u00e9dia partnereink:<\/strong><\/h2>\n\n\n\n<div class=\"wp-block-image\"><figure class=\"aligncenter\"><a href=\"http:\/\/timgabor.hu\/wp-content\/uploads\/2019\/06\/media_partnerek2019.jpg\"><img loading=\"lazy\" decoding=\"async\" width=\"800\" height=\"400\" src=\"http:\/\/timgabor.hu\/wp-content\/uploads\/2019\/06\/media_partnerek2019.jpg\" alt=\"\" class=\"wp-image-5291\" srcset=\"https:\/\/timgabor.hu\/wp-content\/uploads\/2019\/06\/media_partnerek2019.jpg 800w, https:\/\/timgabor.hu\/wp-content\/uploads\/2019\/06\/media_partnerek2019-150x75.jpg 150w\" sizes=\"(max-width: 800px) 100vw, 800px\" \/><\/a><\/figure><\/div>","protected":false},"excerpt":{"rendered":"<p>Partnereink: M\u00e9dia partnereink:<\/p>","protected":false},"author":1,"featured_media":0,"parent":0,"menu_order":0,"comment_status":"open","ping_status":"open","template":"page-fullwidth.php","meta":{"footnotes":""},"class_list":["post-672","page","type-page","status-publish","hentry"],"yoast_head":"<!-- This site is optimized with the Yoast SEO plugin v27.4 - https:\/\/yoast.com\/product\/yoast-seo-wordpress\/ -->\n<title>T\u00e1mogat\u00f3ink - TimGabor.hu<\/title>\n<meta name=\"robots\" content=\"index, follow, max-snippet:-1, max-image-preview:large, max-video-preview:-1\" \/>\n<link rel=\"canonical\" href=\"https:\/\/timgabor.hu\/en\/tamogatoink\/\" \/>\n<meta property=\"og:locale\" content=\"en_GB\" \/>\n<meta property=\"og:type\" content=\"article\" \/>\n<meta property=\"og:title\" content=\"T\u00e1mogat\u00f3ink - TimGabor.hu\" \/>\n<meta property=\"og:description\" content=\"Partnereink: M\u00e9dia partnereink:\" \/>\n<meta property=\"og:url\" content=\"https:\/\/timgabor.hu\/en\/tamogatoink\/\" \/>\n<meta property=\"og:site_name\" content=\"TimGabor.hu\" \/>\n<meta property=\"article:modified_time\" content=\"2021-03-24T12:53:01+00:00\" \/>\n<meta property=\"og:image\" content=\"http:\/\/timgabor.hu\/wp-content\/uploads\/2021\/02\/fullautose.png\" \/>\n<meta name=\"twitter:card\" content=\"summary_large_image\" \/>\n<script type=\"application\/ld+json\" class=\"yoast-schema-graph\">{\"@context\":\"https:\\\/\\\/schema.org\",\"@graph\":[{\"@type\":\"WebPage\",\"@id\":\"https:\\\/\\\/timgabor.hu\\\/tamogatoink\\\/\",\"url\":\"https:\\\/\\\/timgabor.hu\\\/tamogatoink\\\/\",\"name\":\"T\u00e1mogat\u00f3ink - TimGabor.hu\",\"isPartOf\":{\"@id\":\"https:\\\/\\\/timgabor.hu\\\/#website\"},\"primaryImageOfPage\":{\"@id\":\"https:\\\/\\\/timgabor.hu\\\/tamogatoink\\\/#primaryimage\"},\"image\":{\"@id\":\"https:\\\/\\\/timgabor.hu\\\/tamogatoink\\\/#primaryimage\"},\"thumbnailUrl\":\"http:\\\/\\\/timgabor.hu\\\/wp-content\\\/uploads\\\/2021\\\/02\\\/fullautose.png\",\"datePublished\":\"2010-05-26T16:26:49+00:00\",\"dateModified\":\"2021-03-24T12:53:01+00:00\",\"breadcrumb\":{\"@id\":\"https:\\\/\\\/timgabor.hu\\\/tamogatoink\\\/#breadcrumb\"},\"inLanguage\":\"en-GB\",\"potentialAction\":[{\"@type\":\"ReadAction\",\"target\":[\"https:\\\/\\\/timgabor.hu\\\/tamogatoink\\\/\"]}]},{\"@type\":\"ImageObject\",\"inLanguage\":\"en-GB\",\"@id\":\"https:\\\/\\\/timgabor.hu\\\/tamogatoink\\\/#primaryimage\",\"url\":\"http:\\\/\\\/timgabor.hu\\\/wp-content\\\/uploads\\\/2021\\\/02\\\/fullautose.png\",\"contentUrl\":\"http:\\\/\\\/timgabor.hu\\\/wp-content\\\/uploads\\\/2021\\\/02\\\/fullautose.png\"},{\"@type\":\"BreadcrumbList\",\"@id\":\"https:\\\/\\\/timgabor.hu\\\/tamogatoink\\\/#breadcrumb\",\"itemListElement\":[{\"@type\":\"ListItem\",\"position\":1,\"name\":\"Kezd\u0151lap\",\"item\":\"https:\\\/\\\/timgabor.hu\\\/\"},{\"@type\":\"ListItem\",\"position\":2,\"name\":\"T\u00e1mogat\u00f3ink\"}]},{\"@type\":\"WebSite\",\"@id\":\"https:\\\/\\\/timgabor.hu\\\/#website\",\"url\":\"https:\\\/\\\/timgabor.hu\\\/\",\"name\":\"TimGabor.hu\",\"description\":\"Tim G\u00e1bor hivatalos weboldala \\\/ H\u00e9tszeres bajnok aut\u00f3versenyz\u0151\",\"publisher\":{\"@id\":\"https:\\\/\\\/timgabor.hu\\\/#\\\/schema\\\/person\\\/226226f5bdfe2a1cf1501afbb75ebd6a\"},\"potentialAction\":[{\"@type\":\"SearchAction\",\"target\":{\"@type\":\"EntryPoint\",\"urlTemplate\":\"https:\\\/\\\/timgabor.hu\\\/?s={search_term_string}\"},\"query-input\":{\"@type\":\"PropertyValueSpecification\",\"valueRequired\":true,\"valueName\":\"search_term_string\"}}],\"inLanguage\":\"en-GB\"},{\"@type\":[\"Person\",\"Organization\"],\"@id\":\"https:\\\/\\\/timgabor.hu\\\/#\\\/schema\\\/person\\\/226226f5bdfe2a1cf1501afbb75ebd6a\",\"name\":\"emerico\",\"image\":{\"@type\":\"ImageObject\",\"inLanguage\":\"en-GB\",\"@id\":\"https:\\\/\\\/timgabor.hu\\\/wp-content\\\/uploads\\\/2021\\\/09\\\/timgabor2022-350x100-1.svg\",\"url\":\"https:\\\/\\\/timgabor.hu\\\/wp-content\\\/uploads\\\/2021\\\/09\\\/timgabor2022-350x100-1.svg\",\"contentUrl\":\"https:\\\/\\\/timgabor.hu\\\/wp-content\\\/uploads\\\/2021\\\/09\\\/timgabor2022-350x100-1.svg\",\"width\":350,\"height\":100,\"caption\":\"emerico\"},\"logo\":{\"@id\":\"https:\\\/\\\/timgabor.hu\\\/wp-content\\\/uploads\\\/2021\\\/09\\\/timgabor2022-350x100-1.svg\"}}]}<\/script>\n<!-- \/ Yoast SEO plugin. -->","yoast_head_json":{"title":"T\u00e1mogat\u00f3ink - TimGabor.hu","robots":{"index":"index","follow":"follow","max-snippet":"max-snippet:-1","max-image-preview":"max-image-preview:large","max-video-preview":"max-video-preview:-1"},"canonical":"https:\/\/timgabor.hu\/en\/tamogatoink\/","og_locale":"en_GB","og_type":"article","og_title":"T\u00e1mogat\u00f3ink - TimGabor.hu","og_description":"Partnereink: M\u00e9dia partnereink:","og_url":"https:\/\/timgabor.hu\/en\/tamogatoink\/","og_site_name":"TimGabor.hu","article_modified_time":"2021-03-24T12:53:01+00:00","og_image":[{"url":"http:\/\/timgabor.hu\/wp-content\/uploads\/2021\/02\/fullautose.png","type":"","width":"","height":""}],"twitter_card":"summary_large_image","schema":{"@context":"https:\/\/schema.org","@graph":[{"@type":"WebPage","@id":"https:\/\/timgabor.hu\/tamogatoink\/","url":"https:\/\/timgabor.hu\/tamogatoink\/","name":"T\u00e1mogat\u00f3ink - TimGabor.hu","isPartOf":{"@id":"https:\/\/timgabor.hu\/#website"},"primaryImageOfPage":{"@id":"https:\/\/timgabor.hu\/tamogatoink\/#primaryimage"},"image":{"@id":"https:\/\/timgabor.hu\/tamogatoink\/#primaryimage"},"thumbnailUrl":"http:\/\/timgabor.hu\/wp-content\/uploads\/2021\/02\/fullautose.png","datePublished":"2010-05-26T16:26:49+00:00","dateModified":"2021-03-24T12:53:01+00:00","breadcrumb":{"@id":"https:\/\/timgabor.hu\/tamogatoink\/#breadcrumb"},"inLanguage":"en-GB","potentialAction":[{"@type":"ReadAction","target":["https:\/\/timgabor.hu\/tamogatoink\/"]}]},{"@type":"ImageObject","inLanguage":"en-GB","@id":"https:\/\/timgabor.hu\/tamogatoink\/#primaryimage","url":"http:\/\/timgabor.hu\/wp-content\/uploads\/2021\/02\/fullautose.png","contentUrl":"http:\/\/timgabor.hu\/wp-content\/uploads\/2021\/02\/fullautose.png"},{"@type":"BreadcrumbList","@id":"https:\/\/timgabor.hu\/tamogatoink\/#breadcrumb","itemListElement":[{"@type":"ListItem","position":1,"name":"Kezd\u0151lap","item":"https:\/\/timgabor.hu\/"},{"@type":"ListItem","position":2,"name":"T\u00e1mogat\u00f3ink"}]},{"@type":"WebSite","@id":"https:\/\/timgabor.hu\/#website","url":"https:\/\/timgabor.hu\/","name":"TimGabor.hu","description":"Tim G\u00e1bor hivatalos weboldala \/ H\u00e9tszeres bajnok aut\u00f3versenyz\u0151","publisher":{"@id":"https:\/\/timgabor.hu\/#\/schema\/person\/226226f5bdfe2a1cf1501afbb75ebd6a"},"potentialAction":[{"@type":"SearchAction","target":{"@type":"EntryPoint","urlTemplate":"https:\/\/timgabor.hu\/?s={search_term_string}"},"query-input":{"@type":"PropertyValueSpecification","valueRequired":true,"valueName":"search_term_string"}}],"inLanguage":"en-GB"},{"@type":["Person","Organization"],"@id":"https:\/\/timgabor.hu\/#\/schema\/person\/226226f5bdfe2a1cf1501afbb75ebd6a","name":"emerico","image":{"@type":"ImageObject","inLanguage":"en-GB","@id":"https:\/\/timgabor.hu\/wp-content\/uploads\/2021\/09\/timgabor2022-350x100-1.svg","url":"https:\/\/timgabor.hu\/wp-content\/uploads\/2021\/09\/timgabor2022-350x100-1.svg","contentUrl":"https:\/\/timgabor.hu\/wp-content\/uploads\/2021\/09\/timgabor2022-350x100-1.svg","width":350,"height":100,"caption":"emerico"},"logo":{"@id":"https:\/\/timgabor.hu\/wp-content\/uploads\/2021\/09\/timgabor2022-350x100-1.svg"}}]}},"_links":{"self":[{"href":"https:\/\/timgabor.hu\/en\/wp-json\/wp\/v2\/pages\/672","targetHints":{"allow":["GET"]}}],"collection":[{"href":"https:\/\/timgabor.hu\/en\/wp-json\/wp\/v2\/pages"}],"about":[{"href":"https:\/\/timgabor.hu\/en\/wp-json\/wp\/v2\/types\/page"}],"author":[{"embeddable":true,"href":"https:\/\/timgabor.hu\/en\/wp-json\/wp\/v2\/users\/1"}],"replies":[{"embeddable":true,"href":"https:\/\/timgabor.hu\/en\/wp-json\/wp\/v2\/comments?post=672"}],"version-history":[{"count":61,"href":"https:\/\/timgabor.hu\/en\/wp-json\/wp\/v2\/pages\/672\/revisions"}],"predecessor-version":[{"id":5906,"href":"https:\/\/timgabor.hu\/en\/wp-json\/wp\/v2\/pages\/672\/revisions\/5906"}],"wp:attachment":[{"href":"https:\/\/timgabor.hu\/en\/wp-json\/wp\/v2\/media?parent=672"}],"curies":[{"name":"wp","href":"https:\/\/api.w.org\/{rel}","templated":true}]}}