{"id":668,"date":"2010-05-26T18:02:03","date_gmt":"2010-05-26T16:02:03","guid":{"rendered":"http:\/\/magyar-autosport.hu\/gabortim2010\/?page_id=668"},"modified":"2016-01-06T12:25:59","modified_gmt":"2016-01-06T10:25:59","slug":"bajnoksag-allasa","status":"publish","type":"page","link":"https:\/\/timgabor.hu\/en\/bajnoksag-allasa\/","title":{"rendered":"Bajnoks\u00e1g v\u00e9geredm\u00e9nye 2014"},"content":{"rendered":"<h1 style=\"text-align: center;\">RCM Kupa 2014 V\u00e9geredm\u00e9nye<\/h1>\n<p style=\"text-align: center;\"><a href=\"http:\/\/timgabor.hu\/wp-content\/uploads\/2010\/05\/Screen-Shot-2014-10-15-at-13.52.09.png\"><img fetchpriority=\"high\" decoding=\"async\" class=\"aligncenter wp-image-3493 size-full\" src=\"http:\/\/timgabor.hu\/wp-content\/uploads\/2010\/05\/Screen-Shot-2014-10-15-at-13.52.09.png\" alt=\"Screen Shot 2014-10-15 at 13.52.09\" width=\"710\" height=\"600\" srcset=\"https:\/\/timgabor.hu\/wp-content\/uploads\/2010\/05\/Screen-Shot-2014-10-15-at-13.52.09.png 710w, https:\/\/timgabor.hu\/wp-content\/uploads\/2010\/05\/Screen-Shot-2014-10-15-at-13.52.09-300x253.png 300w\" sizes=\"(max-width: 710px) 100vw, 710px\" \/><\/a>Arch\u00edvum 2013:<br \/>\n<a href=\"http:\/\/mnasz.hu\/letoltes\/AGYOB%20vegeredmeny_2013.pdf\" target=\"_blank\">MGYOB F-1600 bajnoks\u00e1g v\u00e9geredm\u00e9nye<\/a><br \/>\n<a href=\"http:\/\/mnasz.hu\/letoltes\/AGYOB%20vegeredmeny_2013.pdf\" target=\"_blank\">MGYOB F-2000 bajnoks\u00e1g v\u00e9geredm\u00e9nye<\/a><br \/>\n<a href=\"http:\/\/mnasz.hu\/letoltes\/SuzukiOB%20vegeredmeny_2013.pdf\" target=\"_blank\">Suzuki Swift Kupa v\u00e9geredm\u00e9nye<\/a><\/p>\n<p style=\"text-align: center;\">Arch\u00edvum 2012:<br \/>\n<a href=\"http:\/\/www.fiaetcc.com\/html\/archive.asp?y=2012\" target=\"_blank\">FIA ETCC 2012 v\u00e9geredm\u00e9nye<\/a><br \/>\n<a href=\"http:\/\/mnasz.hu\/letoltes\/AGYOB%20vegeredmeny%202012_mod.pdf\" target=\"_blank\">MGYOB F-2000 bajnoks\u00e1g v\u00e9geredm\u00e9nye<\/a><br \/>\n<a href=\"http:\/\/mnasz.hu\/letoltes\/Suzuki%20vegeredmeny%202012.pdf\" target=\"_blank\">Suzuki Swift Kupa v\u00e9geredm\u00e9nye<\/a><\/p>\n<p style=\"text-align: center;\">Arch\u00edvum 2011:<br \/>\n<a href=\"https:\/\/www.scribd.com\/doc\/294721630\/Genex-Suzuki-Bio-Kupa-2011\" target=\"_blank\">Suzuki Swift Kupa v\u00e9geredm\u00e9nye<\/a><\/p>\n<p style=\"text-align: center;\">Arch\u00edvum 2010:<br \/>\n<a href=\"https:\/\/www.scribd.com\/doc\/294721579\/Suzuki-Swift-Kupa-2010\" target=\"_blank\">Suzuki Swift Kupa v\u00e9geredm\u00e9nye<\/a><\/p>","protected":false},"excerpt":{"rendered":"<p>RCM Kupa 2014 V\u00e9geredm\u00e9nye Arch\u00edvum 2013: MGYOB F-1600 bajnoks\u00e1g v\u00e9geredm\u00e9nye MGYOB F-2000 bajnoks\u00e1g v\u00e9geredm\u00e9nye Suzuki Swift Kupa v\u00e9geredm\u00e9nye Arch\u00edvum 2012: FIA ETCC 2012 v\u00e9geredm\u00e9nye MGYOB F-2000 bajnoks\u00e1g v\u00e9geredm\u00e9nye Suzuki Swift Kupa v\u00e9geredm\u00e9nye Arch\u00edvum 2011: Suzuki Swift Kupa v\u00e9geredm\u00e9nye Arch\u00edvum 2010: Suzuki Swift Kupa v\u00e9geredm\u00e9nye<\/p>","protected":false},"author":1,"featured_media":0,"parent":0,"menu_order":0,"comment_status":"open","ping_status":"open","template":"","meta":{"footnotes":""},"class_list":["post-668","page","type-page","status-publish","hentry"],"yoast_head":"<!-- This site is optimized with the Yoast SEO plugin v27.4 - https:\/\/yoast.com\/product\/yoast-seo-wordpress\/ -->\n<title>Bajnoks\u00e1g v\u00e9geredm\u00e9nye 2014 - TimGabor.hu<\/title>\n<meta name=\"robots\" content=\"index, follow, max-snippet:-1, max-image-preview:large, max-video-preview:-1\" \/>\n<link rel=\"canonical\" href=\"https:\/\/timgabor.hu\/en\/bajnoksag-allasa\/\" \/>\n<meta property=\"og:locale\" content=\"en_GB\" \/>\n<meta property=\"og:type\" content=\"article\" \/>\n<meta property=\"og:title\" content=\"Bajnoks\u00e1g v\u00e9geredm\u00e9nye 2014 - TimGabor.hu\" \/>\n<meta property=\"og:description\" content=\"RCM Kupa 2014 V\u00e9geredm\u00e9nye Arch\u00edvum 2013: MGYOB F-1600 bajnoks\u00e1g v\u00e9geredm\u00e9nye MGYOB F-2000 bajnoks\u00e1g v\u00e9geredm\u00e9nye Suzuki Swift Kupa v\u00e9geredm\u00e9nye Arch\u00edvum 2012: FIA ETCC 2012 v\u00e9geredm\u00e9nye MGYOB F-2000 bajnoks\u00e1g v\u00e9geredm\u00e9nye Suzuki Swift Kupa v\u00e9geredm\u00e9nye Arch\u00edvum 2011: Suzuki Swift Kupa v\u00e9geredm\u00e9nye Arch\u00edvum 2010: Suzuki Swift Kupa v\u00e9geredm\u00e9nye\" \/>\n<meta property=\"og:url\" content=\"https:\/\/timgabor.hu\/en\/bajnoksag-allasa\/\" \/>\n<meta property=\"og:site_name\" content=\"TimGabor.hu\" \/>\n<meta property=\"article:modified_time\" content=\"2016-01-06T10:25:59+00:00\" \/>\n<meta property=\"og:image\" content=\"http:\/\/timgabor.hu\/wp-content\/uploads\/2010\/05\/Screen-Shot-2014-10-15-at-13.52.09.png\" \/>\n<meta name=\"twitter:card\" content=\"summary_large_image\" \/>\n<script type=\"application\/ld+json\" class=\"yoast-schema-graph\">{\"@context\":\"https:\\\/\\\/schema.org\",\"@graph\":[{\"@type\":\"WebPage\",\"@id\":\"https:\\\/\\\/timgabor.hu\\\/bajnoksag-allasa\\\/\",\"url\":\"https:\\\/\\\/timgabor.hu\\\/bajnoksag-allasa\\\/\",\"name\":\"Bajnoks\u00e1g v\u00e9geredm\u00e9nye 2014 - TimGabor.hu\",\"isPartOf\":{\"@id\":\"https:\\\/\\\/timgabor.hu\\\/#website\"},\"primaryImageOfPage\":{\"@id\":\"https:\\\/\\\/timgabor.hu\\\/bajnoksag-allasa\\\/#primaryimage\"},\"image\":{\"@id\":\"https:\\\/\\\/timgabor.hu\\\/bajnoksag-allasa\\\/#primaryimage\"},\"thumbnailUrl\":\"http:\\\/\\\/timgabor.hu\\\/wp-content\\\/uploads\\\/2010\\\/05\\\/Screen-Shot-2014-10-15-at-13.52.09.png\",\"datePublished\":\"2010-05-26T16:02:03+00:00\",\"dateModified\":\"2016-01-06T10:25:59+00:00\",\"breadcrumb\":{\"@id\":\"https:\\\/\\\/timgabor.hu\\\/bajnoksag-allasa\\\/#breadcrumb\"},\"inLanguage\":\"en-GB\",\"potentialAction\":[{\"@type\":\"ReadAction\",\"target\":[\"https:\\\/\\\/timgabor.hu\\\/bajnoksag-allasa\\\/\"]}]},{\"@type\":\"ImageObject\",\"inLanguage\":\"en-GB\",\"@id\":\"https:\\\/\\\/timgabor.hu\\\/bajnoksag-allasa\\\/#primaryimage\",\"url\":\"http:\\\/\\\/timgabor.hu\\\/wp-content\\\/uploads\\\/2010\\\/05\\\/Screen-Shot-2014-10-15-at-13.52.09.png\",\"contentUrl\":\"http:\\\/\\\/timgabor.hu\\\/wp-content\\\/uploads\\\/2010\\\/05\\\/Screen-Shot-2014-10-15-at-13.52.09.png\"},{\"@type\":\"BreadcrumbList\",\"@id\":\"https:\\\/\\\/timgabor.hu\\\/bajnoksag-allasa\\\/#breadcrumb\",\"itemListElement\":[{\"@type\":\"ListItem\",\"position\":1,\"name\":\"Kezd\u0151lap\",\"item\":\"https:\\\/\\\/timgabor.hu\\\/\"},{\"@type\":\"ListItem\",\"position\":2,\"name\":\"Bajnoks\u00e1g v\u00e9geredm\u00e9nye 2014\"}]},{\"@type\":\"WebSite\",\"@id\":\"https:\\\/\\\/timgabor.hu\\\/#website\",\"url\":\"https:\\\/\\\/timgabor.hu\\\/\",\"name\":\"TimGabor.hu\",\"description\":\"Tim G\u00e1bor hivatalos weboldala \\\/ H\u00e9tszeres bajnok aut\u00f3versenyz\u0151\",\"publisher\":{\"@id\":\"https:\\\/\\\/timgabor.hu\\\/#\\\/schema\\\/person\\\/226226f5bdfe2a1cf1501afbb75ebd6a\"},\"potentialAction\":[{\"@type\":\"SearchAction\",\"target\":{\"@type\":\"EntryPoint\",\"urlTemplate\":\"https:\\\/\\\/timgabor.hu\\\/?s={search_term_string}\"},\"query-input\":{\"@type\":\"PropertyValueSpecification\",\"valueRequired\":true,\"valueName\":\"search_term_string\"}}],\"inLanguage\":\"en-GB\"},{\"@type\":[\"Person\",\"Organization\"],\"@id\":\"https:\\\/\\\/timgabor.hu\\\/#\\\/schema\\\/person\\\/226226f5bdfe2a1cf1501afbb75ebd6a\",\"name\":\"emerico\",\"image\":{\"@type\":\"ImageObject\",\"inLanguage\":\"en-GB\",\"@id\":\"https:\\\/\\\/timgabor.hu\\\/wp-content\\\/uploads\\\/2021\\\/09\\\/timgabor2022-350x100-1.svg\",\"url\":\"https:\\\/\\\/timgabor.hu\\\/wp-content\\\/uploads\\\/2021\\\/09\\\/timgabor2022-350x100-1.svg\",\"contentUrl\":\"https:\\\/\\\/timgabor.hu\\\/wp-content\\\/uploads\\\/2021\\\/09\\\/timgabor2022-350x100-1.svg\",\"width\":350,\"height\":100,\"caption\":\"emerico\"},\"logo\":{\"@id\":\"https:\\\/\\\/timgabor.hu\\\/wp-content\\\/uploads\\\/2021\\\/09\\\/timgabor2022-350x100-1.svg\"}}]}<\/script>\n<!-- \/ Yoast SEO plugin. -->","yoast_head_json":{"title":"Bajnoks\u00e1g v\u00e9geredm\u00e9nye 2014 - TimGabor.hu","robots":{"index":"index","follow":"follow","max-snippet":"max-snippet:-1","max-image-preview":"max-image-preview:large","max-video-preview":"max-video-preview:-1"},"canonical":"https:\/\/timgabor.hu\/en\/bajnoksag-allasa\/","og_locale":"en_GB","og_type":"article","og_title":"Bajnoks\u00e1g v\u00e9geredm\u00e9nye 2014 - TimGabor.hu","og_description":"RCM Kupa 2014 V\u00e9geredm\u00e9nye Arch\u00edvum 2013: MGYOB F-1600 bajnoks\u00e1g v\u00e9geredm\u00e9nye MGYOB F-2000 bajnoks\u00e1g v\u00e9geredm\u00e9nye Suzuki Swift Kupa v\u00e9geredm\u00e9nye Arch\u00edvum 2012: FIA ETCC 2012 v\u00e9geredm\u00e9nye MGYOB F-2000 bajnoks\u00e1g v\u00e9geredm\u00e9nye Suzuki Swift Kupa v\u00e9geredm\u00e9nye Arch\u00edvum 2011: Suzuki Swift Kupa v\u00e9geredm\u00e9nye Arch\u00edvum 2010: Suzuki Swift Kupa v\u00e9geredm\u00e9nye","og_url":"https:\/\/timgabor.hu\/en\/bajnoksag-allasa\/","og_site_name":"TimGabor.hu","article_modified_time":"2016-01-06T10:25:59+00:00","og_image":[{"url":"http:\/\/timgabor.hu\/wp-content\/uploads\/2010\/05\/Screen-Shot-2014-10-15-at-13.52.09.png","type":"","width":"","height":""}],"twitter_card":"summary_large_image","schema":{"@context":"https:\/\/schema.org","@graph":[{"@type":"WebPage","@id":"https:\/\/timgabor.hu\/bajnoksag-allasa\/","url":"https:\/\/timgabor.hu\/bajnoksag-allasa\/","name":"Bajnoks\u00e1g v\u00e9geredm\u00e9nye 2014 - TimGabor.hu","isPartOf":{"@id":"https:\/\/timgabor.hu\/#website"},"primaryImageOfPage":{"@id":"https:\/\/timgabor.hu\/bajnoksag-allasa\/#primaryimage"},"image":{"@id":"https:\/\/timgabor.hu\/bajnoksag-allasa\/#primaryimage"},"thumbnailUrl":"http:\/\/timgabor.hu\/wp-content\/uploads\/2010\/05\/Screen-Shot-2014-10-15-at-13.52.09.png","datePublished":"2010-05-26T16:02:03+00:00","dateModified":"2016-01-06T10:25:59+00:00","breadcrumb":{"@id":"https:\/\/timgabor.hu\/bajnoksag-allasa\/#breadcrumb"},"inLanguage":"en-GB","potentialAction":[{"@type":"ReadAction","target":["https:\/\/timgabor.hu\/bajnoksag-allasa\/"]}]},{"@type":"ImageObject","inLanguage":"en-GB","@id":"https:\/\/timgabor.hu\/bajnoksag-allasa\/#primaryimage","url":"http:\/\/timgabor.hu\/wp-content\/uploads\/2010\/05\/Screen-Shot-2014-10-15-at-13.52.09.png","contentUrl":"http:\/\/timgabor.hu\/wp-content\/uploads\/2010\/05\/Screen-Shot-2014-10-15-at-13.52.09.png"},{"@type":"BreadcrumbList","@id":"https:\/\/timgabor.hu\/bajnoksag-allasa\/#breadcrumb","itemListElement":[{"@type":"ListItem","position":1,"name":"Kezd\u0151lap","item":"https:\/\/timgabor.hu\/"},{"@type":"ListItem","position":2,"name":"Bajnoks\u00e1g v\u00e9geredm\u00e9nye 2014"}]},{"@type":"WebSite","@id":"https:\/\/timgabor.hu\/#website","url":"https:\/\/timgabor.hu\/","name":"TimGabor.hu","description":"Tim G\u00e1bor hivatalos weboldala \/ H\u00e9tszeres bajnok aut\u00f3versenyz\u0151","publisher":{"@id":"https:\/\/timgabor.hu\/#\/schema\/person\/226226f5bdfe2a1cf1501afbb75ebd6a"},"potentialAction":[{"@type":"SearchAction","target":{"@type":"EntryPoint","urlTemplate":"https:\/\/timgabor.hu\/?s={search_term_string}"},"query-input":{"@type":"PropertyValueSpecification","valueRequired":true,"valueName":"search_term_string"}}],"inLanguage":"en-GB"},{"@type":["Person","Organization"],"@id":"https:\/\/timgabor.hu\/#\/schema\/person\/226226f5bdfe2a1cf1501afbb75ebd6a","name":"emerico","image":{"@type":"ImageObject","inLanguage":"en-GB","@id":"https:\/\/timgabor.hu\/wp-content\/uploads\/2021\/09\/timgabor2022-350x100-1.svg","url":"https:\/\/timgabor.hu\/wp-content\/uploads\/2021\/09\/timgabor2022-350x100-1.svg","contentUrl":"https:\/\/timgabor.hu\/wp-content\/uploads\/2021\/09\/timgabor2022-350x100-1.svg","width":350,"height":100,"caption":"emerico"},"logo":{"@id":"https:\/\/timgabor.hu\/wp-content\/uploads\/2021\/09\/timgabor2022-350x100-1.svg"}}]}},"_links":{"self":[{"href":"https:\/\/timgabor.hu\/en\/wp-json\/wp\/v2\/pages\/668","targetHints":{"allow":["GET"]}}],"collection":[{"href":"https:\/\/timgabor.hu\/en\/wp-json\/wp\/v2\/pages"}],"about":[{"href":"https:\/\/timgabor.hu\/en\/wp-json\/wp\/v2\/types\/page"}],"author":[{"embeddable":true,"href":"https:\/\/timgabor.hu\/en\/wp-json\/wp\/v2\/users\/1"}],"replies":[{"embeddable":true,"href":"https:\/\/timgabor.hu\/en\/wp-json\/wp\/v2\/comments?post=668"}],"version-history":[{"count":51,"href":"https:\/\/timgabor.hu\/en\/wp-json\/wp\/v2\/pages\/668\/revisions"}],"predecessor-version":[{"id":3917,"href":"https:\/\/timgabor.hu\/en\/wp-json\/wp\/v2\/pages\/668\/revisions\/3917"}],"wp:attachment":[{"href":"https:\/\/timgabor.hu\/en\/wp-json\/wp\/v2\/media?parent=668"}],"curies":[{"name":"wp","href":"https:\/\/api.w.org\/{rel}","templated":true}]}}