{"id":4483,"date":"2017-05-05T14:15:54","date_gmt":"2017-05-05T12:15:54","guid":{"rendered":"http:\/\/timgabor.hu\/?page_id=4483"},"modified":"2017-05-05T14:21:45","modified_gmt":"2017-05-05T12:21:45","slug":"marb-2017","status":"publish","type":"page","link":"https:\/\/timgabor.hu\/en\/marb-2017\/","title":{"rendered":"MARB 2017"},"content":{"rendered":"<div class=\"wpsm_comptable_shortcode_echo\">\t\t\t\t\t\t<div class=\"wpsm-comptable-wrap\">\n\t\t\t\t<table id=\"wpsm-table-5\" class=\"wpsm-comptable  wpsm-comptable-responsive\">\n\t\t\t\t\t\t\t\t\t<thead class=\"wpsm-thead wpsm-thead-default\">\n\t\t\t\t\t\t<tr>\t\t\t\t\t\t\t\n\t\t\t\t\t\t\t\t\t\t\t\t\t\t\t\t\t\t\t\t\t\t\t\t<th>Date<\/th>\n\t\t\t\t\t\t\t\t\t\n\t\t\t\t\t\t\t\t\n\t\t\t\t\t\t\t\t\t\t\t\t\t\t\t\t\t\t\t\t\t\t\t\t<th>Megnevez\u00e9s<\/th>\n\t\t\t\t\t\t\t\t\t\n\t\t\t\t\t\t\t\t\n\t\t\t\t\t\t\t\t\t\t\t\t\t\t\t\t\t\t\t\t\t\t\t\t<th>Results<\/th>\n\t\t\t\t\t\t\t\t\t\n\t\t\t\t\t\t\t\t\n\t\t\t\t\t\t\t\t\t\t\t\t\t<\/tr>\n\t\t\t\t\t<\/thead>\n\t\t\t\t\t<tbody class=\"wpsm-tbody\">\n\t\t\t\t\t\t\t\t\t\t\t\t\t\t\t\t<tr>\t\t\t\t\t\t\t\t\t\t\t\t\t\t\t<td>\t\t\t\t\t\t\t\t\t\t\t\t\t\t\t\t\t\t\t\t\t\t\t\t\t\t2017. \u00e1prilis 22-23.\t\t\t\t\t\t\t\t\t\t\t\t\t\t\t\t<\/td>\n\t\t\t\t\t\t\t\t\t\t\t\t\t\t\t\t\t\t\t\t\t\t\t<td>\t\t\t\t\t\t\t\t\t\t\t\t\t\t\t\t\t\t\t\t\t\t\t\t\t\tKaz\u00e1r Rallye\t\t\t\t\t\t\t\t\t\t\t\t\t\t\t\t<\/td>\n\t\t\t\t\t\t\t\t\t\t\t\t\t\t\t\t\t\t\t\t\t\t\t<td>\t\t\t\t\t\t\t\t\t\t\t\t\t\t\t\t\t\t\t\t\t\t\t\t\t\t<a href=\"http:\/\/timgabor.hu\/en\/results\/2017\/01Villamszer-Kazar-Rallye-Vegeredmenyek.pdf\/\" target=\"_blank\">4.<\/a>\t\t\t\t\t\t\t\t\t\t\t\t\t\t\t\t<\/td>\n\t\t\t\t\t\t\t\t\t\t\t\t\t\t\t\t\t\t\t\t\t<\/tr>\n\t\t\t\t\t\t\t\t\t\t\t\t\t\t\t\t<tr>\t\t\t\t\t\t\t\t\t\t\t\t\t\t\t<td>\t\t\t\t\t\t\t\t\t\t\t\t\t\t\t\t\t\t\t\t\t\t\t\t\t\t2017. m\u00e1jus 27-28.\t\t\t\t\t\t\t\t\t\t\t\t\t\t\t\t<\/td>\n\t\t\t\t\t\t\t\t\t\t\t\t\t\t\t\t\t\t\t\t\t\t\t<td>\t\t\t\t\t\t\t\t\t\t\t\t\t\t\t\t\t\t\t\t\t\t\t\t\t\tBorsodn\u00e1dasd - Balaton Rallye\t\t\t\t\t\t\t\t\t\t\t\t\t\t\t\t<\/td>\n\t\t\t\t\t\t\t\t\t\t\t\t\t\t\t\t\t\t\t\t\t\t\t<td>\t\t\t\t\t\t\t\t\t\t\t\t\t\t\t\t\t\t\t\t\t\t\t\t\t\t<a href=\"http:\/\/timgabor.hu\/en\/results\/2017\/02Borsodnadasd-20170528-marb-absz.pdf\/\" target=\"_blank\">1.<\/a>\t\t\t\t\t\t\t\t\t\t\t\t\t\t\t\t<\/td>\n\t\t\t\t\t\t\t\t\t\t\t\t\t\t\t\t\t\t\t\t\t<\/tr>\n\t\t\t\t\t\t\t\t\t\t\t\t\t\t\t\t<tr>\t\t\t\t\t\t\t\t\t\t\t\t\t\t\t<td>\t\t\t\t\t\t\t\t\t\t\t\t\t\t\t\t\t\t\t\t\t\t\t\t\t\t2017. j\u00falius 1-2.\t\t\t\t\t\t\t\t\t\t\t\t\t\t\t\t<\/td>\n\t\t\t\t\t\t\t\t\t\t\t\t\t\t\t\t\t\t\t\t\t\t\t<td>\t\t\t\t\t\t\t\t\t\t\t\t\t\t\t\t\t\t\t\t\t\t\t\t\t\tDomah\u00e1za - Zabar Rallye\t\t\t\t\t\t\t\t\t\t\t\t\t\t\t\t<\/td>\n\t\t\t\t\t\t\t\t\t\t\t\t\t\t\t\t\t\t\t\t\t\t\t<td>\t\t\t\t\t\t\t\t\t\t\t\t\t\t\t\t\t\t\t\t\t\t\t\t\t\t<a href=\"http:\/\/timgabor.hu\/en\/results\/2017\/03Domahaza-20170702-marb-absz.pdf\/\" target=\"_blank\">1.<\/a>\t\t\t\t\t\t\t\t\t\t\t\t\t\t\t\t<\/td>\n\t\t\t\t\t\t\t\t\t\t\t\t\t\t\t\t\t\t\t\t\t<\/tr>\n\t\t\t\t\t\t\t\t\t\t\t\t\t\t\t\t<tr>\t\t\t\t\t\t\t\t\t\t\t\t\t\t\t<td>\t\t\t\t\t\t\t\t\t\t\t\t\t\t\t\t\t\t\t\t\t\t\t\t\t\t2017. j\u00falius 21-22.\t\t\t\t\t\t\t\t\t\t\t\t\t\t\t\t<\/td>\n\t\t\t\t\t\t\t\t\t\t\t\t\t\t\t\t\t\t\t\t\t\t\t<td>\t\t\t\t\t\t\t\t\t\t\t\t\t\t\t\t\t\t\t\t\t\t\t\t\t\tZob\u00e1kpuszta Rallye\t\t\t\t\t\t\t\t\t\t\t\t\t\t\t\t<\/td>\n\t\t\t\t\t\t\t\t\t\t\t\t\t\t\t\t\t\t\t\t\t\t\t<td>\t\t\t\t\t\t\t\t\t\t\t\t\t\t\t\t\t\t\t\t\t\t\t\t\t\t<a href=\"http:\/\/timgabor.hu\/en\/results\/2017\/04Zobakpuszta-Rallye-2017.pdf\/\" target=\"_blank\">9.<\/a>\t\t\t\t\t\t\t\t\t\t\t\t\t\t\t\t<\/td>\n\t\t\t\t\t\t\t\t\t\t\t\t\t\t\t\t\t\t\t\t\t<\/tr>\n\t\t\t\t\t\t\t\t\t\t\t\t\t\t\t\t<tr>\t\t\t\t\t\t\t\t\t\t\t\t\t\t\t<td>\t\t\t\t\t\t\t\t\t\t\t\t\t\t\t\t\t\t\t\t\t\t\t\t\t\t2017. augusztus 26-27.\t\t\t\t\t\t\t\t\t\t\t\t\t\t\t\t<\/td>\n\t\t\t\t\t\t\t\t\t\t\t\t\t\t\t\t\t\t\t\t\t\t\t<td>\t\t\t\t\t\t\t\t\t\t\t\t\t\t\t\t\t\t\t\t\t\t\t\t\t\tOroszl\u00e1ny Rallye\t\t\t\t\t\t\t\t\t\t\t\t\t\t\t\t<\/td>\n\t\t\t\t\t\t\t\t\t\t\t\t\t\t\t\t\t\t\t\t\t\t\t<td>\t\t\t\t\t\t\t\t\t\t\t\t\t\t\t\t\t\t\t\t\t\t\t\t\t\t<a href=\"http:\/\/timgabor.hu\/en\/results\/2017\/05Oroszlany-20170827-ra-marb-absz.pdf\/\" target=\"_blank\">2.<\/a>\t\t\t\t\t\t\t\t\t\t\t\t\t\t\t\t<\/td>\n\t\t\t\t\t\t\t\t\t\t\t\t\t\t\t\t\t\t\t\t\t<\/tr>\n\t\t\t\t\t\t\t\t\t\t\t\t\t\t\t\t<tr>\t\t\t\t\t\t\t\t\t\t\t\t\t\t\t<td>\t\t\t\t\t\t\t\t\t\t\t\t\t\t\t\t\t\t\t\t\t\t\t\t\t\t2017. szeptember 9-10.\t\t\t\t\t\t\t\t\t\t\t\t\t\t\t\t<\/td>\n\t\t\t\t\t\t\t\t\t\t\t\t\t\t\t\t\t\t\t\t\t\t\t<td>\t\t\t\t\t\t\t\t\t\t\t\t\t\t\t\t\t\t\t\t\t\t\t\t\t\tPorrogszentkir\u00e1ly Rallye\t\t\t\t\t\t\t\t\t\t\t\t\t\t\t\t<\/td>\n\t\t\t\t\t\t\t\t\t\t\t\t\t\t\t\t\t\t\t\t\t\t\t<td>\t\t\t\t\t\t\t\t\t\t\t\t\t\t\t\t\t\t\t\t\t\t\t\t\t\t<a href=\"http:\/\/timgabor.hu\/en\/results\/2017\/06Porrogszentkiraly-Rallye-2017-eredmenyek.pdf\/\" target=\"_blank\">DNF<\/a>\t\t\t\t\t\t\t\t\t\t\t\t\t\t\t\t<\/td>\n\t\t\t\t\t\t\t\t\t\t\t\t\t\t\t\t\t\t\t\t\t<\/tr>\n\t\t\t\t\t\t\t\t\t\t\t\t\t\t\t\t<tr>\t\t\t\t\t\t\t\t\t\t\t\t\t\t\t<td>\t\t\t\t\t\t\t\t\t\t\t\t\t\t\t\t\t\t\t\t\t\t\t\t\t\t2017. szeptember 16-17.\t\t\t\t\t\t\t\t\t\t\t\t\t\t\t\t<\/td>\n\t\t\t\t\t\t\t\t\t\t\t\t\t\t\t\t\t\t\t\t\t\t\t<td>\t\t\t\t\t\t\t\t\t\t\t\t\t\t\t\t\t\t\t\t\t\t\t\t\t\tLyuk\u00f3b\u00e1nya - Parasznya Rally\t\t\t\t\t\t\t\t\t\t\t\t\t\t\t\t<\/td>\n\t\t\t\t\t\t\t\t\t\t\t\t\t\t\t\t\t\t\t\t\t\t\t<td>\t\t\t\t\t\t\t\t\t\t\t\t\t\t\t\t\t\t\t\t\t\t\t\t\t\t<a href=\"http:\/\/timgabor.hu\/en\/results\/2017\/07Lyukobanya-Parasznya-Rallye-2017-Abszolut.pdf\/\" target=\"_blank\">7.<\/a>\t\t\t\t\t\t\t\t\t\t\t\t\t\t\t\t<\/td>\n\t\t\t\t\t\t\t\t\t\t\t\t\t\t\t\t\t\t\t\t\t<\/tr>\n\t\t\t\t\t\t\t\t\t\t\t\t\t\t\t\t<tr>\t\t\t\t\t\t\t\t\t\t\t\t\t\t\t<td>\t\t\t\t\t\t\t\t\t\t\t\t\t\t\t\t\t\t\t\t\t\t\t\t\t\t2017. szeptember 30. - Okt\u00f3ber 1.\t\t\t\t\t\t\t\t\t\t\t\t\t\t\t\t<\/td>\n\t\t\t\t\t\t\t\t\t\t\t\t\t\t\t\t\t\t\t\t\t\t\t<td>\t\t\t\t\t\t\t\t\t\t\t\t\t\t\t\t\t\t\t\t\t\t\t\t\t\tRemeter\u00e9t - \u00c1rp\u00e1dtet\u0151 Rallye\t\t\t\t\t\t\t\t\t\t\t\t\t\t\t\t<\/td>\n\t\t\t\t\t\t\t\t\t\t\t\t\t\t\t\t\t\t\t\t\t\t\t<td>\t\t\t\t\t\t\t\t\t\t\t\t\t\t\t\t\t\t\t\t\t\t\t\t\t\t<a href=\"http:\/\/timgabor.hu\/en\/results\/2017\/08Remeteret-Arpadtet%C5%91-Rallye-2017.pdf\/\" target=\"_blank\">7.<\/a>\t\t\t\t\t\t\t\t\t\t\t\t\t\t\t\t<\/td>\n\t\t\t\t\t\t\t\t\t\t\t\t\t\t\t\t\t\t\t\t\t<\/tr>\n\t\t\t\t\t\t\t\t\t\t\t\t\t\t\t\t<tr>\t\t\t\t\t\t\t\t\t\t\t\t\t\t\t<td>\t\t\t\t\t\t\t\t\t\t\t\t\t\t\t\t\t\t\t\t\t\t\t\t\t\t2017. okt\u00f3ber 7-8.\t\t\t\t\t\t\t\t\t\t\t\t\t\t\t\t<\/td>\n\t\t\t\t\t\t\t\t\t\t\t\t\t\t\t\t\t\t\t\t\t\t\t<td>\t\t\t\t\t\t\t\t\t\t\t\t\t\t\t\t\t\t\t\t\t\t\t\t\t\tFels\u0151ny\u00e1r\u00e1d - Saj\u00f3kaza Rallye\t\t\t\t\t\t\t\t\t\t\t\t\t\t\t\t<\/td>\n\t\t\t\t\t\t\t\t\t\t\t\t\t\t\t\t\t\t\t\t\t\t\t<td>\t\t\t\t\t\t\t\t\t\t\t\t\t\t\t\t\t\t\t\t\t\t\t\t\t\t<a href=\"http:\/\/timgabor.hu\/en\/results\/2017\/09Fels%C5%91nyarad-Sajokaza-2017-Rallye-Abszolut.pdf\/\" target=\"_blank\">1.<\/a>\t\t\t\t\t\t\t\t\t\t\t\t\t\t\t\t<\/td>\n\t\t\t\t\t\t\t\t\t\t\t\t\t\t\t\t\t\t\t\t\t<\/tr>\n\t\t\t\t\t\t\t\t\t\t\t\t\t\t\t\t<tr>\t\t\t\t\t\t\t\t\t\t\t\t\t\t\t<td>\t\t\t\t\t\t\t\t\t\t\t\t\t\t\t\t\t\t\t\t\t\t\t\t\t\t2017. november 11-12.\t\t\t\t\t\t\t\t\t\t\t\t\t\t\t\t<\/td>\n\t\t\t\t\t\t\t\t\t\t\t\t\t\t\t\t\t\t\t\t\t\t\t<td>\t\t\t\t\t\t\t\t\t\t\t\t\t\t\t\t\t\t\t\t\t\t\t\t\t\tB\u00f3zsva - Telkib\u00e1nya Rallye\t\t\t\t\t\t\t\t\t\t\t\t\t\t\t\t<\/td>\n\t\t\t\t\t\t\t\t\t\t\t\t\t\t\t\t\t\t\t\t\t\t\t<td>\t\t\t\t\t\t\t\t\t\t\t\t\t\t\t\t\t\t\t\t\t\t\t\t\t\t<a href=\"http:\/\/timgabor.hu\/en\/results\/2017\/1020171112-Marb-Eszak-Absz.pdf\/\" target=\"_blank\">5.<\/a>\t\t\t\t\t\t\t\t\t\t\t\t\t\t\t\t<\/td>\n\t\t\t\t\t\t\t\t\t\t\t\t\t\t\t\t\t\t\t\t\t<\/tr>\n\t\t\t\t\t\t\t\t\t\t<\/tbody>\n\t\t\t\t<\/table>\n\t\t\t<\/div>\n\t\t<\/div>","protected":false},"excerpt":{"rendered":"","protected":false},"author":1,"featured_media":0,"parent":0,"menu_order":0,"comment_status":"closed","ping_status":"closed","template":"","meta":{"footnotes":""},"class_list":["post-4483","page","type-page","status-publish","hentry"],"yoast_head":"<!-- This site is optimized with the Yoast SEO Premium plugin v25.1 (Yoast SEO v24.2) - https:\/\/yoast.com\/wordpress\/plugins\/seo\/ -->\n<title>MARB 2017 - TimGabor.hu<\/title>\n<meta name=\"robots\" content=\"index, follow, max-snippet:-1, max-image-preview:large, max-video-preview:-1\" \/>\n<link rel=\"canonical\" href=\"https:\/\/timgabor.hu\/en\/marb-2017\/\" \/>\n<meta property=\"og:locale\" content=\"en_GB\" \/>\n<meta property=\"og:type\" content=\"article\" \/>\n<meta property=\"og:title\" content=\"MARB 2017 - TimGabor.hu\" \/>\n<meta property=\"og:url\" content=\"https:\/\/timgabor.hu\/en\/marb-2017\/\" \/>\n<meta property=\"og:site_name\" content=\"TimGabor.hu\" \/>\n<meta property=\"article:modified_time\" content=\"2017-05-05T12:21:45+00:00\" \/>\n<meta name=\"twitter:card\" content=\"summary_large_image\" \/>\n<script type=\"application\/ld+json\" class=\"yoast-schema-graph\">{\"@context\":\"https:\/\/schema.org\",\"@graph\":[{\"@type\":\"WebPage\",\"@id\":\"https:\/\/timgabor.hu\/marb-2017\/\",\"url\":\"https:\/\/timgabor.hu\/marb-2017\/\",\"name\":\"MARB 2017 - TimGabor.hu\",\"isPartOf\":{\"@id\":\"https:\/\/timgabor.hu\/#website\"},\"datePublished\":\"2017-05-05T12:15:54+00:00\",\"dateModified\":\"2017-05-05T12:21:45+00:00\",\"breadcrumb\":{\"@id\":\"https:\/\/timgabor.hu\/marb-2017\/#breadcrumb\"},\"inLanguage\":\"en-GB\",\"potentialAction\":[{\"@type\":\"ReadAction\",\"target\":[\"https:\/\/timgabor.hu\/marb-2017\/\"]}]},{\"@type\":\"BreadcrumbList\",\"@id\":\"https:\/\/timgabor.hu\/marb-2017\/#breadcrumb\",\"itemListElement\":[{\"@type\":\"ListItem\",\"position\":1,\"name\":\"Kezd\u0151lap\",\"item\":\"https:\/\/timgabor.hu\/\"},{\"@type\":\"ListItem\",\"position\":2,\"name\":\"MARB 2017\"}]},{\"@type\":\"WebSite\",\"@id\":\"https:\/\/timgabor.hu\/#website\",\"url\":\"https:\/\/timgabor.hu\/\",\"name\":\"TimGabor.hu\",\"description\":\"Tim G\u00e1bor hivatalos weboldala \/ H\u00e9tszeres bajnok aut\u00f3versenyz\u0151\",\"publisher\":{\"@id\":\"https:\/\/timgabor.hu\/#\/schema\/person\/226226f5bdfe2a1cf1501afbb75ebd6a\"},\"potentialAction\":[{\"@type\":\"SearchAction\",\"target\":{\"@type\":\"EntryPoint\",\"urlTemplate\":\"https:\/\/timgabor.hu\/?s={search_term_string}\"},\"query-input\":{\"@type\":\"PropertyValueSpecification\",\"valueRequired\":true,\"valueName\":\"search_term_string\"}}],\"inLanguage\":\"en-GB\"},{\"@type\":[\"Person\",\"Organization\"],\"@id\":\"https:\/\/timgabor.hu\/#\/schema\/person\/226226f5bdfe2a1cf1501afbb75ebd6a\",\"name\":\"emerico\",\"image\":{\"@type\":\"ImageObject\",\"inLanguage\":\"en-GB\",\"@id\":\"https:\/\/timgabor.hu\/#\/schema\/person\/image\/\",\"url\":\"https:\/\/timgabor.hu\/wp-content\/uploads\/2021\/09\/timgabor2022-350x100-1.svg\",\"contentUrl\":\"https:\/\/timgabor.hu\/wp-content\/uploads\/2021\/09\/timgabor2022-350x100-1.svg\",\"width\":350,\"height\":100,\"caption\":\"emerico\"},\"logo\":{\"@id\":\"https:\/\/timgabor.hu\/#\/schema\/person\/image\/\"}}]}<\/script>\n<!-- \/ Yoast SEO Premium plugin. -->","yoast_head_json":{"title":"MARB 2017 - TimGabor.hu","robots":{"index":"index","follow":"follow","max-snippet":"max-snippet:-1","max-image-preview":"max-image-preview:large","max-video-preview":"max-video-preview:-1"},"canonical":"https:\/\/timgabor.hu\/en\/marb-2017\/","og_locale":"en_GB","og_type":"article","og_title":"MARB 2017 - TimGabor.hu","og_url":"https:\/\/timgabor.hu\/en\/marb-2017\/","og_site_name":"TimGabor.hu","article_modified_time":"2017-05-05T12:21:45+00:00","twitter_card":"summary_large_image","schema":{"@context":"https:\/\/schema.org","@graph":[{"@type":"WebPage","@id":"https:\/\/timgabor.hu\/marb-2017\/","url":"https:\/\/timgabor.hu\/marb-2017\/","name":"MARB 2017 - TimGabor.hu","isPartOf":{"@id":"https:\/\/timgabor.hu\/#website"},"datePublished":"2017-05-05T12:15:54+00:00","dateModified":"2017-05-05T12:21:45+00:00","breadcrumb":{"@id":"https:\/\/timgabor.hu\/marb-2017\/#breadcrumb"},"inLanguage":"en-GB","potentialAction":[{"@type":"ReadAction","target":["https:\/\/timgabor.hu\/marb-2017\/"]}]},{"@type":"BreadcrumbList","@id":"https:\/\/timgabor.hu\/marb-2017\/#breadcrumb","itemListElement":[{"@type":"ListItem","position":1,"name":"Kezd\u0151lap","item":"https:\/\/timgabor.hu\/"},{"@type":"ListItem","position":2,"name":"MARB 2017"}]},{"@type":"WebSite","@id":"https:\/\/timgabor.hu\/#website","url":"https:\/\/timgabor.hu\/","name":"TimGabor.hu","description":"Tim G\u00e1bor hivatalos weboldala \/ H\u00e9tszeres bajnok aut\u00f3versenyz\u0151","publisher":{"@id":"https:\/\/timgabor.hu\/#\/schema\/person\/226226f5bdfe2a1cf1501afbb75ebd6a"},"potentialAction":[{"@type":"SearchAction","target":{"@type":"EntryPoint","urlTemplate":"https:\/\/timgabor.hu\/?s={search_term_string}"},"query-input":{"@type":"PropertyValueSpecification","valueRequired":true,"valueName":"search_term_string"}}],"inLanguage":"en-GB"},{"@type":["Person","Organization"],"@id":"https:\/\/timgabor.hu\/#\/schema\/person\/226226f5bdfe2a1cf1501afbb75ebd6a","name":"emerico","image":{"@type":"ImageObject","inLanguage":"en-GB","@id":"https:\/\/timgabor.hu\/#\/schema\/person\/image\/","url":"https:\/\/timgabor.hu\/wp-content\/uploads\/2021\/09\/timgabor2022-350x100-1.svg","contentUrl":"https:\/\/timgabor.hu\/wp-content\/uploads\/2021\/09\/timgabor2022-350x100-1.svg","width":350,"height":100,"caption":"emerico"},"logo":{"@id":"https:\/\/timgabor.hu\/#\/schema\/person\/image\/"}}]}},"_links":{"self":[{"href":"https:\/\/timgabor.hu\/en\/wp-json\/wp\/v2\/pages\/4483"}],"collection":[{"href":"https:\/\/timgabor.hu\/en\/wp-json\/wp\/v2\/pages"}],"about":[{"href":"https:\/\/timgabor.hu\/en\/wp-json\/wp\/v2\/types\/page"}],"author":[{"embeddable":true,"href":"https:\/\/timgabor.hu\/en\/wp-json\/wp\/v2\/users\/1"}],"replies":[{"embeddable":true,"href":"https:\/\/timgabor.hu\/en\/wp-json\/wp\/v2\/comments?post=4483"}],"version-history":[{"count":2,"href":"https:\/\/timgabor.hu\/en\/wp-json\/wp\/v2\/pages\/4483\/revisions"}],"predecessor-version":[{"id":4486,"href":"https:\/\/timgabor.hu\/en\/wp-json\/wp\/v2\/pages\/4483\/revisions\/4486"}],"wp:attachment":[{"href":"https:\/\/timgabor.hu\/en\/wp-json\/wp\/v2\/media?parent=4483"}],"curies":[{"name":"wp","href":"https:\/\/api.w.org\/{rel}","templated":true}]}}