{"id":3700,"date":"2015-06-25T12:04:51","date_gmt":"2015-06-25T10:04:51","guid":{"rendered":"http:\/\/timgabor.hu\/gabortim2010\/?page_id=3700"},"modified":"2016-01-06T12:18:25","modified_gmt":"2016-01-06T10:18:25","slug":"bajnoksag-allasa-2","status":"publish","type":"page","link":"https:\/\/timgabor.hu\/en\/bajnoksag-allasa-2\/","title":{"rendered":"Bajnoks\u00e1g v\u00e9gerem\u00e9nye 2015"},"content":{"rendered":"<p style=\"text-align: center;\"><a href=\"https:\/\/www.scribd.com\/doc\/294721390\/RCM-CUP-2015\" target=\"_blank\">RCM CUP 2015 bajnoks\u00e1g v\u00e9geredm\u00e9nye<\/a><br \/>\n<em>(A 8. verseny ut\u00e1n elhagytuk a bajnoks\u00e1got)<\/em><\/p>\n<p style=\"text-align: center;\"><a href=\"https:\/\/www.scribd.com\/doc\/294721359\/Swift-Cup-Europe-2015\" target=\"_blank\">Swift Cup Europe bajnoks\u00e1g v\u00e9geredm\u00e9nye<\/a><br \/>\n<em>(A bajnoks\u00e1g fel\u00e9n\u00e9l csatlakoztunk)<\/em><\/p>\n<p style=\"text-align: center;\"><a href=\"?page_id=668\">Arch\u00edvum 2010-2014<\/a><\/p>","protected":false},"excerpt":{"rendered":"<p>RCM CUP 2015 bajnoks\u00e1g v\u00e9geredm\u00e9nye (A 8. verseny ut\u00e1n elhagytuk a bajnoks\u00e1got) Swift Cup Europe bajnoks\u00e1g v\u00e9geredm\u00e9nye (A bajnoks\u00e1g fel\u00e9n\u00e9l csatlakoztunk) Arch\u00edvum 2010-2014<\/p>","protected":false},"author":1,"featured_media":0,"parent":0,"menu_order":0,"comment_status":"open","ping_status":"open","template":"","meta":{"footnotes":""},"class_list":["post-3700","page","type-page","status-publish","hentry"],"yoast_head":"<!-- This site is optimized with the Yoast SEO plugin v27.4 - https:\/\/yoast.com\/product\/yoast-seo-wordpress\/ -->\n<title>Bajnoks\u00e1g v\u00e9gerem\u00e9nye 2015 - TimGabor.hu<\/title>\n<meta name=\"robots\" content=\"index, follow, max-snippet:-1, max-image-preview:large, max-video-preview:-1\" \/>\n<link rel=\"canonical\" href=\"https:\/\/timgabor.hu\/en\/bajnoksag-allasa-2\/\" \/>\n<meta property=\"og:locale\" content=\"en_GB\" \/>\n<meta property=\"og:type\" content=\"article\" \/>\n<meta property=\"og:title\" content=\"Bajnoks\u00e1g v\u00e9gerem\u00e9nye 2015 - TimGabor.hu\" \/>\n<meta property=\"og:description\" content=\"RCM CUP 2015 bajnoks\u00e1g v\u00e9geredm\u00e9nye (A 8. verseny ut\u00e1n elhagytuk a bajnoks\u00e1got) Swift Cup Europe bajnoks\u00e1g v\u00e9geredm\u00e9nye (A bajnoks\u00e1g fel\u00e9n\u00e9l csatlakoztunk) Arch\u00edvum 2010-2014\" \/>\n<meta property=\"og:url\" content=\"https:\/\/timgabor.hu\/en\/bajnoksag-allasa-2\/\" \/>\n<meta property=\"og:site_name\" content=\"TimGabor.hu\" \/>\n<meta property=\"article:modified_time\" content=\"2016-01-06T10:18:25+00:00\" \/>\n<meta name=\"twitter:card\" content=\"summary_large_image\" \/>\n<script type=\"application\/ld+json\" class=\"yoast-schema-graph\">{\"@context\":\"https:\\\/\\\/schema.org\",\"@graph\":[{\"@type\":\"WebPage\",\"@id\":\"https:\\\/\\\/timgabor.hu\\\/bajnoksag-allasa-2\\\/\",\"url\":\"https:\\\/\\\/timgabor.hu\\\/bajnoksag-allasa-2\\\/\",\"name\":\"Bajnoks\u00e1g v\u00e9gerem\u00e9nye 2015 - TimGabor.hu\",\"isPartOf\":{\"@id\":\"https:\\\/\\\/timgabor.hu\\\/#website\"},\"datePublished\":\"2015-06-25T10:04:51+00:00\",\"dateModified\":\"2016-01-06T10:18:25+00:00\",\"breadcrumb\":{\"@id\":\"https:\\\/\\\/timgabor.hu\\\/bajnoksag-allasa-2\\\/#breadcrumb\"},\"inLanguage\":\"en-GB\",\"potentialAction\":[{\"@type\":\"ReadAction\",\"target\":[\"https:\\\/\\\/timgabor.hu\\\/bajnoksag-allasa-2\\\/\"]}]},{\"@type\":\"BreadcrumbList\",\"@id\":\"https:\\\/\\\/timgabor.hu\\\/bajnoksag-allasa-2\\\/#breadcrumb\",\"itemListElement\":[{\"@type\":\"ListItem\",\"position\":1,\"name\":\"Kezd\u0151lap\",\"item\":\"https:\\\/\\\/timgabor.hu\\\/\"},{\"@type\":\"ListItem\",\"position\":2,\"name\":\"Bajnoks\u00e1g v\u00e9gerem\u00e9nye 2015\"}]},{\"@type\":\"WebSite\",\"@id\":\"https:\\\/\\\/timgabor.hu\\\/#website\",\"url\":\"https:\\\/\\\/timgabor.hu\\\/\",\"name\":\"TimGabor.hu\",\"description\":\"Tim G\u00e1bor hivatalos weboldala \\\/ H\u00e9tszeres bajnok aut\u00f3versenyz\u0151\",\"publisher\":{\"@id\":\"https:\\\/\\\/timgabor.hu\\\/#\\\/schema\\\/person\\\/226226f5bdfe2a1cf1501afbb75ebd6a\"},\"potentialAction\":[{\"@type\":\"SearchAction\",\"target\":{\"@type\":\"EntryPoint\",\"urlTemplate\":\"https:\\\/\\\/timgabor.hu\\\/?s={search_term_string}\"},\"query-input\":{\"@type\":\"PropertyValueSpecification\",\"valueRequired\":true,\"valueName\":\"search_term_string\"}}],\"inLanguage\":\"en-GB\"},{\"@type\":[\"Person\",\"Organization\"],\"@id\":\"https:\\\/\\\/timgabor.hu\\\/#\\\/schema\\\/person\\\/226226f5bdfe2a1cf1501afbb75ebd6a\",\"name\":\"emerico\",\"image\":{\"@type\":\"ImageObject\",\"inLanguage\":\"en-GB\",\"@id\":\"https:\\\/\\\/timgabor.hu\\\/wp-content\\\/uploads\\\/2021\\\/09\\\/timgabor2022-350x100-1.svg\",\"url\":\"https:\\\/\\\/timgabor.hu\\\/wp-content\\\/uploads\\\/2021\\\/09\\\/timgabor2022-350x100-1.svg\",\"contentUrl\":\"https:\\\/\\\/timgabor.hu\\\/wp-content\\\/uploads\\\/2021\\\/09\\\/timgabor2022-350x100-1.svg\",\"width\":350,\"height\":100,\"caption\":\"emerico\"},\"logo\":{\"@id\":\"https:\\\/\\\/timgabor.hu\\\/wp-content\\\/uploads\\\/2021\\\/09\\\/timgabor2022-350x100-1.svg\"}}]}<\/script>\n<!-- \/ Yoast SEO plugin. -->","yoast_head_json":{"title":"Bajnoks\u00e1g v\u00e9gerem\u00e9nye 2015 - TimGabor.hu","robots":{"index":"index","follow":"follow","max-snippet":"max-snippet:-1","max-image-preview":"max-image-preview:large","max-video-preview":"max-video-preview:-1"},"canonical":"https:\/\/timgabor.hu\/en\/bajnoksag-allasa-2\/","og_locale":"en_GB","og_type":"article","og_title":"Bajnoks\u00e1g v\u00e9gerem\u00e9nye 2015 - TimGabor.hu","og_description":"RCM CUP 2015 bajnoks\u00e1g v\u00e9geredm\u00e9nye (A 8. verseny ut\u00e1n elhagytuk a bajnoks\u00e1got) Swift Cup Europe bajnoks\u00e1g v\u00e9geredm\u00e9nye (A bajnoks\u00e1g fel\u00e9n\u00e9l csatlakoztunk) Arch\u00edvum 2010-2014","og_url":"https:\/\/timgabor.hu\/en\/bajnoksag-allasa-2\/","og_site_name":"TimGabor.hu","article_modified_time":"2016-01-06T10:18:25+00:00","twitter_card":"summary_large_image","schema":{"@context":"https:\/\/schema.org","@graph":[{"@type":"WebPage","@id":"https:\/\/timgabor.hu\/bajnoksag-allasa-2\/","url":"https:\/\/timgabor.hu\/bajnoksag-allasa-2\/","name":"Bajnoks\u00e1g v\u00e9gerem\u00e9nye 2015 - TimGabor.hu","isPartOf":{"@id":"https:\/\/timgabor.hu\/#website"},"datePublished":"2015-06-25T10:04:51+00:00","dateModified":"2016-01-06T10:18:25+00:00","breadcrumb":{"@id":"https:\/\/timgabor.hu\/bajnoksag-allasa-2\/#breadcrumb"},"inLanguage":"en-GB","potentialAction":[{"@type":"ReadAction","target":["https:\/\/timgabor.hu\/bajnoksag-allasa-2\/"]}]},{"@type":"BreadcrumbList","@id":"https:\/\/timgabor.hu\/bajnoksag-allasa-2\/#breadcrumb","itemListElement":[{"@type":"ListItem","position":1,"name":"Kezd\u0151lap","item":"https:\/\/timgabor.hu\/"},{"@type":"ListItem","position":2,"name":"Bajnoks\u00e1g v\u00e9gerem\u00e9nye 2015"}]},{"@type":"WebSite","@id":"https:\/\/timgabor.hu\/#website","url":"https:\/\/timgabor.hu\/","name":"TimGabor.hu","description":"Tim G\u00e1bor hivatalos weboldala \/ H\u00e9tszeres bajnok aut\u00f3versenyz\u0151","publisher":{"@id":"https:\/\/timgabor.hu\/#\/schema\/person\/226226f5bdfe2a1cf1501afbb75ebd6a"},"potentialAction":[{"@type":"SearchAction","target":{"@type":"EntryPoint","urlTemplate":"https:\/\/timgabor.hu\/?s={search_term_string}"},"query-input":{"@type":"PropertyValueSpecification","valueRequired":true,"valueName":"search_term_string"}}],"inLanguage":"en-GB"},{"@type":["Person","Organization"],"@id":"https:\/\/timgabor.hu\/#\/schema\/person\/226226f5bdfe2a1cf1501afbb75ebd6a","name":"emerico","image":{"@type":"ImageObject","inLanguage":"en-GB","@id":"https:\/\/timgabor.hu\/wp-content\/uploads\/2021\/09\/timgabor2022-350x100-1.svg","url":"https:\/\/timgabor.hu\/wp-content\/uploads\/2021\/09\/timgabor2022-350x100-1.svg","contentUrl":"https:\/\/timgabor.hu\/wp-content\/uploads\/2021\/09\/timgabor2022-350x100-1.svg","width":350,"height":100,"caption":"emerico"},"logo":{"@id":"https:\/\/timgabor.hu\/wp-content\/uploads\/2021\/09\/timgabor2022-350x100-1.svg"}}]}},"_links":{"self":[{"href":"https:\/\/timgabor.hu\/en\/wp-json\/wp\/v2\/pages\/3700","targetHints":{"allow":["GET"]}}],"collection":[{"href":"https:\/\/timgabor.hu\/en\/wp-json\/wp\/v2\/pages"}],"about":[{"href":"https:\/\/timgabor.hu\/en\/wp-json\/wp\/v2\/types\/page"}],"author":[{"embeddable":true,"href":"https:\/\/timgabor.hu\/en\/wp-json\/wp\/v2\/users\/1"}],"replies":[{"embeddable":true,"href":"https:\/\/timgabor.hu\/en\/wp-json\/wp\/v2\/comments?post=3700"}],"version-history":[{"count":6,"href":"https:\/\/timgabor.hu\/en\/wp-json\/wp\/v2\/pages\/3700\/revisions"}],"predecessor-version":[{"id":3913,"href":"https:\/\/timgabor.hu\/en\/wp-json\/wp\/v2\/pages\/3700\/revisions\/3913"}],"wp:attachment":[{"href":"https:\/\/timgabor.hu\/en\/wp-json\/wp\/v2\/media?parent=3700"}],"curies":[{"name":"wp","href":"https:\/\/api.w.org\/{rel}","templated":true}]}}