{"id":3689,"date":"2015-06-24T13:09:25","date_gmt":"2015-06-24T11:09:25","guid":{"rendered":"http:\/\/timgabor.hu\/gabortim2010\/?page_id=3689"},"modified":"2016-01-06T14:29:34","modified_gmt":"2016-01-06T12:29:34","slug":"eredmenyek-3","status":"publish","type":"page","link":"https:\/\/timgabor.hu\/en\/eredmenyek-3\/","title":{"rendered":"Eredm\u00e9nyek 2015"},"content":{"rendered":"<h2 id=\"stcpDiv\" style=\"text-align: center;\">RCM CUP 2015<\/h2>\n<p style=\"text-align: center;\">\u00c1prilis 25.-26. Hungaroring (HUN)<br \/>\n<a href=\"https:\/\/www.scribd.com\/doc\/269560126\/RCM-CUP-Hungaroring-04-24-Qualify\" target=\"_blank\">id\u0151m\u00e9r\u00e9s<\/a> \u2022 <a href=\"https:\/\/www.scribd.com\/doc\/269560323\/RCM-CUP-Hungaroring-04-25-R1\" target=\"_blank\">verseny 1.<\/a> \u2022 <a href=\"https:\/\/www.scribd.com\/doc\/269560348\/RCM-CUP-Hungaroring-04-26-R2\" target=\"_blank\">verseny 2.<\/a><\/p>\n<p style=\"text-align: center;\">J\u00fanius 12.-13. Rijeka, Grobnik (HR)<br \/>\n<a href=\"https:\/\/www.scribd.com\/doc\/269562219\/RCM-CUP-Grobnik-Q\" target=\"_blank\">id\u0151m\u00e9r\u00e9s<\/a> \u2022 <a href=\"https:\/\/www.scribd.com\/doc\/269562309\/RCM-CUP-Grobnik-R1\" target=\"_blank\">verseny 1.<\/a> \u2022 <a href=\"https:\/\/www.scribd.com\/doc\/269562374\/RCM-CUP-Grobnik-R2\" target=\"_blank\">verseny 2.<\/a><\/p>\n<p style=\"text-align: center;\">J\u00falius 4-5. Slovakiaring (SK)<br \/>\n<a href=\"https:\/\/www.scribd.com\/doc\/274281688\/Slovakiaring-RCM-CUP\" target=\"_blank\">id\u0151m\u00e9r\u00e9s \u2022 verseny 1. \u2022 verseny 2.<\/a><\/p>\n<p style=\"text-align: center;\">Augusztus 1.-2.\u00a0 Pannoniaring (HUN)<br \/>\nid\u0151m\u00e9r\u00e9s \u2022 <a href=\"https:\/\/www.scribd.com\/doc\/274281812\/OB-IX-kat-RCM-kupa-HIVATALOS-EREDMENY-OFFICIAL-RESULT-pdf\" target=\"_blank\">verseny 1.<\/a> \u2022 <a href=\"https:\/\/www.scribd.com\/doc\/274281719\/Ob-Ix-kat-Rcm-Kupa-Hivatalos-Eredmeny-Official-Result-2\" target=\"_blank\">verseny 2.<\/a><\/p>\n<p style=\"text-align: center;\"><em>A bajnoks\u00e1gt\u00f3l <a href=\"http:\/\/timgabor.hu\/en\/?p=3755\">visszal\u00e9pt\u00fcnk<\/a>, \u00e9s az FIA Suzuki Swift Cup-ban folytattuk az id\u00e9nyt.<br \/>\n<\/em><\/p>\n<h2 id=\"stcpDiv\" style=\"text-align: center;\">FIA Swift Cup Europe 2015<\/h2>\n<p style=\"text-align: center;\"><em>Half season in 2015<\/em><\/p>\n<p style=\"text-align: center;\">J\u00falius 24-25. Salzburgring (AT)<br \/>\n<a href=\"https:\/\/www.scribd.com\/doc\/294726196\/FIA-Swift-Cup-Europe-Salzburgring-Q\" target=\"_blank\">id\u0151m\u00e9r\u00e9s<\/a> \u2022 <a href=\"https:\/\/www.scribd.com\/doc\/294726265\/FIA-Swift-Cup-Europe-Salzburgring-R1\" target=\"_blank\">verseny 1.<\/a> \u2022 <a href=\"https:\/\/www.scribd.com\/doc\/294726332\/FIA-Swift-Cup-Europe-Salzburgring-R2\" target=\"_blank\">verseny 2.<\/a><\/p>\n<p style=\"text-align: center;\">Szeptember 4-6. Hungaroring (HUN)<br \/>\n<a href=\"https:\/\/www.scribd.com\/doc\/294726487\/FIA-Swift-Cup-Europe-Hungaroring-Truck-Race-Q\" target=\"_blank\">id\u0151m\u00e9r\u00e9s<\/a> \u2022 <a href=\"https:\/\/www.scribd.com\/doc\/294726518\/FIA-Swift-Cup-Europe-Hungaroring-Truck-Race-R1\" target=\"_blank\">verseny 1.<\/a> \u2022 <a href=\"https:\/\/www.scribd.com\/doc\/294726585\/FIA-Swift-Cup-Europe-Hungaroring-Truck-Race-R2\" target=\"_blank\">verseny 2.<\/a> \u2022 <a href=\"https:\/\/www.scribd.com\/doc\/294726619\/FIA-Swift-Cup-Europe-Hungaroring-Truck-Race-R2\" target=\"_blank\">verseny 3.<\/a><\/p>\n<p style=\"text-align: center;\">Szeptember 25-7. Red Bull Ring (HUN)<br \/>\n<a href=\"https:\/\/www.scribd.com\/doc\/294726684\/FIA-Swift-Cup-Europe-Red-Bull-Ring-final-Q\" target=\"_blank\">id\u0151m\u00e9r\u00e9s<\/a> \u2022 <a href=\"https:\/\/www.scribd.com\/doc\/294729158\/FIA-Swift-Cup-Europe-Red-Bull-Ring-final-R1\" target=\"_blank\">verseny 1.<\/a> \u2022 <a href=\"https:\/\/www.scribd.com\/doc\/294729183\/FIA-Swift-Cup-Europe-Red-Bull-Ring-final-R2\" target=\"_blank\">verseny 2.<\/a><\/p>\n<p style=\"text-align: center;\"><a href=\"?page_id=3177\">Arch\u00edvum 2014-2010<\/a><\/p>","protected":false},"excerpt":{"rendered":"<p>RCM CUP 2015 \u00c1prilis 25.-26. Hungaroring (HUN) id\u0151m\u00e9r\u00e9s \u2022 verseny 1. \u2022 verseny 2. J\u00fanius 12.-13. Rijeka, Grobnik (HR) id\u0151m\u00e9r\u00e9s \u2022 verseny 1. \u2022 verseny 2. J\u00falius 4-5. Slovakiaring (SK) id\u0151m\u00e9r\u00e9s \u2022 verseny 1. \u2022 verseny 2. Augusztus 1.-2.\u00a0 Pannoniaring (HUN) id\u0151m\u00e9r\u00e9s \u2022 verseny 1. \u2022 verseny 2. A bajnoks\u00e1gt\u00f3l visszal\u00e9pt\u00fcnk, \u00e9s az FIA Suzuki [&hellip;]<\/p>\n","protected":false},"author":1,"featured_media":0,"parent":0,"menu_order":0,"comment_status":"open","ping_status":"open","template":"","meta":{"footnotes":""},"class_list":["post-3689","page","type-page","status-publish","hentry"],"yoast_head":"<!-- This site is optimized with the Yoast SEO plugin v27.4 - https:\/\/yoast.com\/product\/yoast-seo-wordpress\/ -->\n<title>Eredm\u00e9nyek 2015 - TimGabor.hu<\/title>\n<meta name=\"robots\" content=\"index, follow, max-snippet:-1, max-image-preview:large, max-video-preview:-1\" \/>\n<link rel=\"canonical\" href=\"https:\/\/timgabor.hu\/en\/eredmenyek-3\/\" \/>\n<meta property=\"og:locale\" content=\"en_GB\" \/>\n<meta property=\"og:type\" content=\"article\" \/>\n<meta property=\"og:title\" content=\"Eredm\u00e9nyek 2015 - TimGabor.hu\" \/>\n<meta property=\"og:description\" content=\"RCM CUP 2015 \u00c1prilis 25.-26. Hungaroring (HUN) id\u0151m\u00e9r\u00e9s \u2022 verseny 1. \u2022 verseny 2. J\u00fanius 12.-13. Rijeka, Grobnik (HR) id\u0151m\u00e9r\u00e9s \u2022 verseny 1. \u2022 verseny 2. J\u00falius 4-5. Slovakiaring (SK) id\u0151m\u00e9r\u00e9s \u2022 verseny 1. \u2022 verseny 2. Augusztus 1.-2.\u00a0 Pannoniaring (HUN) id\u0151m\u00e9r\u00e9s \u2022 verseny 1. \u2022 verseny 2. A bajnoks\u00e1gt\u00f3l visszal\u00e9pt\u00fcnk, \u00e9s az FIA Suzuki [&hellip;]\" \/>\n<meta property=\"og:url\" content=\"https:\/\/timgabor.hu\/en\/eredmenyek-3\/\" \/>\n<meta property=\"og:site_name\" content=\"TimGabor.hu\" \/>\n<meta property=\"article:modified_time\" content=\"2016-01-06T12:29:34+00:00\" \/>\n<meta name=\"twitter:card\" content=\"summary_large_image\" \/>\n<meta name=\"twitter:label1\" content=\"Est. reading time\" \/>\n\t<meta name=\"twitter:data1\" content=\"1 minute\" \/>\n<script type=\"application\/ld+json\" class=\"yoast-schema-graph\">{\"@context\":\"https:\\\/\\\/schema.org\",\"@graph\":[{\"@type\":\"WebPage\",\"@id\":\"https:\\\/\\\/timgabor.hu\\\/en\\\/eredmenyek-3\\\/\",\"url\":\"https:\\\/\\\/timgabor.hu\\\/en\\\/eredmenyek-3\\\/\",\"name\":\"Eredm\u00e9nyek 2015 - TimGabor.hu\",\"isPartOf\":{\"@id\":\"https:\\\/\\\/timgabor.hu\\\/#website\"},\"datePublished\":\"2015-06-24T11:09:25+00:00\",\"dateModified\":\"2016-01-06T12:29:34+00:00\",\"breadcrumb\":{\"@id\":\"https:\\\/\\\/timgabor.hu\\\/en\\\/eredmenyek-3\\\/#breadcrumb\"},\"inLanguage\":\"en-GB\",\"potentialAction\":[{\"@type\":\"ReadAction\",\"target\":[\"https:\\\/\\\/timgabor.hu\\\/en\\\/eredmenyek-3\\\/\"]}]},{\"@type\":\"BreadcrumbList\",\"@id\":\"https:\\\/\\\/timgabor.hu\\\/en\\\/eredmenyek-3\\\/#breadcrumb\",\"itemListElement\":[{\"@type\":\"ListItem\",\"position\":1,\"name\":\"Kezd\u0151lap\",\"item\":\"https:\\\/\\\/timgabor.hu\\\/\"},{\"@type\":\"ListItem\",\"position\":2,\"name\":\"Eredm\u00e9nyek 2015\"}]},{\"@type\":\"WebSite\",\"@id\":\"https:\\\/\\\/timgabor.hu\\\/#website\",\"url\":\"https:\\\/\\\/timgabor.hu\\\/\",\"name\":\"TimGabor.hu\",\"description\":\"Tim G\u00e1bor hivatalos weboldala \\\/ H\u00e9tszeres bajnok aut\u00f3versenyz\u0151\",\"publisher\":{\"@id\":\"https:\\\/\\\/timgabor.hu\\\/#\\\/schema\\\/person\\\/226226f5bdfe2a1cf1501afbb75ebd6a\"},\"potentialAction\":[{\"@type\":\"SearchAction\",\"target\":{\"@type\":\"EntryPoint\",\"urlTemplate\":\"https:\\\/\\\/timgabor.hu\\\/?s={search_term_string}\"},\"query-input\":{\"@type\":\"PropertyValueSpecification\",\"valueRequired\":true,\"valueName\":\"search_term_string\"}}],\"inLanguage\":\"en-GB\"},{\"@type\":[\"Person\",\"Organization\"],\"@id\":\"https:\\\/\\\/timgabor.hu\\\/#\\\/schema\\\/person\\\/226226f5bdfe2a1cf1501afbb75ebd6a\",\"name\":\"emerico\",\"image\":{\"@type\":\"ImageObject\",\"inLanguage\":\"en-GB\",\"@id\":\"https:\\\/\\\/timgabor.hu\\\/wp-content\\\/uploads\\\/2021\\\/09\\\/timgabor2022-350x100-1.svg\",\"url\":\"https:\\\/\\\/timgabor.hu\\\/wp-content\\\/uploads\\\/2021\\\/09\\\/timgabor2022-350x100-1.svg\",\"contentUrl\":\"https:\\\/\\\/timgabor.hu\\\/wp-content\\\/uploads\\\/2021\\\/09\\\/timgabor2022-350x100-1.svg\",\"width\":350,\"height\":100,\"caption\":\"emerico\"},\"logo\":{\"@id\":\"https:\\\/\\\/timgabor.hu\\\/wp-content\\\/uploads\\\/2021\\\/09\\\/timgabor2022-350x100-1.svg\"}}]}<\/script>\n<!-- \/ Yoast SEO plugin. -->","yoast_head_json":{"title":"Eredm\u00e9nyek 2015 - TimGabor.hu","robots":{"index":"index","follow":"follow","max-snippet":"max-snippet:-1","max-image-preview":"max-image-preview:large","max-video-preview":"max-video-preview:-1"},"canonical":"https:\/\/timgabor.hu\/en\/eredmenyek-3\/","og_locale":"en_GB","og_type":"article","og_title":"Eredm\u00e9nyek 2015 - TimGabor.hu","og_description":"RCM CUP 2015 \u00c1prilis 25.-26. Hungaroring (HUN) id\u0151m\u00e9r\u00e9s \u2022 verseny 1. \u2022 verseny 2. J\u00fanius 12.-13. Rijeka, Grobnik (HR) id\u0151m\u00e9r\u00e9s \u2022 verseny 1. \u2022 verseny 2. J\u00falius 4-5. Slovakiaring (SK) id\u0151m\u00e9r\u00e9s \u2022 verseny 1. \u2022 verseny 2. Augusztus 1.-2.\u00a0 Pannoniaring (HUN) id\u0151m\u00e9r\u00e9s \u2022 verseny 1. \u2022 verseny 2. A bajnoks\u00e1gt\u00f3l visszal\u00e9pt\u00fcnk, \u00e9s az FIA Suzuki [&hellip;]","og_url":"https:\/\/timgabor.hu\/en\/eredmenyek-3\/","og_site_name":"TimGabor.hu","article_modified_time":"2016-01-06T12:29:34+00:00","twitter_card":"summary_large_image","twitter_misc":{"Est. reading time":"1 minute"},"schema":{"@context":"https:\/\/schema.org","@graph":[{"@type":"WebPage","@id":"https:\/\/timgabor.hu\/en\/eredmenyek-3\/","url":"https:\/\/timgabor.hu\/en\/eredmenyek-3\/","name":"Eredm\u00e9nyek 2015 - TimGabor.hu","isPartOf":{"@id":"https:\/\/timgabor.hu\/#website"},"datePublished":"2015-06-24T11:09:25+00:00","dateModified":"2016-01-06T12:29:34+00:00","breadcrumb":{"@id":"https:\/\/timgabor.hu\/en\/eredmenyek-3\/#breadcrumb"},"inLanguage":"en-GB","potentialAction":[{"@type":"ReadAction","target":["https:\/\/timgabor.hu\/en\/eredmenyek-3\/"]}]},{"@type":"BreadcrumbList","@id":"https:\/\/timgabor.hu\/en\/eredmenyek-3\/#breadcrumb","itemListElement":[{"@type":"ListItem","position":1,"name":"Kezd\u0151lap","item":"https:\/\/timgabor.hu\/"},{"@type":"ListItem","position":2,"name":"Eredm\u00e9nyek 2015"}]},{"@type":"WebSite","@id":"https:\/\/timgabor.hu\/#website","url":"https:\/\/timgabor.hu\/","name":"TimGabor.hu","description":"Tim G\u00e1bor hivatalos weboldala \/ H\u00e9tszeres bajnok aut\u00f3versenyz\u0151","publisher":{"@id":"https:\/\/timgabor.hu\/#\/schema\/person\/226226f5bdfe2a1cf1501afbb75ebd6a"},"potentialAction":[{"@type":"SearchAction","target":{"@type":"EntryPoint","urlTemplate":"https:\/\/timgabor.hu\/?s={search_term_string}"},"query-input":{"@type":"PropertyValueSpecification","valueRequired":true,"valueName":"search_term_string"}}],"inLanguage":"en-GB"},{"@type":["Person","Organization"],"@id":"https:\/\/timgabor.hu\/#\/schema\/person\/226226f5bdfe2a1cf1501afbb75ebd6a","name":"emerico","image":{"@type":"ImageObject","inLanguage":"en-GB","@id":"https:\/\/timgabor.hu\/wp-content\/uploads\/2021\/09\/timgabor2022-350x100-1.svg","url":"https:\/\/timgabor.hu\/wp-content\/uploads\/2021\/09\/timgabor2022-350x100-1.svg","contentUrl":"https:\/\/timgabor.hu\/wp-content\/uploads\/2021\/09\/timgabor2022-350x100-1.svg","width":350,"height":100,"caption":"emerico"},"logo":{"@id":"https:\/\/timgabor.hu\/wp-content\/uploads\/2021\/09\/timgabor2022-350x100-1.svg"}}]}},"_links":{"self":[{"href":"https:\/\/timgabor.hu\/en\/wp-json\/wp\/v2\/pages\/3689","targetHints":{"allow":["GET"]}}],"collection":[{"href":"https:\/\/timgabor.hu\/en\/wp-json\/wp\/v2\/pages"}],"about":[{"href":"https:\/\/timgabor.hu\/en\/wp-json\/wp\/v2\/types\/page"}],"author":[{"embeddable":true,"href":"https:\/\/timgabor.hu\/en\/wp-json\/wp\/v2\/users\/1"}],"replies":[{"embeddable":true,"href":"https:\/\/timgabor.hu\/en\/wp-json\/wp\/v2\/comments?post=3689"}],"version-history":[{"count":13,"href":"https:\/\/timgabor.hu\/en\/wp-json\/wp\/v2\/pages\/3689\/revisions"}],"predecessor-version":[{"id":3932,"href":"https:\/\/timgabor.hu\/en\/wp-json\/wp\/v2\/pages\/3689\/revisions\/3932"}],"wp:attachment":[{"href":"https:\/\/timgabor.hu\/en\/wp-json\/wp\/v2\/media?parent=3689"}],"curies":[{"name":"wp","href":"https:\/\/api.w.org\/{rel}","templated":true}]}}