{"id":3164,"date":"2014-02-11T17:37:02","date_gmt":"2014-02-11T15:37:02","guid":{"rendered":"http:\/\/timgabor.hu\/gabortim2010\/?page_id=3164"},"modified":"2014-02-11T17:37:02","modified_gmt":"2014-02-11T15:37:02","slug":"2012-2","status":"publish","type":"page","link":"https:\/\/timgabor.hu\/en\/bajnoksag-allasa\/2012-2\/","title":{"rendered":"2012"},"content":{"rendered":"<p>Tim G\u00e1bor az \u00e9v jelent\u0151s r\u00e9sz\u00e9t m\u0171szaki probl\u00e9m\u00e1k miatt nem tudta sikeresen teljes\u00edteni. 2012-ben k\u00e9t FIA ETCC h\u00e9tv\u00e9g\u00e9re nevezte a csapata, \u00e1m sehol nem jutott el a c\u00e9lig. A 2012-es szezonban m\u00e9g volt n\u00e9h\u00e1ny pr\u00f3b\u00e1lkoz\u00e1sa a hazai F-2000-es kateg\u00f3ri\u00e1ban, ahol <strong>k\u00e9t futamgy\u0151zelmet<\/strong> \u00e9s egy m\u00e1sodik helyet szerzett.<\/p>\n<div dir=\"ltr\" data-angle=\"0\" data-font-name=\"g_font_19_0\" data-canvas-width=\"185.13600735664372\"><strong>F csoport 1601-2000 ccm-ig<\/strong><\/div>\n<div dir=\"ltr\" data-angle=\"0\" data-font-name=\"g_font_19_0\" data-canvas-width=\"185.13600735664372\"><img fetchpriority=\"high\" decoding=\"async\" class=\"aligncenter size-full wp-image-3165\" alt=\"2012\" src=\"http:\/\/timgabor.hu\/gabortim2010\/wp-content\/uploads\/2014\/02\/2012.jpg\" width=\"680\" height=\"100\" srcset=\"https:\/\/timgabor.hu\/wp-content\/uploads\/2014\/02\/2012.jpg 680w, https:\/\/timgabor.hu\/wp-content\/uploads\/2014\/02\/2012-300x44.jpg 300w\" sizes=\"(max-width: 680px) 100vw, 680px\" \/><\/div>","protected":false},"excerpt":{"rendered":"<p>Tim G\u00e1bor az \u00e9v jelent\u0151s r\u00e9sz\u00e9t m\u0171szaki probl\u00e9m\u00e1k miatt nem tudta sikeresen teljes\u00edteni. 2012-ben k\u00e9t FIA ETCC h\u00e9tv\u00e9g\u00e9re nevezte a csapata, \u00e1m sehol nem jutott el a c\u00e9lig. A 2012-es szezonban m\u00e9g volt n\u00e9h\u00e1ny pr\u00f3b\u00e1lkoz\u00e1sa a hazai F-2000-es kateg\u00f3ri\u00e1ban, ahol k\u00e9t futamgy\u0151zelmet \u00e9s egy m\u00e1sodik helyet szerzett. F csoport 1601-2000 ccm-ig<\/p>","protected":false},"author":1,"featured_media":0,"parent":668,"menu_order":0,"comment_status":"open","ping_status":"open","template":"","meta":{"footnotes":""},"class_list":["post-3164","page","type-page","status-publish","hentry"],"yoast_head":"<!-- This site is optimized with the Yoast SEO Premium plugin v25.1 (Yoast SEO v24.2) - https:\/\/yoast.com\/wordpress\/plugins\/seo\/ -->\n<title>2012 - TimGabor.hu<\/title>\n<meta name=\"robots\" content=\"index, follow, max-snippet:-1, max-image-preview:large, max-video-preview:-1\" \/>\n<link rel=\"canonical\" href=\"https:\/\/timgabor.hu\/en\/bajnoksag-allasa\/2012-2\/\" \/>\n<meta property=\"og:locale\" content=\"en_GB\" \/>\n<meta property=\"og:type\" content=\"article\" \/>\n<meta property=\"og:title\" content=\"2012 - TimGabor.hu\" \/>\n<meta property=\"og:description\" content=\"Tim G\u00e1bor az \u00e9v jelent\u0151s r\u00e9sz\u00e9t m\u0171szaki probl\u00e9m\u00e1k miatt nem tudta sikeresen teljes\u00edteni. 2012-ben k\u00e9t FIA ETCC h\u00e9tv\u00e9g\u00e9re nevezte a csapata, \u00e1m sehol nem jutott el a c\u00e9lig. A 2012-es szezonban m\u00e9g volt n\u00e9h\u00e1ny pr\u00f3b\u00e1lkoz\u00e1sa a hazai F-2000-es kateg\u00f3ri\u00e1ban, ahol k\u00e9t futamgy\u0151zelmet \u00e9s egy m\u00e1sodik helyet szerzett. F csoport 1601-2000 ccm-ig\" \/>\n<meta property=\"og:url\" content=\"https:\/\/timgabor.hu\/en\/bajnoksag-allasa\/2012-2\/\" \/>\n<meta property=\"og:site_name\" content=\"TimGabor.hu\" \/>\n<meta property=\"og:image\" content=\"http:\/\/timgabor.hu\/gabortim2010\/wp-content\/uploads\/2014\/02\/2012.jpg\" \/>\n<meta name=\"twitter:card\" content=\"summary_large_image\" \/>\n<script type=\"application\/ld+json\" class=\"yoast-schema-graph\">{\"@context\":\"https:\/\/schema.org\",\"@graph\":[{\"@type\":\"WebPage\",\"@id\":\"https:\/\/timgabor.hu\/bajnoksag-allasa\/2012-2\/\",\"url\":\"https:\/\/timgabor.hu\/bajnoksag-allasa\/2012-2\/\",\"name\":\"2012 - TimGabor.hu\",\"isPartOf\":{\"@id\":\"https:\/\/timgabor.hu\/#website\"},\"primaryImageOfPage\":{\"@id\":\"https:\/\/timgabor.hu\/bajnoksag-allasa\/2012-2\/#primaryimage\"},\"image\":{\"@id\":\"https:\/\/timgabor.hu\/bajnoksag-allasa\/2012-2\/#primaryimage\"},\"thumbnailUrl\":\"http:\/\/timgabor.hu\/gabortim2010\/wp-content\/uploads\/2014\/02\/2012.jpg\",\"datePublished\":\"2014-02-11T15:37:02+00:00\",\"dateModified\":\"2014-02-11T15:37:02+00:00\",\"breadcrumb\":{\"@id\":\"https:\/\/timgabor.hu\/bajnoksag-allasa\/2012-2\/#breadcrumb\"},\"inLanguage\":\"en-GB\",\"potentialAction\":[{\"@type\":\"ReadAction\",\"target\":[\"https:\/\/timgabor.hu\/bajnoksag-allasa\/2012-2\/\"]}]},{\"@type\":\"ImageObject\",\"inLanguage\":\"en-GB\",\"@id\":\"https:\/\/timgabor.hu\/bajnoksag-allasa\/2012-2\/#primaryimage\",\"url\":\"http:\/\/timgabor.hu\/gabortim2010\/wp-content\/uploads\/2014\/02\/2012.jpg\",\"contentUrl\":\"http:\/\/timgabor.hu\/gabortim2010\/wp-content\/uploads\/2014\/02\/2012.jpg\"},{\"@type\":\"BreadcrumbList\",\"@id\":\"https:\/\/timgabor.hu\/bajnoksag-allasa\/2012-2\/#breadcrumb\",\"itemListElement\":[{\"@type\":\"ListItem\",\"position\":1,\"name\":\"Kezd\u0151lap\",\"item\":\"https:\/\/timgabor.hu\/\"},{\"@type\":\"ListItem\",\"position\":2,\"name\":\"Bajnoks\u00e1g v\u00e9geredm\u00e9nye 2014\",\"item\":\"https:\/\/timgabor.hu\/bajnoksag-allasa\/\"},{\"@type\":\"ListItem\",\"position\":3,\"name\":\"2012\"}]},{\"@type\":\"WebSite\",\"@id\":\"https:\/\/timgabor.hu\/#website\",\"url\":\"https:\/\/timgabor.hu\/\",\"name\":\"TimGabor.hu\",\"description\":\"Tim G\u00e1bor hivatalos weboldala \/ H\u00e9tszeres bajnok aut\u00f3versenyz\u0151\",\"publisher\":{\"@id\":\"https:\/\/timgabor.hu\/#\/schema\/person\/226226f5bdfe2a1cf1501afbb75ebd6a\"},\"potentialAction\":[{\"@type\":\"SearchAction\",\"target\":{\"@type\":\"EntryPoint\",\"urlTemplate\":\"https:\/\/timgabor.hu\/?s={search_term_string}\"},\"query-input\":{\"@type\":\"PropertyValueSpecification\",\"valueRequired\":true,\"valueName\":\"search_term_string\"}}],\"inLanguage\":\"en-GB\"},{\"@type\":[\"Person\",\"Organization\"],\"@id\":\"https:\/\/timgabor.hu\/#\/schema\/person\/226226f5bdfe2a1cf1501afbb75ebd6a\",\"name\":\"emerico\",\"image\":{\"@type\":\"ImageObject\",\"inLanguage\":\"en-GB\",\"@id\":\"https:\/\/timgabor.hu\/#\/schema\/person\/image\/\",\"url\":\"https:\/\/timgabor.hu\/wp-content\/uploads\/2021\/09\/timgabor2022-350x100-1.svg\",\"contentUrl\":\"https:\/\/timgabor.hu\/wp-content\/uploads\/2021\/09\/timgabor2022-350x100-1.svg\",\"width\":350,\"height\":100,\"caption\":\"emerico\"},\"logo\":{\"@id\":\"https:\/\/timgabor.hu\/#\/schema\/person\/image\/\"}}]}<\/script>\n<!-- \/ Yoast SEO Premium plugin. -->","yoast_head_json":{"title":"2012 - TimGabor.hu","robots":{"index":"index","follow":"follow","max-snippet":"max-snippet:-1","max-image-preview":"max-image-preview:large","max-video-preview":"max-video-preview:-1"},"canonical":"https:\/\/timgabor.hu\/en\/bajnoksag-allasa\/2012-2\/","og_locale":"en_GB","og_type":"article","og_title":"2012 - TimGabor.hu","og_description":"Tim G\u00e1bor az \u00e9v jelent\u0151s r\u00e9sz\u00e9t m\u0171szaki probl\u00e9m\u00e1k miatt nem tudta sikeresen teljes\u00edteni. 2012-ben k\u00e9t FIA ETCC h\u00e9tv\u00e9g\u00e9re nevezte a csapata, \u00e1m sehol nem jutott el a c\u00e9lig. A 2012-es szezonban m\u00e9g volt n\u00e9h\u00e1ny pr\u00f3b\u00e1lkoz\u00e1sa a hazai F-2000-es kateg\u00f3ri\u00e1ban, ahol k\u00e9t futamgy\u0151zelmet \u00e9s egy m\u00e1sodik helyet szerzett. F csoport 1601-2000 ccm-ig","og_url":"https:\/\/timgabor.hu\/en\/bajnoksag-allasa\/2012-2\/","og_site_name":"TimGabor.hu","og_image":[{"url":"http:\/\/timgabor.hu\/gabortim2010\/wp-content\/uploads\/2014\/02\/2012.jpg","type":"","width":"","height":""}],"twitter_card":"summary_large_image","schema":{"@context":"https:\/\/schema.org","@graph":[{"@type":"WebPage","@id":"https:\/\/timgabor.hu\/bajnoksag-allasa\/2012-2\/","url":"https:\/\/timgabor.hu\/bajnoksag-allasa\/2012-2\/","name":"2012 - TimGabor.hu","isPartOf":{"@id":"https:\/\/timgabor.hu\/#website"},"primaryImageOfPage":{"@id":"https:\/\/timgabor.hu\/bajnoksag-allasa\/2012-2\/#primaryimage"},"image":{"@id":"https:\/\/timgabor.hu\/bajnoksag-allasa\/2012-2\/#primaryimage"},"thumbnailUrl":"http:\/\/timgabor.hu\/gabortim2010\/wp-content\/uploads\/2014\/02\/2012.jpg","datePublished":"2014-02-11T15:37:02+00:00","dateModified":"2014-02-11T15:37:02+00:00","breadcrumb":{"@id":"https:\/\/timgabor.hu\/bajnoksag-allasa\/2012-2\/#breadcrumb"},"inLanguage":"en-GB","potentialAction":[{"@type":"ReadAction","target":["https:\/\/timgabor.hu\/bajnoksag-allasa\/2012-2\/"]}]},{"@type":"ImageObject","inLanguage":"en-GB","@id":"https:\/\/timgabor.hu\/bajnoksag-allasa\/2012-2\/#primaryimage","url":"http:\/\/timgabor.hu\/gabortim2010\/wp-content\/uploads\/2014\/02\/2012.jpg","contentUrl":"http:\/\/timgabor.hu\/gabortim2010\/wp-content\/uploads\/2014\/02\/2012.jpg"},{"@type":"BreadcrumbList","@id":"https:\/\/timgabor.hu\/bajnoksag-allasa\/2012-2\/#breadcrumb","itemListElement":[{"@type":"ListItem","position":1,"name":"Kezd\u0151lap","item":"https:\/\/timgabor.hu\/"},{"@type":"ListItem","position":2,"name":"Bajnoks\u00e1g v\u00e9geredm\u00e9nye 2014","item":"https:\/\/timgabor.hu\/bajnoksag-allasa\/"},{"@type":"ListItem","position":3,"name":"2012"}]},{"@type":"WebSite","@id":"https:\/\/timgabor.hu\/#website","url":"https:\/\/timgabor.hu\/","name":"TimGabor.hu","description":"Tim G\u00e1bor hivatalos weboldala \/ H\u00e9tszeres bajnok aut\u00f3versenyz\u0151","publisher":{"@id":"https:\/\/timgabor.hu\/#\/schema\/person\/226226f5bdfe2a1cf1501afbb75ebd6a"},"potentialAction":[{"@type":"SearchAction","target":{"@type":"EntryPoint","urlTemplate":"https:\/\/timgabor.hu\/?s={search_term_string}"},"query-input":{"@type":"PropertyValueSpecification","valueRequired":true,"valueName":"search_term_string"}}],"inLanguage":"en-GB"},{"@type":["Person","Organization"],"@id":"https:\/\/timgabor.hu\/#\/schema\/person\/226226f5bdfe2a1cf1501afbb75ebd6a","name":"emerico","image":{"@type":"ImageObject","inLanguage":"en-GB","@id":"https:\/\/timgabor.hu\/#\/schema\/person\/image\/","url":"https:\/\/timgabor.hu\/wp-content\/uploads\/2021\/09\/timgabor2022-350x100-1.svg","contentUrl":"https:\/\/timgabor.hu\/wp-content\/uploads\/2021\/09\/timgabor2022-350x100-1.svg","width":350,"height":100,"caption":"emerico"},"logo":{"@id":"https:\/\/timgabor.hu\/#\/schema\/person\/image\/"}}]}},"_links":{"self":[{"href":"https:\/\/timgabor.hu\/en\/wp-json\/wp\/v2\/pages\/3164"}],"collection":[{"href":"https:\/\/timgabor.hu\/en\/wp-json\/wp\/v2\/pages"}],"about":[{"href":"https:\/\/timgabor.hu\/en\/wp-json\/wp\/v2\/types\/page"}],"author":[{"embeddable":true,"href":"https:\/\/timgabor.hu\/en\/wp-json\/wp\/v2\/users\/1"}],"replies":[{"embeddable":true,"href":"https:\/\/timgabor.hu\/en\/wp-json\/wp\/v2\/comments?post=3164"}],"version-history":[{"count":1,"href":"https:\/\/timgabor.hu\/en\/wp-json\/wp\/v2\/pages\/3164\/revisions"}],"predecessor-version":[{"id":3166,"href":"https:\/\/timgabor.hu\/en\/wp-json\/wp\/v2\/pages\/3164\/revisions\/3166"}],"up":[{"embeddable":true,"href":"https:\/\/timgabor.hu\/en\/wp-json\/wp\/v2\/pages\/668"}],"wp:attachment":[{"href":"https:\/\/timgabor.hu\/en\/wp-json\/wp\/v2\/media?parent=3164"}],"curies":[{"name":"wp","href":"https:\/\/api.w.org\/{rel}","templated":true}]}}