{"id":1753,"date":"2010-12-27T13:17:46","date_gmt":"2010-12-27T11:17:46","guid":{"rendered":"http:\/\/magyar-autosport.hu\/gabortim2010\/?page_id=1753"},"modified":"2010-12-29T14:50:01","modified_gmt":"2010-12-29T12:50:01","slug":"szilveszter-rallye-live","status":"publish","type":"page","link":"https:\/\/timgabor.hu\/en\/szilveszter-rallye-live\/","title":{"rendered":"Szilveszter Rallye &#8211; Live"},"content":{"rendered":"<p style=\"text-align: center;\">Ez az oldal folyamatosan friss\u00fcl a verseny ideje alatt.<\/p>\n<p style=\"text-align: center;\">N\u00e9h\u00e1ny fontos inform\u00e1ci\u00f3:<br \/>\n1. <a href=\"http:\/\/www.duen.hu\/info\/101217_Tovaros_Szilveszter_attekinto.jpg\" target=\"_blank\" rel=\"lightbox[1753]\">P\u00e1lya t\u00e9rk\u00e9p<\/a><br \/>\n2. <a href=\"http:\/\/www.duen.hu\/info\/101229_Tovaros_Szilveszter_Rallye.pdf\" target=\"_blank\">Versenyki\u00edr\u00e1s<\/a><br \/>\n3. <a href=\"http:\/\/www.duen.hu\/info\/101228_Tovaros_Szilveszter_Rallye_idoterv.pdf\" target=\"_blank\">Id\u0151terv<\/a><br \/>\n4. <a href=\"http:\/\/twitter.com\/#!\/simcompany\" target=\"_blank\">Emerico Twitter<\/a><br \/>\n5. <a href=\"http:\/\/www.duen.hu\/rallyeradio\">Rallye R\u00e1di\u00f3!<br \/>\n<\/a>6. <a href=\"http:\/\/www.motorsport.hu\/index.php?option=com_content&amp;task=view&amp;id=473&amp;Itemid=1\">Live Timing!<\/a><\/p>\n<p><strong>2010. december 29. 13:47<\/strong><br \/>\nSajnos sok\u00e1ig nem tudtam jelentkezni, ugyanis Gabi\u00e9kat kerest\u00fck, akik elt\u00fcntet a 4. szakaszon. A h\u00edrek szerint \u00e1rukba cs\u00fasztak v\u00e1lt\u00f3hiba miatt, ahonnan a v\u00e1lt\u00f3 miatt ki sem tudnak j\u00f6nni. Jelenleg a ment\u00e9sre v\u00e1rnak, de ezzel sz\u00e1mukra befejez\u0151d\u00f6tt a Szilveszter Rallye.- <em>Emerico<\/em><\/p>\n<p><strong>2010. december 29. 11:09<\/strong><br \/>\nA harmadik szakaszon t\u00f6rt\u00e9nt elakad\u00e1s miatt Tim Gabi\u00e9k a 142. helyre cs\u00fasztak vissza. Sajnos a c\u00e9l, hogy az els\u0151 50-ben v\u00e9gezz\u00fcnk, \u00e9s a kateg\u00f3ri\u00e1ban az els\u0151 10-ben, el\u00faszni l\u00e1tszik. Rem\u00e9nyt nem adjuk fel term\u00e9szetesen, hamarosan j\u00f6n a 4. \u00e9s 5. etap.- <em>Emerico<\/em><\/p>\n<p><strong>2010. december 29. 10:06<\/strong><br \/>\nA m\u00e1sodik szakasz nagyon j\u00f3l siker\u00fclt, felj\u00f6tt a p\u00e1ros a 122. helyre. Az eg\u00e9sz probl\u00e9ma mentes volt, igaz a gumik nem optim\u00e1lisak, de ez van, ezzel kell menni. A Polski a p\u00e1lya minden pontj\u00e1n cs\u00faszik, egyes kanyarok bev\u00e9tele szinte lehetetlen.<br \/>\nA harmadik szakasz ism\u00e9t a p\u00e1lya belsej\u00e9n zajlott, mely t\u00fck\u00f6rj\u00e9g, ahol m\u00e1r tegnap is gondjaink voltak. A szakasz utols\u00f3 500 m\u00e9ter\u00e9n ism\u00e9t elakadt a Polski, sajnos pont emelked\u0151n, \u00edgy mire onnan kikecmeregtek, rengeteg id\u0151t hagytak a p\u00e1ly\u00e1n. Id\u0151eredm\u00e9ny\u00fck m\u00e9g nincs meg, de l\u00e9nyeg\u00e9ben visszacs\u00fasztak oda, ahonnan reggel indultak. Nem panaszkodni szeretn\u00e9k, de jelenlegi k\u00f6r\u00fclm\u00e9nyek nem a versenyz\u00e9sr\u0151l sz\u00f3lnak, ink\u00e1bb hasonl\u00edt egy jeges Dakar versenyre, aki elakad\u00e1s n\u00e9lk\u00fcl v\u00e9gigkecmereg, az m\u00e1r biztos el\u0151l v\u00e9gez.- <em>Emerico<\/em><\/p>\n<p><strong>2010. december 29. 08:38<\/strong><br \/>\nHamarosan elrajtol els\u0151 mai etapj\u00e1ra Tim G\u00e1bor \u00e9s Ol\u00e1h Zolt\u00e1n. A p\u00e1lya tov\u00e1bbra is tiszta j\u00e9g, semmi \u00e9rdemlegeset nem lehet aut\u00f3zni, c\u00e9l hogy a p\u00e1ros kikeveredjen a szakaszr\u00f3l. F\u0151leg az\u00e9rt, mert a harmadik szakasz egyb\u0151l ut\u00e1na k\u00f6vetkezik. Ezen a dupla szakaszon j\u00f3 lenne 5-10 helyet el\u0151re l\u00e9pkedni, ha szerencs\u00e9nk van, \u00e9s nem akadnak el. Az id\u0151 sz\u00e9p, de fagyos, egyre t\u00f6bb n\u00e9z\u0151 a p\u00e1lya sz\u00e9l\u00e9n. A szakasz befejez\u00e9se ut\u00e1n jelentkezem az id\u0151eredm\u00e9nnyel. Sajnos az onboard videok felt\u00f6lt\u00e9s\u00e9re nem alkalmas a net el\u00e9r\u00e9sem, ezeket majd verseny ut\u00e1n p\u00f3tolom.- <em>Emerico<\/em><\/p>\n<p><strong>2010. december 28. 19:56<\/strong><br \/>\nMeg\u00e9rkeztek az eredm\u00e9nyek, sajnos a h\u00f3ban val\u00f3 elakad\u00e1s rengeteg jelentett, 143. a Tim G\u00e1bor &#8211; Ol\u00e1h Zolt\u00e1n p\u00e1ros. Sajnos ha nincs a kb 3 perces elakad\u00e1s, akkor az \u00e9lmez\u0151nyben lenne a versenyz\u0151p\u00e1ros, de ne legy\u00fcnk telhetetlenek, els\u0151 rallye-nk, szakad\u00f3 h\u00f3ban, jeges p\u00e1ly\u00e1n, \u00f6r\u00fclj\u00fcnk, hogy m\u00e9g talpon vagyunk. A h\u00e1tr\u00e1nyunk nem nagy, k\u00f6nnyen ledolgozhat\u00f3, m\u00e1snak is lesz hib\u00e1ja, vagy probl\u00e9m\u00e1ja. A holnapi nap sokkal mozgalmasabb, t\u00f6bb szakasz v\u00e1r r\u00e1nk m\u00e1r kora reggelt\u0151l. Tartsatok vel\u00fcnk.- <em>Emerico<\/em><\/p>\n<p><strong>2010. december 28. 17:11<\/strong><br \/>\nTim Gabi\u00e9k sikeresen c\u00e9lba \u00e9rtek! Sajnos volt egy elakad\u00e1suk a h\u00f3ban, de t\u00f6bb hib\u00e1t nem v\u00e9tettek a majd 7 km-es szakaszon. Id\u0151eredm\u00e9nyt m\u00e9g nem tudunk, rem\u00e9lj\u00fck a k\u00f6z\u00e9pmez\u0151nybe bef\u00e9rek a hiba ellen\u00e9re.- <em>Emerico<\/em><\/p>\n<p><strong>2010. december 28. 15:39<\/strong><br \/>\nMost j\u00f6tt a h\u00edr, Tim G\u00e1bor &#8211;\u00a0 Ol\u00e1h Zolt\u00e1n p\u00e1ros 16.13-kor rajtol, el\u0151bb mint sz\u00e1m\u00edtottunk r\u00e1, azaz kb 40 perc m\u00falva m\u00e1r c\u00e9lban is lehet a p\u00e1ros. Izgulunk mint a fene, ez nagyon neh\u00e9z \u00e9s vesz\u00e9lyes lesz, a p\u00e1lya tot\u00e1l j\u00e9g, \u00e9s sz\u00f6ges gumikat nem szabad haszn\u00e1lni. Havas gumik l\u00e9nyeg\u00e9ben semmit nem fognak, de rem\u00e9lj\u00fck a sr\u00e1cok sikerrel veszik az els\u0151 akad\u00e1lyt. &#8211; <em>Emerico<\/em><\/p>\n<p><strong>2010. december 28. 14:15<\/strong><br \/>\n<a href=\"http:\/\/magyar-autosport.hu\/gabortim2010\/wp-content\/uploads\/2010\/12\/IMG_3270.jpg\" rel=\"lightbox[1753]\"><img decoding=\"async\" class=\"alignleft size-thumbnail wp-image-1771\" title=\"IMG_3270\" src=\"http:\/\/magyar-autosport.hu\/gabortim2010\/wp-content\/uploads\/2010\/12\/IMG_3270-150x150.jpg\" alt=\"\" width=\"150\" height=\"150\" \/><\/a>A boxokban fesztiv\u00e1l hangulat uralkodik, mi is \u00f6r\u00fcl\u00fcnk magunknak, a r\u00e9miszt\u0151 hideg ellen\u00e9re felmatric\u00e1ztuk az aut\u00f3t. A verseny k\u00e9t \u00f3ra m\u00falva kezd\u0151dik, amint tudok pontosabbat, Gabi h\u00e1nykor indul, jelentkezem. Az aut\u00f3 j\u00f3nak t\u0171nik, Gabi \u00e9s OZ (navig\u00e1tor) meg\u00edrt\u00e1k az itinert, bej\u00e1rt\u00e1k a p\u00e1ly\u00e1kat. C\u00e9l ma este c\u00e9lba \u00e9rni. A p\u00e1lya jeges, havas, minden teljesen \u00faj \u00e9s m\u00e1s mint amit megszoktunk, de nagyon \u00e9lvezz\u00fck. &#8211; <em>Emerico<\/em><\/p>\n<p><strong>2010. december 28. 11:22<\/strong><br \/>\nAz aut\u00f3 sikeresen \u00e1tment a g\u00e9p\u00e1tv\u00e9telen, jelenleg a dekor\u00e1l\u00e1sa tart, hogy min\u00e9l szebb legyen a j\u00e1rg\u00e1ny. A p\u00e1ly\u00e1n minusz 16 fokot m\u00e9rt\u00fcnk, ami az\u00f3ta kicsit enyh\u00fclt, de rohadt hideg van. Az internetet be\u00fczemeltem, \u00edgy m\u00e1r gyakrabban tudok bejelentkezni. Gabi a 185-\u00f6s rajtsz\u00e1mmal startol. Rem\u00e9lj\u00fck szerencs\u00e9s sz\u00e1m. K\u00f6r\u00fcltekintve, iszonyat er\u0151sek az ellenfelek, v\u00e9rbeli rallye-sok. &#8211; <em>Emerico<\/em><\/p>\n<p><strong>2010. december 27. 17:03<\/strong><br \/>\nAz aut\u00f3n minden utols\u00f3 sim\u00edt\u00e1st befejeztek, \u00fczemk\u00e9pes, \u00e9s rendben tal\u00e1ltak mindent. Rem\u00e9lj\u00fck nem lesz, vagy maximum minim\u00e1lis szerel\u00e9si munk\u00e1ink lesznek. &#8211; <em>Emerico<\/em><\/p>\n<p style=\"text-align: left;\"><strong>2010. december 27. 12:16<\/strong><br \/>\nAz aut\u00f3 jelenleg f\u00e9kpadon, az utols\u00f3 sim\u00edt\u00e1sokat v\u00e9gzik, felk\u00e9sz\u00edtik a versenyre. A d\u00e9lut\u00e1n folyam\u00e1n ker\u00fcl r\u00e1 a dekor\u00e1ci\u00f3, mert ugyan csak a t\u00e1mogat\u00f3k, partnerek log\u00f3i lesznek rajta, az\u00e9rt nem lesz cs\u00fanya az aut\u00f3. &#8211; <em>Emerico<\/em><\/p>","protected":false},"excerpt":{"rendered":"<p>Ez az oldal folyamatosan friss\u00fcl a verseny ideje alatt. N\u00e9h\u00e1ny fontos inform\u00e1ci\u00f3: 1. P\u00e1lya t\u00e9rk\u00e9p 2. Versenyki\u00edr\u00e1s 3. Id\u0151terv 4. Emerico Twitter 5. Rallye R\u00e1di\u00f3! 6. Live Timing! 2010. december 29. 13:47 Sajnos sok\u00e1ig nem tudtam jelentkezni, ugyanis Gabi\u00e9kat kerest\u00fck, akik elt\u00fcntet a 4. szakaszon. A h\u00edrek szerint \u00e1rukba cs\u00fasztak v\u00e1lt\u00f3hiba miatt, ahonnan a v\u00e1lt\u00f3 [&hellip;]<\/p>","protected":false},"author":1,"featured_media":1754,"parent":0,"menu_order":0,"comment_status":"open","ping_status":"open","template":"","meta":{"footnotes":""},"class_list":["post-1753","page","type-page","status-publish","has-post-thumbnail","hentry"],"yoast_head":"<!-- This site is optimized with the Yoast SEO Premium plugin v25.1 (Yoast SEO v24.2) - https:\/\/yoast.com\/wordpress\/plugins\/seo\/ -->\n<title>Szilveszter Rallye - Live - TimGabor.hu<\/title>\n<meta name=\"robots\" content=\"index, follow, max-snippet:-1, max-image-preview:large, max-video-preview:-1\" \/>\n<link rel=\"canonical\" href=\"https:\/\/timgabor.hu\/en\/szilveszter-rallye-live\/\" \/>\n<meta property=\"og:locale\" content=\"en_GB\" \/>\n<meta property=\"og:type\" content=\"article\" \/>\n<meta property=\"og:title\" content=\"Szilveszter Rallye - Live - TimGabor.hu\" \/>\n<meta property=\"og:description\" content=\"Ez az oldal folyamatosan friss\u00fcl a verseny ideje alatt. N\u00e9h\u00e1ny fontos inform\u00e1ci\u00f3: 1. P\u00e1lya t\u00e9rk\u00e9p 2. Versenyki\u00edr\u00e1s 3. Id\u0151terv 4. Emerico Twitter 5. Rallye R\u00e1di\u00f3! 6. Live Timing! 2010. december 29. 13:47 Sajnos sok\u00e1ig nem tudtam jelentkezni, ugyanis Gabi\u00e9kat kerest\u00fck, akik elt\u00fcntet a 4. szakaszon. A h\u00edrek szerint \u00e1rukba cs\u00fasztak v\u00e1lt\u00f3hiba miatt, ahonnan a v\u00e1lt\u00f3 [&hellip;]\" \/>\n<meta property=\"og:url\" content=\"https:\/\/timgabor.hu\/en\/szilveszter-rallye-live\/\" \/>\n<meta property=\"og:site_name\" content=\"TimGabor.hu\" \/>\n<meta property=\"article:modified_time\" content=\"2010-12-29T12:50:01+00:00\" \/>\n<meta property=\"og:image\" content=\"https:\/\/timgabor.hu\/wp-content\/uploads\/2010\/12\/promo.jpg\" \/>\n\t<meta property=\"og:image:width\" content=\"720\" \/>\n\t<meta property=\"og:image:height\" content=\"576\" \/>\n\t<meta property=\"og:image:type\" content=\"image\/jpeg\" \/>\n<meta name=\"twitter:card\" content=\"summary_large_image\" \/>\n<meta name=\"twitter:label1\" content=\"Est. reading time\" \/>\n\t<meta name=\"twitter:data1\" content=\"5 minutes\" \/>\n<script type=\"application\/ld+json\" class=\"yoast-schema-graph\">{\"@context\":\"https:\/\/schema.org\",\"@graph\":[{\"@type\":\"WebPage\",\"@id\":\"https:\/\/timgabor.hu\/szilveszter-rallye-live\/\",\"url\":\"https:\/\/timgabor.hu\/szilveszter-rallye-live\/\",\"name\":\"Szilveszter Rallye - Live - TimGabor.hu\",\"isPartOf\":{\"@id\":\"https:\/\/timgabor.hu\/#website\"},\"primaryImageOfPage\":{\"@id\":\"https:\/\/timgabor.hu\/szilveszter-rallye-live\/#primaryimage\"},\"image\":{\"@id\":\"https:\/\/timgabor.hu\/szilveszter-rallye-live\/#primaryimage\"},\"thumbnailUrl\":\"https:\/\/timgabor.hu\/wp-content\/uploads\/2010\/12\/promo.jpg\",\"datePublished\":\"2010-12-27T11:17:46+00:00\",\"dateModified\":\"2010-12-29T12:50:01+00:00\",\"breadcrumb\":{\"@id\":\"https:\/\/timgabor.hu\/szilveszter-rallye-live\/#breadcrumb\"},\"inLanguage\":\"en-GB\",\"potentialAction\":[{\"@type\":\"ReadAction\",\"target\":[\"https:\/\/timgabor.hu\/szilveszter-rallye-live\/\"]}]},{\"@type\":\"ImageObject\",\"inLanguage\":\"en-GB\",\"@id\":\"https:\/\/timgabor.hu\/szilveszter-rallye-live\/#primaryimage\",\"url\":\"https:\/\/timgabor.hu\/wp-content\/uploads\/2010\/12\/promo.jpg\",\"contentUrl\":\"https:\/\/timgabor.hu\/wp-content\/uploads\/2010\/12\/promo.jpg\",\"width\":\"720\",\"height\":\"576\"},{\"@type\":\"BreadcrumbList\",\"@id\":\"https:\/\/timgabor.hu\/szilveszter-rallye-live\/#breadcrumb\",\"itemListElement\":[{\"@type\":\"ListItem\",\"position\":1,\"name\":\"Kezd\u0151lap\",\"item\":\"https:\/\/timgabor.hu\/\"},{\"@type\":\"ListItem\",\"position\":2,\"name\":\"Szilveszter Rallye &#8211; Live\"}]},{\"@type\":\"WebSite\",\"@id\":\"https:\/\/timgabor.hu\/#website\",\"url\":\"https:\/\/timgabor.hu\/\",\"name\":\"TimGabor.hu\",\"description\":\"Tim G\u00e1bor hivatalos weboldala \/ H\u00e9tszeres bajnok aut\u00f3versenyz\u0151\",\"publisher\":{\"@id\":\"https:\/\/timgabor.hu\/#\/schema\/person\/226226f5bdfe2a1cf1501afbb75ebd6a\"},\"potentialAction\":[{\"@type\":\"SearchAction\",\"target\":{\"@type\":\"EntryPoint\",\"urlTemplate\":\"https:\/\/timgabor.hu\/?s={search_term_string}\"},\"query-input\":{\"@type\":\"PropertyValueSpecification\",\"valueRequired\":true,\"valueName\":\"search_term_string\"}}],\"inLanguage\":\"en-GB\"},{\"@type\":[\"Person\",\"Organization\"],\"@id\":\"https:\/\/timgabor.hu\/#\/schema\/person\/226226f5bdfe2a1cf1501afbb75ebd6a\",\"name\":\"emerico\",\"image\":{\"@type\":\"ImageObject\",\"inLanguage\":\"en-GB\",\"@id\":\"https:\/\/timgabor.hu\/#\/schema\/person\/image\/\",\"url\":\"https:\/\/timgabor.hu\/wp-content\/uploads\/2021\/09\/timgabor2022-350x100-1.svg\",\"contentUrl\":\"https:\/\/timgabor.hu\/wp-content\/uploads\/2021\/09\/timgabor2022-350x100-1.svg\",\"width\":350,\"height\":100,\"caption\":\"emerico\"},\"logo\":{\"@id\":\"https:\/\/timgabor.hu\/#\/schema\/person\/image\/\"}}]}<\/script>\n<!-- \/ Yoast SEO Premium plugin. -->","yoast_head_json":{"title":"Szilveszter Rallye - Live - TimGabor.hu","robots":{"index":"index","follow":"follow","max-snippet":"max-snippet:-1","max-image-preview":"max-image-preview:large","max-video-preview":"max-video-preview:-1"},"canonical":"https:\/\/timgabor.hu\/en\/szilveszter-rallye-live\/","og_locale":"en_GB","og_type":"article","og_title":"Szilveszter Rallye - Live - TimGabor.hu","og_description":"Ez az oldal folyamatosan friss\u00fcl a verseny ideje alatt. N\u00e9h\u00e1ny fontos inform\u00e1ci\u00f3: 1. P\u00e1lya t\u00e9rk\u00e9p 2. Versenyki\u00edr\u00e1s 3. Id\u0151terv 4. Emerico Twitter 5. Rallye R\u00e1di\u00f3! 6. Live Timing! 2010. december 29. 13:47 Sajnos sok\u00e1ig nem tudtam jelentkezni, ugyanis Gabi\u00e9kat kerest\u00fck, akik elt\u00fcntet a 4. szakaszon. A h\u00edrek szerint \u00e1rukba cs\u00fasztak v\u00e1lt\u00f3hiba miatt, ahonnan a v\u00e1lt\u00f3 [&hellip;]","og_url":"https:\/\/timgabor.hu\/en\/szilveszter-rallye-live\/","og_site_name":"TimGabor.hu","article_modified_time":"2010-12-29T12:50:01+00:00","og_image":[{"width":720,"height":576,"url":"https:\/\/timgabor.hu\/wp-content\/uploads\/2010\/12\/promo.jpg","type":"image\/jpeg"}],"twitter_card":"summary_large_image","twitter_misc":{"Est. reading time":"5 minutes"},"schema":{"@context":"https:\/\/schema.org","@graph":[{"@type":"WebPage","@id":"https:\/\/timgabor.hu\/szilveszter-rallye-live\/","url":"https:\/\/timgabor.hu\/szilveszter-rallye-live\/","name":"Szilveszter Rallye - Live - TimGabor.hu","isPartOf":{"@id":"https:\/\/timgabor.hu\/#website"},"primaryImageOfPage":{"@id":"https:\/\/timgabor.hu\/szilveszter-rallye-live\/#primaryimage"},"image":{"@id":"https:\/\/timgabor.hu\/szilveszter-rallye-live\/#primaryimage"},"thumbnailUrl":"https:\/\/timgabor.hu\/wp-content\/uploads\/2010\/12\/promo.jpg","datePublished":"2010-12-27T11:17:46+00:00","dateModified":"2010-12-29T12:50:01+00:00","breadcrumb":{"@id":"https:\/\/timgabor.hu\/szilveszter-rallye-live\/#breadcrumb"},"inLanguage":"en-GB","potentialAction":[{"@type":"ReadAction","target":["https:\/\/timgabor.hu\/szilveszter-rallye-live\/"]}]},{"@type":"ImageObject","inLanguage":"en-GB","@id":"https:\/\/timgabor.hu\/szilveszter-rallye-live\/#primaryimage","url":"https:\/\/timgabor.hu\/wp-content\/uploads\/2010\/12\/promo.jpg","contentUrl":"https:\/\/timgabor.hu\/wp-content\/uploads\/2010\/12\/promo.jpg","width":"720","height":"576"},{"@type":"BreadcrumbList","@id":"https:\/\/timgabor.hu\/szilveszter-rallye-live\/#breadcrumb","itemListElement":[{"@type":"ListItem","position":1,"name":"Kezd\u0151lap","item":"https:\/\/timgabor.hu\/"},{"@type":"ListItem","position":2,"name":"Szilveszter Rallye &#8211; Live"}]},{"@type":"WebSite","@id":"https:\/\/timgabor.hu\/#website","url":"https:\/\/timgabor.hu\/","name":"TimGabor.hu","description":"Tim G\u00e1bor hivatalos weboldala \/ H\u00e9tszeres bajnok aut\u00f3versenyz\u0151","publisher":{"@id":"https:\/\/timgabor.hu\/#\/schema\/person\/226226f5bdfe2a1cf1501afbb75ebd6a"},"potentialAction":[{"@type":"SearchAction","target":{"@type":"EntryPoint","urlTemplate":"https:\/\/timgabor.hu\/?s={search_term_string}"},"query-input":{"@type":"PropertyValueSpecification","valueRequired":true,"valueName":"search_term_string"}}],"inLanguage":"en-GB"},{"@type":["Person","Organization"],"@id":"https:\/\/timgabor.hu\/#\/schema\/person\/226226f5bdfe2a1cf1501afbb75ebd6a","name":"emerico","image":{"@type":"ImageObject","inLanguage":"en-GB","@id":"https:\/\/timgabor.hu\/#\/schema\/person\/image\/","url":"https:\/\/timgabor.hu\/wp-content\/uploads\/2021\/09\/timgabor2022-350x100-1.svg","contentUrl":"https:\/\/timgabor.hu\/wp-content\/uploads\/2021\/09\/timgabor2022-350x100-1.svg","width":350,"height":100,"caption":"emerico"},"logo":{"@id":"https:\/\/timgabor.hu\/#\/schema\/person\/image\/"}}]}},"_links":{"self":[{"href":"https:\/\/timgabor.hu\/en\/wp-json\/wp\/v2\/pages\/1753"}],"collection":[{"href":"https:\/\/timgabor.hu\/en\/wp-json\/wp\/v2\/pages"}],"about":[{"href":"https:\/\/timgabor.hu\/en\/wp-json\/wp\/v2\/types\/page"}],"author":[{"embeddable":true,"href":"https:\/\/timgabor.hu\/en\/wp-json\/wp\/v2\/users\/1"}],"replies":[{"embeddable":true,"href":"https:\/\/timgabor.hu\/en\/wp-json\/wp\/v2\/comments?post=1753"}],"version-history":[{"count":18,"href":"https:\/\/timgabor.hu\/en\/wp-json\/wp\/v2\/pages\/1753\/revisions"}],"predecessor-version":[{"id":1756,"href":"https:\/\/timgabor.hu\/en\/wp-json\/wp\/v2\/pages\/1753\/revisions\/1756"}],"wp:featuredmedia":[{"embeddable":true,"href":"https:\/\/timgabor.hu\/en\/wp-json\/wp\/v2\/media\/1754"}],"wp:attachment":[{"href":"https:\/\/timgabor.hu\/en\/wp-json\/wp\/v2\/media?parent=1753"}],"curies":[{"name":"wp","href":"https:\/\/api.w.org\/{rel}","templated":true}]}}