{"id":13534,"date":"2023-05-25T12:24:40","date_gmt":"2023-05-25T10:24:40","guid":{"rendered":"https:\/\/timgabor.hu\/?page_id=13534"},"modified":"2025-03-28T23:58:30","modified_gmt":"2025-03-28T21:58:30","slug":"polo","status":"publish","type":"page","link":"https:\/\/timgabor.hu\/en\/polo\/","title":{"rendered":"Support me with T-Shirts"},"content":{"rendered":"<div data-elementor-type=\"wp-page\" data-elementor-id=\"13534\" class=\"elementor elementor-13534\" data-elementor-post-type=\"page\">\n\t\t\t\t\t\t<section class=\"elementor-section elementor-top-section elementor-element elementor-element-96a25db elementor-section-boxed elementor-section-height-default elementor-section-height-default\" data-id=\"96a25db\" data-element_type=\"section\">\n\t\t\t\t\t\t<div class=\"elementor-container elementor-column-gap-default\">\n\t\t\t\t\t<div class=\"elementor-column elementor-col-100 elementor-top-column elementor-element elementor-element-b102270\" data-id=\"b102270\" data-element_type=\"column\">\n\t\t\t<div class=\"elementor-widget-wrap elementor-element-populated\">\n\t\t\t\t\t\t<div class=\"elementor-element elementor-element-3cbc285 elementor-widget elementor-widget-heading\" data-id=\"3cbc285\" data-element_type=\"widget\" data-widget_type=\"heading.default\">\n\t\t\t\t<div class=\"elementor-widget-container\">\n\t\t\t\t\t<h4 class=\"elementor-heading-title elementor-size-default\">Support me with T-Shirts<\/h4>\t\t\t\t<\/div>\n\t\t\t\t<\/div>\n\t\t\t\t<div class=\"elementor-element elementor-element-35c236c elementor-widget elementor-widget-heading\" data-id=\"35c236c\" data-element_type=\"widget\" data-widget_type=\"heading.default\">\n\t\t\t\t<div class=\"elementor-widget-container\">\n\t\t\t\t\t<h5 class=\"elementor-heading-title elementor-size-default\">Donations with TIM Crew T-Shirt's buy\n<\/h5>\t\t\t\t<\/div>\n\t\t\t\t<\/div>\n\t\t\t\t<section class=\"elementor-section elementor-inner-section elementor-element elementor-element-67d3775 elementor-section-boxed elementor-section-height-default elementor-section-height-default\" data-id=\"67d3775\" data-element_type=\"section\">\n\t\t\t\t\t\t<div class=\"elementor-container elementor-column-gap-default\">\n\t\t\t\t\t<div class=\"elementor-column elementor-col-100 elementor-inner-column elementor-element elementor-element-046ea1d\" data-id=\"046ea1d\" data-element_type=\"column\">\n\t\t\t<div class=\"elementor-widget-wrap elementor-element-populated\">\n\t\t\t\t\t\t<div class=\"elementor-element elementor-element-2f178f7 elementor-widget elementor-widget-text-editor\" data-id=\"2f178f7\" data-element_type=\"widget\" data-widget_type=\"text-editor.default\">\n\t\t\t\t<div class=\"elementor-widget-container\">\n\t\t\t\t\t\t\t\t\t<p style=\"text-align: center;\"><span class=\"x4k7w5x x1h91t0o x1h9r5lt x1jfb8zj xv2umb2 x1beo9mf xaigb6o x12ejxvf x3igimt xarpa2k xedcshv x1lytzrv x1t2pt76 x7ja8zs x1qrby5j\">Attention! <strong>This website is not an online store.<\/strong> By ordering the available t-shirts, you are supporting my racing endeavors. <br \/><\/span><\/p><p style=\"text-align: center;\"><span class=\"x4k7w5x x1h91t0o x1h9r5lt x1jfb8zj xv2umb2 x1beo9mf xaigb6o x12ejxvf x3igimt xarpa2k xedcshv x1lytzrv x1t2pt76 x7ja8zs x1qrby5j\">Your order is received as a donation to support me.<br \/><\/span><\/p><p style=\"text-align: center;\">The names of those who order a T-shirt to support me will be featured on my car!\nBecome one of my supporters too!<\/p>\t\t\t\t\t\t\t\t<\/div>\n\t\t\t\t<\/div>\n\t\t\t\t\t<\/div>\n\t\t<\/div>\n\t\t\t\t\t<\/div>\n\t\t<\/section>\n\t\t\t\t\t<\/div>\n\t\t<\/div>\n\t\t\t\t\t<\/div>\n\t\t<\/section>\n\t\t\t\t<section class=\"elementor-section elementor-top-section elementor-element elementor-element-b64a06a elementor-section-boxed elementor-section-height-default elementor-section-height-default\" data-id=\"b64a06a\" data-element_type=\"section\">\n\t\t\t\t\t\t<div class=\"elementor-container elementor-column-gap-default\">\n\t\t\t\t\t<div class=\"elementor-column elementor-col-100 elementor-top-column elementor-element elementor-element-0d482e0\" data-id=\"0d482e0\" data-element_type=\"column\">\n\t\t\t<div class=\"elementor-widget-wrap elementor-element-populated\">\n\t\t\t\t\t\t<div class=\"elementor-element elementor-element-0d1abbe elementor-widget elementor-widget-heading\" data-id=\"0d1abbe\" data-element_type=\"widget\" data-widget_type=\"heading.default\">\n\t\t\t\t<div class=\"elementor-widget-container\">\n\t\t\t\t\t<h4 class=\"elementor-heading-title elementor-size-default\">TIM Crew<\/h4>\t\t\t\t<\/div>\n\t\t\t\t<\/div>\n\t\t\t\t<div class=\"elementor-element elementor-element-04dbdce elementor-widget elementor-widget-heading\" data-id=\"04dbdce\" data-element_type=\"widget\" data-widget_type=\"heading.default\">\n\t\t\t\t<div class=\"elementor-widget-container\">\n\t\t\t\t\t<h5 class=\"elementor-heading-title elementor-size-default\">NEW NEW T-Shirts\nMember of TIM CREW<\/h5>\t\t\t\t<\/div>\n\t\t\t\t<\/div>\n\t\t\t\t<section class=\"elementor-section elementor-inner-section elementor-element elementor-element-09ffdc6 elementor-section-boxed elementor-section-height-default elementor-section-height-default\" data-id=\"09ffdc6\" data-element_type=\"section\">\n\t\t\t\t\t\t<div class=\"elementor-container elementor-column-gap-default\">\n\t\t\t\t\t<div class=\"elementor-column elementor-col-50 elementor-inner-column elementor-element elementor-element-7c6baf5\" data-id=\"7c6baf5\" data-element_type=\"column\">\n\t\t\t<div class=\"elementor-widget-wrap elementor-element-populated\">\n\t\t\t\t\t\t<div class=\"elementor-element elementor-element-2f628aa elementor-widget elementor-widget-image\" data-id=\"2f628aa\" data-element_type=\"widget\" data-widget_type=\"image.default\">\n\t\t\t\t<div class=\"elementor-widget-container\">\n\t\t\t\t\t\t\t\t\t\t\t\t\t\t\t<img fetchpriority=\"high\" decoding=\"async\" width=\"800\" height=\"632\" src=\"https:\/\/timgabor.hu\/wp-content\/uploads\/2025\/03\/timcrew2025_v2-1368x1080.jpg\" class=\"attachment-large size-large wp-image-15748\" alt=\"\" srcset=\"https:\/\/timgabor.hu\/wp-content\/uploads\/2025\/03\/timcrew2025_v2-1368x1080.jpg 1368w, https:\/\/timgabor.hu\/wp-content\/uploads\/2025\/03\/timcrew2025_v2-300x237.jpg 300w, https:\/\/timgabor.hu\/wp-content\/uploads\/2025\/03\/timcrew2025_v2-150x118.jpg 150w, https:\/\/timgabor.hu\/wp-content\/uploads\/2025\/03\/timcrew2025_v2-1536x1213.jpg 1536w, https:\/\/timgabor.hu\/wp-content\/uploads\/2025\/03\/timcrew2025_v2-15x12.jpg 15w, https:\/\/timgabor.hu\/wp-content\/uploads\/2025\/03\/timcrew2025_v2.jpg 1920w\" sizes=\"(max-width: 800px) 100vw, 800px\" \/>\t\t\t\t\t\t\t\t\t\t\t\t\t\t\t<\/div>\n\t\t\t\t<\/div>\n\t\t\t\t\t<\/div>\n\t\t<\/div>\n\t\t\t\t<div class=\"elementor-column elementor-col-50 elementor-inner-column elementor-element elementor-element-014e9de\" data-id=\"014e9de\" data-element_type=\"column\">\n\t\t\t<div class=\"elementor-widget-wrap elementor-element-populated\">\n\t\t\t\t\t\t<div class=\"elementor-element elementor-element-cdd3ed8 elementor-widget elementor-widget-text-editor\" data-id=\"cdd3ed8\" data-element_type=\"widget\" data-widget_type=\"text-editor.default\">\n\t\t\t\t<div class=\"elementor-widget-container\">\n\t\t\t\t\t\t\t\t\t<h4><strong>Price: 23 euro<\/strong><\/h4><p>Note: The price of the T-shirt includes the support amount as well.\nIf you contribute a larger amount, your name will appear bigger on the car, of course.\n\nThank you!<br \/><br \/>After you place your order, we\u2019ll send you an email with the details on how to transfer your support.<\/p>\t\t\t\t\t\t\t\t<\/div>\n\t\t\t\t<\/div>\n\t\t\t\t<div class=\"elementor-element elementor-element-4400201 elementor-button-align-stretch elementor-widget elementor-widget-form\" data-id=\"4400201\" data-element_type=\"widget\" data-settings=\"{&quot;step_next_label&quot;:&quot;Next&quot;,&quot;step_previous_label&quot;:&quot;Previous&quot;,&quot;button_width&quot;:&quot;100&quot;,&quot;step_type&quot;:&quot;number_text&quot;,&quot;step_icon_shape&quot;:&quot;circle&quot;}\" data-widget_type=\"form.default\">\n\t\t\t\t<div class=\"elementor-widget-container\">\n\t\t\t\t\t\t\t<form class=\"elementor-form\" method=\"post\" name=\"Megrendel\u00e9s\" action=\"\">\n\t\t\t<input type=\"hidden\" name=\"post_id\" value=\"13534\"\/>\n\t\t\t<input type=\"hidden\" name=\"form_id\" value=\"4400201\"\/>\n\t\t\t<input type=\"hidden\" name=\"referer_title\" value=\"TimGabor.hu\" \/>\n\n\t\t\t\n\t\t\t<div class=\"elementor-form-fields-wrapper elementor-labels-above\">\n\t\t\t\t\t\t\t\t<div class=\"elementor-field-type-text elementor-field-group elementor-column elementor-field-group-name elementor-col-100 elementor-field-required elementor-mark-required\">\n\t\t\t\t\t\t\t\t\t\t\t\t<label for=\"form-field-name\" class=\"elementor-field-label\">\n\t\t\t\t\t\t\t\tName\t\t\t\t\t\t\t<\/label>\n\t\t\t\t\t\t\t\t\t\t\t\t\t\t<input size=\"1\" type=\"text\" name=\"form_fields[name]\" id=\"form-field-name\" class=\"elementor-field elementor-size-sm  elementor-field-textual\" placeholder=\"Name\" required=\"required\">\n\t\t\t\t\t\t\t\t\t\t\t<\/div>\n\t\t\t\t\t\t\t\t<div class=\"elementor-field-type-select elementor-field-group elementor-column elementor-field-group-field_a92d4c0 elementor-col-100 elementor-field-required elementor-mark-required\">\n\t\t\t\t\t\t\t\t\t\t\t\t<label for=\"form-field-field_a92d4c0\" class=\"elementor-field-label\">\n\t\t\t\t\t\t\t\tColor\t\t\t\t\t\t\t<\/label>\n\t\t\t\t\t\t\t\t<div class=\"elementor-field elementor-select-wrapper remove-before\">\n\t\t\t<div class=\"select-caret-down-wrapper\">\n\t\t\t\t<svg aria-hidden=\"true\" class=\"e-font-icon-svg e-eicon-caret-down\" viewbox=\"0 0 571.4 571.4\" xmlns=\"http:\/\/www.w3.org\/2000\/svg\"><path d=\"M571 393Q571 407 561 418L311 668Q300 679 286 679T261 668L11 418Q0 407 0 393T11 368 36 357H536Q550 357 561 368T571 393Z\"><\/path><\/svg>\t\t\t<\/div>\n\t\t\t<select name=\"form_fields[field_a92d4c0]\" id=\"form-field-field_a92d4c0\" class=\"elementor-field-textual elementor-size-sm\" required=\"required\">\n\t\t\t\t\t\t\t\t\t<option value=\"Fekete\">Fekete<\/option>\n\t\t\t\t\t\t\t\t\t<option value=\"Feh\u00e9r (k\u00e9s\u0151bb)\">Feh\u00e9r (k\u00e9s\u0151bb)<\/option>\n\t\t\t\t\t\t\t\t\t<option value=\"K\u00e9k (k\u00e9s\u0151bb)\">K\u00e9k (k\u00e9s\u0151bb)<\/option>\n\t\t\t\t\t\t\t<\/select>\n\t\t<\/div>\n\t\t\t\t\t\t<\/div>\n\t\t\t\t\t\t\t\t<div class=\"elementor-field-type-select elementor-field-group elementor-column elementor-field-group-size elementor-col-100 elementor-field-required elementor-mark-required\">\n\t\t\t\t\t\t\t\t\t\t\t\t<label for=\"form-field-size\" class=\"elementor-field-label\">\n\t\t\t\t\t\t\t\tSize\t\t\t\t\t\t\t<\/label>\n\t\t\t\t\t\t\t\t<div class=\"elementor-field elementor-select-wrapper remove-before\">\n\t\t\t<div class=\"select-caret-down-wrapper\">\n\t\t\t\t<svg aria-hidden=\"true\" class=\"e-font-icon-svg e-eicon-caret-down\" viewbox=\"0 0 571.4 571.4\" xmlns=\"http:\/\/www.w3.org\/2000\/svg\"><path d=\"M571 393Q571 407 561 418L311 668Q300 679 286 679T261 668L11 418Q0 407 0 393T11 368 36 357H536Q550 357 561 368T571 393Z\"><\/path><\/svg>\t\t\t<\/div>\n\t\t\t<select name=\"form_fields[size]\" id=\"form-field-size\" class=\"elementor-field-textual elementor-size-sm\" required=\"required\">\n\t\t\t\t\t\t\t\t\t<option value=\"S\">S<\/option>\n\t\t\t\t\t\t\t\t\t<option value=\"M\">M<\/option>\n\t\t\t\t\t\t\t\t\t<option value=\"L\">L<\/option>\n\t\t\t\t\t\t\t\t\t<option value=\"XL\">XL<\/option>\n\t\t\t\t\t\t\t\t\t<option value=\"XXL\">XXL<\/option>\n\t\t\t\t\t\t\t<\/select>\n\t\t<\/div>\n\t\t\t\t\t\t<\/div>\n\t\t\t\t\t\t\t\t<div class=\"elementor-field-type-email elementor-field-group elementor-column elementor-field-group-message elementor-col-100 elementor-field-required elementor-mark-required\">\n\t\t\t\t\t\t\t\t\t\t\t\t<label for=\"form-field-message\" class=\"elementor-field-label\">\n\t\t\t\t\t\t\t\tE-mail\t\t\t\t\t\t\t<\/label>\n\t\t\t\t\t\t\t\t\t\t\t\t\t\t<input size=\"1\" type=\"email\" name=\"form_fields[message]\" id=\"form-field-message\" class=\"elementor-field elementor-size-sm  elementor-field-textual\" placeholder=\"E-mail c\u00edm\" required=\"required\">\n\t\t\t\t\t\t\t\t\t\t\t<\/div>\n\t\t\t\t\t\t\t\t<div class=\"elementor-field-type-text elementor-field-group elementor-column elementor-field-group-field_de57489 elementor-col-100 elementor-field-required elementor-mark-required\">\n\t\t\t\t\t\t\t\t\t\t\t\t<label for=\"form-field-field_de57489\" class=\"elementor-field-label\">\n\t\t\t\t\t\t\t\tAddress\t\t\t\t\t\t\t<\/label>\n\t\t\t\t\t\t\t\t\t\t\t\t\t\t<input size=\"1\" type=\"text\" name=\"form_fields[field_de57489]\" id=\"form-field-field_de57489\" class=\"elementor-field elementor-size-sm  elementor-field-textual\" placeholder=\"Postac\u00edm\" required=\"required\">\n\t\t\t\t\t\t\t\t\t\t\t<\/div>\n\t\t\t\t\t\t\t\t<div class=\"elementor-field-group elementor-column elementor-field-type-submit elementor-col-100 e-form__buttons\">\n\t\t\t\t\t<button class=\"elementor-button elementor-size-sm\" type=\"submit\">\n\t\t\t\t\t\t<span class=\"elementor-button-content-wrapper\">\n\t\t\t\t\t\t\t\t\t\t\t\t\t\t\t\t\t\t\t\t\t\t<span class=\"elementor-button-text\">Send<\/span>\n\t\t\t\t\t\t\t\t\t\t\t\t\t<\/span>\n\t\t\t\t\t<\/button>\n\t\t\t\t<\/div>\n\t\t\t<\/div>\n\t\t<input type=\"hidden\" name=\"trp-form-language\" value=\"en\"\/><\/form>\n\t\t\t\t\t\t<\/div>\n\t\t\t\t<\/div>\n\t\t\t\t\t<\/div>\n\t\t<\/div>\n\t\t\t\t\t<\/div>\n\t\t<\/section>\n\t\t\t\t\t<\/div>\n\t\t<\/div>\n\t\t\t\t\t<\/div>\n\t\t<\/section>\n\t\t\t\t<\/div>","protected":false},"excerpt":{"rendered":"<p>T\u00e1mogass p\u00f3l\u00f3val! Tim G\u00e1bor t\u00e1mogat\u00f3i p\u00f3l\u00f3 rendel\u00e9s Figyelem! Ez az oldal nem egy webshop. A megrendelhet\u0151 p\u00f3l\u00f3kkal t\u00e1mogatod a versenyz\u00e9semet. Megrendel\u00e9sed adom\u00e1nyk\u00e9nt \u00e9rkezik hozz\u00e1m. A p\u00f3l\u00f3kat t\u00e1mat\u00e1sk\u00e9nt megrendel\u0151k neve felker\u00fcl az aut\u00f3mra! Legy\u00e9lt Te is a t\u00e1mogatom! TIM Crew \u00daJ T\u00e1mogat\u00f3i p\u00f3l\u00f3 Member of TIM CREW P\u00f3l\u00f3 \u00e1ra: 9.000 Ft Megjegyz\u00e9s: A p\u00f3l\u00f3 a t\u00e1mogat\u00e1s [&hellip;]<\/p>","protected":false},"author":1,"featured_media":15110,"parent":0,"menu_order":0,"comment_status":"closed","ping_status":"closed","template":"elementor_header_footer","meta":{"footnotes":""},"class_list":["post-13534","page","type-page","status-publish","has-post-thumbnail","hentry"],"yoast_head":"<!-- This site is optimized with the Yoast SEO Premium plugin v25.1 (Yoast SEO v24.2) - https:\/\/yoast.com\/wordpress\/plugins\/seo\/ -->\n<title>T\u00e1mogass p\u00f3l\u00f3val! - TimGabor.hu<\/title>\n<meta name=\"description\" content=\"My name is G\u00e1bor Tim, a seven-time champion car racer from Hungary. It&#039;s the second year I&#039;ve been competing thanks to community donations. I&#039;ve participated in three Clio Cup Europe races so far. If you can, please help me continue this year. Everybody who makes a donation, or the logo of the sponsoring company will be placed on my car. %\" \/>\n<meta name=\"robots\" content=\"index, follow, max-snippet:-1, max-image-preview:large, max-video-preview:-1\" \/>\n<link rel=\"canonical\" href=\"https:\/\/timgabor.hu\/en\/polo\/\" \/>\n<meta property=\"og:locale\" content=\"en_GB\" \/>\n<meta property=\"og:type\" content=\"article\" \/>\n<meta property=\"og:title\" content=\"TIM G\u00c1BOR P\u00d3L\u00d3K\" \/>\n<meta property=\"og:description\" content=\"TIM G\u00c1BOR P\u00d3L\u00d3K\" \/>\n<meta property=\"og:url\" content=\"https:\/\/timgabor.hu\/en\/polo\/\" \/>\n<meta property=\"og:site_name\" content=\"TimGabor.hu\" \/>\n<meta property=\"article:modified_time\" content=\"2025-03-28T21:58:30+00:00\" \/>\n<meta name=\"twitter:card\" content=\"summary_large_image\" \/>\n<meta name=\"twitter:title\" content=\"TIM G\u00c1BOR P\u00d3L\u00d3K\" \/>\n<meta name=\"twitter:description\" content=\"TIM G\u00c1BOR P\u00d3L\u00d3K\" \/>\n<meta name=\"twitter:image\" content=\"https:\/\/timgabor.hu\/wp-content\/uploads\/2023\/05\/timcrew2.png\" \/>\n<meta name=\"twitter:label1\" content=\"Est. reading time\" \/>\n\t<meta name=\"twitter:data1\" content=\"1 minute\" \/>\n<script type=\"application\/ld+json\" class=\"yoast-schema-graph\">{\"@context\":\"https:\/\/schema.org\",\"@graph\":[{\"@type\":\"WebPage\",\"@id\":\"https:\/\/timgabor.hu\/polo\/\",\"url\":\"https:\/\/timgabor.hu\/polo\/\",\"name\":\"T\u00e1mogass p\u00f3l\u00f3val! - TimGabor.hu\",\"isPartOf\":{\"@id\":\"https:\/\/timgabor.hu\/#website\"},\"primaryImageOfPage\":{\"@id\":\"https:\/\/timgabor.hu\/polo\/#primaryimage\"},\"image\":{\"@id\":\"https:\/\/timgabor.hu\/polo\/#primaryimage\"},\"thumbnailUrl\":\"https:\/\/timgabor.hu\/wp-content\/uploads\/2024\/06\/polo1.jpg\",\"datePublished\":\"2023-05-25T10:24:40+00:00\",\"dateModified\":\"2025-03-28T21:58:30+00:00\",\"description\":\"My name is G\u00e1bor Tim, a seven-time champion car racer from Hungary. It's the second year I've been competing thanks to community donations. I've participated in three Clio Cup Europe races so far. If you can, please help me continue this year. Everybody who makes a donation, or the logo of the sponsoring company will be placed on my car. %\",\"breadcrumb\":{\"@id\":\"https:\/\/timgabor.hu\/polo\/#breadcrumb\"},\"inLanguage\":\"en-GB\",\"potentialAction\":[{\"@type\":\"ReadAction\",\"target\":[\"https:\/\/timgabor.hu\/polo\/\"]}]},{\"@type\":\"ImageObject\",\"inLanguage\":\"en-GB\",\"@id\":\"https:\/\/timgabor.hu\/polo\/#primaryimage\",\"url\":\"https:\/\/timgabor.hu\/wp-content\/uploads\/2024\/06\/polo1.jpg\",\"contentUrl\":\"https:\/\/timgabor.hu\/wp-content\/uploads\/2024\/06\/polo1.jpg\",\"width\":1080,\"height\":720},{\"@type\":\"BreadcrumbList\",\"@id\":\"https:\/\/timgabor.hu\/polo\/#breadcrumb\",\"itemListElement\":[{\"@type\":\"ListItem\",\"position\":1,\"name\":\"Kezd\u0151lap\",\"item\":\"https:\/\/timgabor.hu\/\"},{\"@type\":\"ListItem\",\"position\":2,\"name\":\"T\u00e1mogass p\u00f3l\u00f3val!\"}]},{\"@type\":\"WebSite\",\"@id\":\"https:\/\/timgabor.hu\/#website\",\"url\":\"https:\/\/timgabor.hu\/\",\"name\":\"TimGabor.hu\",\"description\":\"Tim G\u00e1bor hivatalos weboldala \/ H\u00e9tszeres bajnok aut\u00f3versenyz\u0151\",\"publisher\":{\"@id\":\"https:\/\/timgabor.hu\/#\/schema\/person\/226226f5bdfe2a1cf1501afbb75ebd6a\"},\"potentialAction\":[{\"@type\":\"SearchAction\",\"target\":{\"@type\":\"EntryPoint\",\"urlTemplate\":\"https:\/\/timgabor.hu\/?s={search_term_string}\"},\"query-input\":{\"@type\":\"PropertyValueSpecification\",\"valueRequired\":true,\"valueName\":\"search_term_string\"}}],\"inLanguage\":\"en-GB\"},{\"@type\":[\"Person\",\"Organization\"],\"@id\":\"https:\/\/timgabor.hu\/#\/schema\/person\/226226f5bdfe2a1cf1501afbb75ebd6a\",\"name\":\"emerico\",\"image\":{\"@type\":\"ImageObject\",\"inLanguage\":\"en-GB\",\"@id\":\"https:\/\/timgabor.hu\/#\/schema\/person\/image\/\",\"url\":\"https:\/\/timgabor.hu\/wp-content\/uploads\/2021\/09\/timgabor2022-350x100-1.svg\",\"contentUrl\":\"https:\/\/timgabor.hu\/wp-content\/uploads\/2021\/09\/timgabor2022-350x100-1.svg\",\"width\":350,\"height\":100,\"caption\":\"emerico\"},\"logo\":{\"@id\":\"https:\/\/timgabor.hu\/#\/schema\/person\/image\/\"}}]}<\/script>\n<!-- \/ Yoast SEO Premium plugin. -->","yoast_head_json":{"title":"T\u00e1mogass p\u00f3l\u00f3val! - TimGabor.hu","description":"My name is G\u00e1bor Tim, a seven-time champion car racer from Hungary. It's the second year I've been competing thanks to community donations. I've participated in three Clio Cup Europe races so far. If you can, please help me continue this year. Everybody who makes a donation, or the logo of the sponsoring company will be placed on my car. %","robots":{"index":"index","follow":"follow","max-snippet":"max-snippet:-1","max-image-preview":"max-image-preview:large","max-video-preview":"max-video-preview:-1"},"canonical":"https:\/\/timgabor.hu\/en\/polo\/","og_locale":"en_GB","og_type":"article","og_title":"TIM G\u00c1BOR P\u00d3L\u00d3K","og_description":"TIM G\u00c1BOR P\u00d3L\u00d3K","og_url":"https:\/\/timgabor.hu\/en\/polo\/","og_site_name":"TimGabor.hu","article_modified_time":"2025-03-28T21:58:30+00:00","twitter_card":"summary_large_image","twitter_title":"TIM G\u00c1BOR P\u00d3L\u00d3K","twitter_description":"TIM G\u00c1BOR P\u00d3L\u00d3K","twitter_image":"https:\/\/timgabor.hu\/wp-content\/uploads\/2023\/05\/timcrew2.png","twitter_misc":{"Est. reading time":"1 minute"},"schema":{"@context":"https:\/\/schema.org","@graph":[{"@type":"WebPage","@id":"https:\/\/timgabor.hu\/polo\/","url":"https:\/\/timgabor.hu\/polo\/","name":"T\u00e1mogass p\u00f3l\u00f3val! - TimGabor.hu","isPartOf":{"@id":"https:\/\/timgabor.hu\/#website"},"primaryImageOfPage":{"@id":"https:\/\/timgabor.hu\/polo\/#primaryimage"},"image":{"@id":"https:\/\/timgabor.hu\/polo\/#primaryimage"},"thumbnailUrl":"https:\/\/timgabor.hu\/wp-content\/uploads\/2024\/06\/polo1.jpg","datePublished":"2023-05-25T10:24:40+00:00","dateModified":"2025-03-28T21:58:30+00:00","description":"My name is G\u00e1bor Tim, a seven-time champion car racer from Hungary. It's the second year I've been competing thanks to community donations. I've participated in three Clio Cup Europe races so far. If you can, please help me continue this year. Everybody who makes a donation, or the logo of the sponsoring company will be placed on my car. %","breadcrumb":{"@id":"https:\/\/timgabor.hu\/polo\/#breadcrumb"},"inLanguage":"en-GB","potentialAction":[{"@type":"ReadAction","target":["https:\/\/timgabor.hu\/polo\/"]}]},{"@type":"ImageObject","inLanguage":"en-GB","@id":"https:\/\/timgabor.hu\/polo\/#primaryimage","url":"https:\/\/timgabor.hu\/wp-content\/uploads\/2024\/06\/polo1.jpg","contentUrl":"https:\/\/timgabor.hu\/wp-content\/uploads\/2024\/06\/polo1.jpg","width":1080,"height":720},{"@type":"BreadcrumbList","@id":"https:\/\/timgabor.hu\/polo\/#breadcrumb","itemListElement":[{"@type":"ListItem","position":1,"name":"Kezd\u0151lap","item":"https:\/\/timgabor.hu\/"},{"@type":"ListItem","position":2,"name":"T\u00e1mogass p\u00f3l\u00f3val!"}]},{"@type":"WebSite","@id":"https:\/\/timgabor.hu\/#website","url":"https:\/\/timgabor.hu\/","name":"TimGabor.hu","description":"Tim G\u00e1bor hivatalos weboldala \/ H\u00e9tszeres bajnok aut\u00f3versenyz\u0151","publisher":{"@id":"https:\/\/timgabor.hu\/#\/schema\/person\/226226f5bdfe2a1cf1501afbb75ebd6a"},"potentialAction":[{"@type":"SearchAction","target":{"@type":"EntryPoint","urlTemplate":"https:\/\/timgabor.hu\/?s={search_term_string}"},"query-input":{"@type":"PropertyValueSpecification","valueRequired":true,"valueName":"search_term_string"}}],"inLanguage":"en-GB"},{"@type":["Person","Organization"],"@id":"https:\/\/timgabor.hu\/#\/schema\/person\/226226f5bdfe2a1cf1501afbb75ebd6a","name":"emerico","image":{"@type":"ImageObject","inLanguage":"en-GB","@id":"https:\/\/timgabor.hu\/#\/schema\/person\/image\/","url":"https:\/\/timgabor.hu\/wp-content\/uploads\/2021\/09\/timgabor2022-350x100-1.svg","contentUrl":"https:\/\/timgabor.hu\/wp-content\/uploads\/2021\/09\/timgabor2022-350x100-1.svg","width":350,"height":100,"caption":"emerico"},"logo":{"@id":"https:\/\/timgabor.hu\/#\/schema\/person\/image\/"}}]}},"_links":{"self":[{"href":"https:\/\/timgabor.hu\/en\/wp-json\/wp\/v2\/pages\/13534"}],"collection":[{"href":"https:\/\/timgabor.hu\/en\/wp-json\/wp\/v2\/pages"}],"about":[{"href":"https:\/\/timgabor.hu\/en\/wp-json\/wp\/v2\/types\/page"}],"author":[{"embeddable":true,"href":"https:\/\/timgabor.hu\/en\/wp-json\/wp\/v2\/users\/1"}],"replies":[{"embeddable":true,"href":"https:\/\/timgabor.hu\/en\/wp-json\/wp\/v2\/comments?post=13534"}],"version-history":[{"count":73,"href":"https:\/\/timgabor.hu\/en\/wp-json\/wp\/v2\/pages\/13534\/revisions"}],"predecessor-version":[{"id":15763,"href":"https:\/\/timgabor.hu\/en\/wp-json\/wp\/v2\/pages\/13534\/revisions\/15763"}],"wp:featuredmedia":[{"embeddable":true,"href":"https:\/\/timgabor.hu\/en\/wp-json\/wp\/v2\/media\/15110"}],"wp:attachment":[{"href":"https:\/\/timgabor.hu\/en\/wp-json\/wp\/v2\/media?parent=13534"}],"curies":[{"name":"wp","href":"https:\/\/api.w.org\/{rel}","templated":true}]}}