{"id":12767,"date":"2023-04-11T09:56:52","date_gmt":"2023-04-11T07:56:52","guid":{"rendered":"https:\/\/timgabor.hu\/?page_id=12767"},"modified":"2025-05-20T17:04:43","modified_gmt":"2025-05-20T15:04:43","slug":"versenynaptar2025","status":"publish","type":"page","link":"https:\/\/timgabor.hu\/en\/versenynaptar2025\/","title":{"rendered":"Versenynapt\u00e1r 2025"},"content":{"rendered":"<div data-elementor-type=\"wp-page\" data-elementor-id=\"12767\" class=\"elementor elementor-12767\" data-elementor-post-type=\"page\">\n\t\t\t\t\t\t<section class=\"elementor-section elementor-top-section elementor-element elementor-element-32c887a5 elementor-section-boxed elementor-section-height-default elementor-section-height-default\" data-id=\"32c887a5\" data-element_type=\"section\">\n\t\t\t\t\t\t<div class=\"elementor-container elementor-column-gap-default\">\n\t\t\t\t\t<div class=\"elementor-column elementor-col-100 elementor-top-column elementor-element elementor-element-f34c6d1\" data-id=\"f34c6d1\" data-element_type=\"column\">\n\t\t\t<div class=\"elementor-widget-wrap elementor-element-populated\">\n\t\t\t\t\t\t<div class=\"elementor-element elementor-element-6127dd0 elementor-widget-divider--view-line_text elementor-widget-divider--element-align-center elementor-widget elementor-widget-divider\" data-id=\"6127dd0\" data-element_type=\"widget\" data-widget_type=\"divider.default\">\n\t\t\t\t<div class=\"elementor-widget-container\">\n\t\t\t\t\t\t\t<div class=\"elementor-divider\">\n\t\t\t<span class=\"elementor-divider-separator\">\n\t\t\t\t\t\t\t<span class=\"elementor-divider__text elementor-divider__element\">\n\t\t\t\tRace Calendar\t\t\t\t<\/span>\n\t\t\t\t\t\t<\/span>\n\t\t<\/div>\n\t\t\t\t\t\t<\/div>\n\t\t\t\t<\/div>\n\t\t\t\t<div class=\"elementor-element elementor-element-1073f5b elementor-widget elementor-widget-text-editor\" data-id=\"1073f5b\" data-element_type=\"widget\" data-widget_type=\"text-editor.default\">\n\t\t\t\t<div class=\"elementor-widget-container\">\n\t\t\t\t\t\t\t\t\t<div>\n<div>\n<div>\n<h3 style=\"text-align: center;\">GT Cup Series<br \/>2025<\/h3>\n<\/div>\n<div style=\"text-align: center;\">\n<div class=\"wpsm_comptable_shortcode_echo\">\t\t\t\t\t\t<div class=\"wpsm-comptable-wrap\">\n\t\t\t\t<table id=\"wpsm-table-18\" class=\"wpsm-comptable  wpsm-comptable-responsive\">\n\t\t\t\t\t\t\t\t\t<thead class=\"wpsm-thead wpsm-thead-default\">\n\t\t\t\t\t\t<tr>\t\t\t\t\t\t\t\n\t\t\t\t\t\t\t\t\t\t\t\t\t\t\t\t\t\t\t\t\t\t\t\t<th>Date<\/th>\n\t\t\t\t\t\t\t\t\t\n\t\t\t\t\t\t\t\t\n\t\t\t\t\t\t\t\t\t\t\t\t\t\t\t\t\t\t\t\t\t\t\t\t<th>Event<\/th>\n\t\t\t\t\t\t\t\t\t\n\t\t\t\t\t\t\t\t\n\t\t\t\t\t\t\t\t\t\t\t\t\t\t\t\t\t\t\t\t\t\t\t\t<th>Qualifying 1.<\/th>\n\t\t\t\t\t\t\t\t\t\n\t\t\t\t\t\t\t\t\n\t\t\t\t\t\t\t\t\t\t\t\t\t\t\t\t\t\t\t\t\t\t\t\t<th>Race 1.<\/th>\n\t\t\t\t\t\t\t\t\t\n\t\t\t\t\t\t\t\t\n\t\t\t\t\t\t\t\t\t\t\t\t\t\t\t\t\t\t\t\t\t\t\t\t<th>Qualifying 2.<\/th>\n\t\t\t\t\t\t\t\t\t\n\t\t\t\t\t\t\t\t\n\t\t\t\t\t\t\t\t\t\t\t\t\t\t\t\t\t\t\t\t\t\t\t\t<th>Race 2.<\/th>\n\t\t\t\t\t\t\t\t\t\n\t\t\t\t\t\t\t\t\n\t\t\t\t\t\t\t\t\t\t\t\t\t<\/tr>\n\t\t\t\t\t<\/thead>\n\t\t\t\t\t<tbody class=\"wpsm-tbody\">\n\t\t\t\t\t\t\t\t\t\t\t\t\t\t\t\t<tr>\t\t\t\t\t\t\t\t\t\t\t\t\t\t\t<td>\t\t\t\t\t\t\t\t\t\t\t\t\t\t\t\t\t\t\t\t\t\t\t\t\t\t2024. m\u00e1jus 16-18.\t\t\t\t\t\t\t\t\t\t\t\t\t\t\t\t<\/td>\n\t\t\t\t\t\t\t\t\t\t\t\t\t\t\t\t\t\t\t\t\t\t\t<td>\t\t\t\t\t\t\t\t\t\t\t\t\t\t\t\t\t\t\t\t\t\t\t\t\t\tRed Bull Ring\t\t\t\t\t\t\t\t\t\t\t\t\t\t\t\t<\/td>\n\t\t\t\t\t\t\t\t\t\t\t\t\t\t\t\t\t\t\t\t\t\t\t<td>\t\t\t\t\t\t\t\t\t\t\t\t\t\t\t\t\t\t\t\t\t\t\t\t\t\t<a href=\"https:\/\/timgabor.hu\/wp-content\/uploads\/2025\/05\/GT-CUP-SERIES-Qualifying-1-R1.pdf\" target=\"_blank\">19. hely<br>GTX 9.<\/a>\t\t\t\t\t\t\t\t\t\t\t\t\t\t\t\t<\/td>\n\t\t\t\t\t\t\t\t\t\t\t\t\t\t\t\t\t\t\t\t\t\t\t<td>\t\t\t\t\t\t\t\t\t\t\t\t\t\t\t\t\t\t\t\t\t\t\t\t\t\t<a href=\"https:\/\/timgabor.hu\/wp-content\/uploads\/2025\/05\/GT-CUP-SERIES-Race-1.pdf\" target=\"_blank\">17. hely<br>GTX 8.<\/a>\t\t\t\t\t\t\t\t\t\t\t\t\t\t\t\t<\/td>\n\t\t\t\t\t\t\t\t\t\t\t\t\t\t\t\t\t\t\t\t\t\t\t<td>\t\t\t\t\t\t\t\t\t\t\t\t\t\t\t\t\t\t\t\t\t\t\t\t\t\t<a href=\"https:\/\/timgabor.hu\/wp-content\/uploads\/2025\/05\/GT-CUP-SERIES-Qualifying-2-R2.pdf\" target=\"_blank\">18. hely<br>GTX 8.<\/a>\t\t\t\t\t\t\t\t\t\t\t\t\t\t\t\t<\/td>\n\t\t\t\t\t\t\t\t\t\t\t\t\t\t\t\t\t\t\t\t\t\t\t<td>\t\t\t\t\t\t\t\t\t\t\t\t\t\t\t\t\t\t\t\t\t\t\t\t\t\t<a href=\"https:\/\/timgabor.hu\/wp-content\/uploads\/2025\/05\/GT-CUP-SERIES-Race-2.pdf\" target=\"_blank\">15. hely<br>GTX 7.<\/a>\t\t\t\t\t\t\t\t\t\t\t\t\t\t\t\t<\/td>\n\t\t\t\t\t\t\t\t\t\t\t\t\t\t\t\t\t\t\t\t\t<\/tr>\n\t\t\t\t\t\t\t\t\t\t\t\t\t\t\t\t<tr>\t\t\t\t\t\t\t\t\t\t\t\t\t\t\t<td>\t\t\t\t\t\t\t\t\t\t\t\t\t\t\t\t\t\t\t\t\t\t\t\t\t\t2024. j\u00fanius 6-7.\t\t\t\t\t\t\t\t\t\t\t\t\t\t\t\t<\/td>\n\t\t\t\t\t\t\t\t\t\t\t\t\t\t\t\t\t\t\t\t\t\t\t<td>\t\t\t\t\t\t\t\t\t\t\t\t\t\t\t\t\t\t\t\t\t\t\t\t\t\tSlovakiaring 1.\t\t\t\t\t\t\t\t\t\t\t\t\t\t\t\t<\/td>\n\t\t\t\t\t\t\t\t\t\t\t\t\t\t\t\t\t\t\t\t\t\t\t<td>\t\t\t\t\t\t\t\t\t\t\t\t\t\t\t\t<\/td>\n\t\t\t\t\t\t\t\t\t\t\t\t\t\t\t\t\t\t\t\t\t\t\t<td>\t\t\t\t\t\t\t\t\t\t\t\t\t\t\t\t<\/td>\n\t\t\t\t\t\t\t\t\t\t\t\t\t\t\t\t\t\t\t\t\t\t\t<td>\t\t\t\t\t\t\t\t\t\t\t\t\t\t\t\t<\/td>\n\t\t\t\t\t\t\t\t\t\t\t\t\t\t\t\t\t\t\t\t\t\t\t<td>\t\t\t\t\t\t\t\t\t\t\t\t\t\t\t\t<\/td>\n\t\t\t\t\t\t\t\t\t\t\t\t\t\t\t\t\t\t\t\t\t<\/tr>\n\t\t\t\t\t\t\t\t\t\t\t\t\t\t\t\t<tr>\t\t\t\t\t\t\t\t\t\t\t\t\t\t\t<td>\t\t\t\t\t\t\t\t\t\t\t\t\t\t\t\t\t\t\t\t\t\t\t\t\t\t2024. j\u00fanius 13-14.\t\t\t\t\t\t\t\t\t\t\t\t\t\t\t\t<\/td>\n\t\t\t\t\t\t\t\t\t\t\t\t\t\t\t\t\t\t\t\t\t\t\t<td>\t\t\t\t\t\t\t\t\t\t\t\t\t\t\t\t\t\t\t\t\t\t\t\t\t\tLausitzring\t\t\t\t\t\t\t\t\t\t\t\t\t\t\t\t<\/td>\n\t\t\t\t\t\t\t\t\t\t\t\t\t\t\t\t\t\t\t\t\t\t\t<td>\t\t\t\t\t\t\t\t\t\t\t\t\t\t\t\t<\/td>\n\t\t\t\t\t\t\t\t\t\t\t\t\t\t\t\t\t\t\t\t\t\t\t<td>\t\t\t\t\t\t\t\t\t\t\t\t\t\t\t\t<\/td>\n\t\t\t\t\t\t\t\t\t\t\t\t\t\t\t\t\t\t\t\t\t\t\t<td>\t\t\t\t\t\t\t\t\t\t\t\t\t\t\t\t<\/td>\n\t\t\t\t\t\t\t\t\t\t\t\t\t\t\t\t\t\t\t\t\t\t\t<td>\t\t\t\t\t\t\t\t\t\t\t\t\t\t\t\t<\/td>\n\t\t\t\t\t\t\t\t\t\t\t\t\t\t\t\t\t\t\t\t\t<\/tr>\n\t\t\t\t\t\t\t\t\t\t\t\t\t\t\t\t<tr>\t\t\t\t\t\t\t\t\t\t\t\t\t\t\t<td>\t\t\t\t\t\t\t\t\t\t\t\t\t\t\t\t\t\t\t\t\t\t\t\t\t\t2024. j\u00fanius 27-29.\t\t\t\t\t\t\t\t\t\t\t\t\t\t\t\t<\/td>\n\t\t\t\t\t\t\t\t\t\t\t\t\t\t\t\t\t\t\t\t\t\t\t<td>\t\t\t\t\t\t\t\t\t\t\t\t\t\t\t\t\t\t\t\t\t\t\t\t\t\tPoznan\t\t\t\t\t\t\t\t\t\t\t\t\t\t\t\t<\/td>\n\t\t\t\t\t\t\t\t\t\t\t\t\t\t\t\t\t\t\t\t\t\t\t<td>\t\t\t\t\t\t\t\t\t\t\t\t\t\t\t\t<\/td>\n\t\t\t\t\t\t\t\t\t\t\t\t\t\t\t\t\t\t\t\t\t\t\t<td>\t\t\t\t\t\t\t\t\t\t\t\t\t\t\t\t<\/td>\n\t\t\t\t\t\t\t\t\t\t\t\t\t\t\t\t\t\t\t\t\t\t\t<td>\t\t\t\t\t\t\t\t\t\t\t\t\t\t\t\t<\/td>\n\t\t\t\t\t\t\t\t\t\t\t\t\t\t\t\t\t\t\t\t\t\t\t<td>\t\t\t\t\t\t\t\t\t\t\t\t\t\t\t\t<\/td>\n\t\t\t\t\t\t\t\t\t\t\t\t\t\t\t\t\t\t\t\t\t<\/tr>\n\t\t\t\t\t\t\t\t\t\t\t\t\t\t\t\t<tr>\t\t\t\t\t\t\t\t\t\t\t\t\t\t\t<td>\t\t\t\t\t\t\t\t\t\t\t\t\t\t\t\t\t\t\t\t\t\t\t\t\t\t2024. j\u00falius 25-27.\t\t\t\t\t\t\t\t\t\t\t\t\t\t\t\t<\/td>\n\t\t\t\t\t\t\t\t\t\t\t\t\t\t\t\t\t\t\t\t\t\t\t<td>\t\t\t\t\t\t\t\t\t\t\t\t\t\t\t\t\t\t\t\t\t\t\t\t\t\tMost\t\t\t\t\t\t\t\t\t\t\t\t\t\t\t\t<\/td>\n\t\t\t\t\t\t\t\t\t\t\t\t\t\t\t\t\t\t\t\t\t\t\t<td>\t\t\t\t\t\t\t\t\t\t\t\t\t\t\t\t<\/td>\n\t\t\t\t\t\t\t\t\t\t\t\t\t\t\t\t\t\t\t\t\t\t\t<td>\t\t\t\t\t\t\t\t\t\t\t\t\t\t\t\t<\/td>\n\t\t\t\t\t\t\t\t\t\t\t\t\t\t\t\t\t\t\t\t\t\t\t<td>\t\t\t\t\t\t\t\t\t\t\t\t\t\t\t\t<\/td>\n\t\t\t\t\t\t\t\t\t\t\t\t\t\t\t\t\t\t\t\t\t\t\t<td>\t\t\t\t\t\t\t\t\t\t\t\t\t\t\t\t<\/td>\n\t\t\t\t\t\t\t\t\t\t\t\t\t\t\t\t\t\t\t\t\t<\/tr>\n\t\t\t\t\t\t\t\t\t\t\t\t\t\t\t\t<tr>\t\t\t\t\t\t\t\t\t\t\t\t\t\t\t<td>\t\t\t\t\t\t\t\t\t\t\t\t\t\t\t\t\t\t\t\t\t\t\t\t\t\t2024. augusztus 22-24.\t\t\t\t\t\t\t\t\t\t\t\t\t\t\t\t<\/td>\n\t\t\t\t\t\t\t\t\t\t\t\t\t\t\t\t\t\t\t\t\t\t\t<td>\t\t\t\t\t\t\t\t\t\t\t\t\t\t\t\t\t\t\t\t\t\t\t\t\t\tSlovakiaring 2.\t\t\t\t\t\t\t\t\t\t\t\t\t\t\t\t<\/td>\n\t\t\t\t\t\t\t\t\t\t\t\t\t\t\t\t\t\t\t\t\t\t\t<td>\t\t\t\t\t\t\t\t\t\t\t\t\t\t\t\t<\/td>\n\t\t\t\t\t\t\t\t\t\t\t\t\t\t\t\t\t\t\t\t\t\t\t<td>\t\t\t\t\t\t\t\t\t\t\t\t\t\t\t\t<\/td>\n\t\t\t\t\t\t\t\t\t\t\t\t\t\t\t\t\t\t\t\t\t\t\t<td>\t\t\t\t\t\t\t\t\t\t\t\t\t\t\t\t<\/td>\n\t\t\t\t\t\t\t\t\t\t\t\t\t\t\t\t\t\t\t\t\t\t\t<td>\t\t\t\t\t\t\t\t\t\t\t\t\t\t\t\t<\/td>\n\t\t\t\t\t\t\t\t\t\t\t\t\t\t\t\t\t\t\t\t\t<\/tr>\n\t\t\t\t\t\t\t\t\t\t\t\t\t\t\t\t<tr>\t\t\t\t\t\t\t\t\t\t\t\t\t\t\t<td>\t\t\t\t\t\t\t\t\t\t\t\t\t\t\t\t\t\t\t\t\t\t\t\t\t\t2024. szeptember 5-7.\t\t\t\t\t\t\t\t\t\t\t\t\t\t\t\t<\/td>\n\t\t\t\t\t\t\t\t\t\t\t\t\t\t\t\t\t\t\t\t\t\t\t<td>\t\t\t\t\t\t\t\t\t\t\t\t\t\t\t\t\t\t\t\t\t\t\t\t\t\tBrno\t\t\t\t\t\t\t\t\t\t\t\t\t\t\t\t<\/td>\n\t\t\t\t\t\t\t\t\t\t\t\t\t\t\t\t\t\t\t\t\t\t\t<td>\t\t\t\t\t\t\t\t\t\t\t\t\t\t\t\t<\/td>\n\t\t\t\t\t\t\t\t\t\t\t\t\t\t\t\t\t\t\t\t\t\t\t<td>\t\t\t\t\t\t\t\t\t\t\t\t\t\t\t\t<\/td>\n\t\t\t\t\t\t\t\t\t\t\t\t\t\t\t\t\t\t\t\t\t\t\t<td>\t\t\t\t\t\t\t\t\t\t\t\t\t\t\t\t<\/td>\n\t\t\t\t\t\t\t\t\t\t\t\t\t\t\t\t\t\t\t\t\t\t\t<td>\t\t\t\t\t\t\t\t\t\t\t\t\t\t\t\t<\/td>\n\t\t\t\t\t\t\t\t\t\t\t\t\t\t\t\t\t\t\t\t\t<\/tr>\n\t\t\t\t\t\t\t\t\t\t<\/tbody>\n\t\t\t\t<\/table>\n\t\t\t<\/div>\n\t\t<\/div>\n<\/div>\n<\/div>\n<\/div>\n<div style=\"text-align: center;\">\u00a0<\/div>\t\t\t\t\t\t\t\t<\/div>\n\t\t\t\t<\/div>\n\t\t\t\t\t<\/div>\n\t\t<\/div>\n\t\t\t\t\t<\/div>\n\t\t<\/section>\n\t\t\t\t<\/div>","protected":false},"excerpt":{"rendered":"<p>Versenynapt\u00e1r GT Cup Series2025 \u00a0<\/p>","protected":false},"author":1,"featured_media":15824,"parent":0,"menu_order":0,"comment_status":"closed","ping_status":"closed","template":"elementor_header_footer","meta":{"footnotes":""},"class_list":["post-12767","page","type-page","status-publish","has-post-thumbnail","hentry"],"yoast_head":"<!-- This site is optimized with the Yoast SEO Premium plugin v25.1 (Yoast SEO v24.2) - https:\/\/yoast.com\/wordpress\/plugins\/seo\/ -->\n<title>Versenynapt\u00e1r 2025 - TimGabor.hu<\/title>\n<meta name=\"robots\" content=\"index, follow, max-snippet:-1, max-image-preview:large, max-video-preview:-1\" \/>\n<link rel=\"canonical\" href=\"https:\/\/timgabor.hu\/en\/versenynaptar2025\/\" \/>\n<meta property=\"og:locale\" content=\"en_GB\" \/>\n<meta property=\"og:type\" content=\"article\" \/>\n<meta property=\"og:title\" content=\"Versenynapt\u00e1r 2025 - TimGabor.hu\" \/>\n<meta property=\"og:description\" content=\"Versenynapt\u00e1r GT Cup Series2025 \u00a0\" \/>\n<meta property=\"og:url\" content=\"https:\/\/timgabor.hu\/en\/versenynaptar2025\/\" \/>\n<meta property=\"og:site_name\" content=\"TimGabor.hu\" \/>\n<meta property=\"article:modified_time\" content=\"2025-05-20T15:04:43+00:00\" \/>\n<meta property=\"og:image\" content=\"https:\/\/timgabor.hu\/wp-content\/uploads\/2025\/05\/R1PF1082.jpg\" \/>\n\t<meta property=\"og:image:width\" content=\"1920\" \/>\n\t<meta property=\"og:image:height\" content=\"1280\" \/>\n\t<meta property=\"og:image:type\" content=\"image\/jpeg\" \/>\n<meta name=\"twitter:card\" content=\"summary_large_image\" \/>\n<meta name=\"twitter:label1\" content=\"Est. reading time\" \/>\n\t<meta name=\"twitter:data1\" content=\"1 minute\" \/>\n<script type=\"application\/ld+json\" class=\"yoast-schema-graph\">{\"@context\":\"https:\/\/schema.org\",\"@graph\":[{\"@type\":\"WebPage\",\"@id\":\"https:\/\/timgabor.hu\/versenynaptar2025\/\",\"url\":\"https:\/\/timgabor.hu\/versenynaptar2025\/\",\"name\":\"Versenynapt\u00e1r 2025 - TimGabor.hu\",\"isPartOf\":{\"@id\":\"https:\/\/timgabor.hu\/#website\"},\"primaryImageOfPage\":{\"@id\":\"https:\/\/timgabor.hu\/versenynaptar2025\/#primaryimage\"},\"image\":{\"@id\":\"https:\/\/timgabor.hu\/versenynaptar2025\/#primaryimage\"},\"thumbnailUrl\":\"https:\/\/timgabor.hu\/wp-content\/uploads\/2025\/05\/R1PF1082.jpg\",\"datePublished\":\"2023-04-11T07:56:52+00:00\",\"dateModified\":\"2025-05-20T15:04:43+00:00\",\"breadcrumb\":{\"@id\":\"https:\/\/timgabor.hu\/versenynaptar2025\/#breadcrumb\"},\"inLanguage\":\"en-GB\",\"potentialAction\":[{\"@type\":\"ReadAction\",\"target\":[\"https:\/\/timgabor.hu\/versenynaptar2025\/\"]}]},{\"@type\":\"ImageObject\",\"inLanguage\":\"en-GB\",\"@id\":\"https:\/\/timgabor.hu\/versenynaptar2025\/#primaryimage\",\"url\":\"https:\/\/timgabor.hu\/wp-content\/uploads\/2025\/05\/R1PF1082.jpg\",\"contentUrl\":\"https:\/\/timgabor.hu\/wp-content\/uploads\/2025\/05\/R1PF1082.jpg\",\"width\":1920,\"height\":1280},{\"@type\":\"BreadcrumbList\",\"@id\":\"https:\/\/timgabor.hu\/versenynaptar2025\/#breadcrumb\",\"itemListElement\":[{\"@type\":\"ListItem\",\"position\":1,\"name\":\"Kezd\u0151lap\",\"item\":\"https:\/\/timgabor.hu\/\"},{\"@type\":\"ListItem\",\"position\":2,\"name\":\"Versenynapt\u00e1r 2025\"}]},{\"@type\":\"WebSite\",\"@id\":\"https:\/\/timgabor.hu\/#website\",\"url\":\"https:\/\/timgabor.hu\/\",\"name\":\"TimGabor.hu\",\"description\":\"Tim G\u00e1bor hivatalos weboldala \/ H\u00e9tszeres bajnok aut\u00f3versenyz\u0151\",\"publisher\":{\"@id\":\"https:\/\/timgabor.hu\/#\/schema\/person\/226226f5bdfe2a1cf1501afbb75ebd6a\"},\"potentialAction\":[{\"@type\":\"SearchAction\",\"target\":{\"@type\":\"EntryPoint\",\"urlTemplate\":\"https:\/\/timgabor.hu\/?s={search_term_string}\"},\"query-input\":{\"@type\":\"PropertyValueSpecification\",\"valueRequired\":true,\"valueName\":\"search_term_string\"}}],\"inLanguage\":\"en-GB\"},{\"@type\":[\"Person\",\"Organization\"],\"@id\":\"https:\/\/timgabor.hu\/#\/schema\/person\/226226f5bdfe2a1cf1501afbb75ebd6a\",\"name\":\"emerico\",\"image\":{\"@type\":\"ImageObject\",\"inLanguage\":\"en-GB\",\"@id\":\"https:\/\/timgabor.hu\/#\/schema\/person\/image\/\",\"url\":\"https:\/\/timgabor.hu\/wp-content\/uploads\/2021\/09\/timgabor2022-350x100-1.svg\",\"contentUrl\":\"https:\/\/timgabor.hu\/wp-content\/uploads\/2021\/09\/timgabor2022-350x100-1.svg\",\"width\":350,\"height\":100,\"caption\":\"emerico\"},\"logo\":{\"@id\":\"https:\/\/timgabor.hu\/#\/schema\/person\/image\/\"}}]}<\/script>\n<!-- \/ Yoast SEO Premium plugin. -->","yoast_head_json":{"title":"Versenynapt\u00e1r 2025 - TimGabor.hu","robots":{"index":"index","follow":"follow","max-snippet":"max-snippet:-1","max-image-preview":"max-image-preview:large","max-video-preview":"max-video-preview:-1"},"canonical":"https:\/\/timgabor.hu\/en\/versenynaptar2025\/","og_locale":"en_GB","og_type":"article","og_title":"Versenynapt\u00e1r 2025 - TimGabor.hu","og_description":"Versenynapt\u00e1r GT Cup Series2025 \u00a0","og_url":"https:\/\/timgabor.hu\/en\/versenynaptar2025\/","og_site_name":"TimGabor.hu","article_modified_time":"2025-05-20T15:04:43+00:00","og_image":[{"width":1920,"height":1280,"url":"https:\/\/timgabor.hu\/wp-content\/uploads\/2025\/05\/R1PF1082.jpg","type":"image\/jpeg"}],"twitter_card":"summary_large_image","twitter_misc":{"Est. reading time":"1 minute"},"schema":{"@context":"https:\/\/schema.org","@graph":[{"@type":"WebPage","@id":"https:\/\/timgabor.hu\/versenynaptar2025\/","url":"https:\/\/timgabor.hu\/versenynaptar2025\/","name":"Versenynapt\u00e1r 2025 - TimGabor.hu","isPartOf":{"@id":"https:\/\/timgabor.hu\/#website"},"primaryImageOfPage":{"@id":"https:\/\/timgabor.hu\/versenynaptar2025\/#primaryimage"},"image":{"@id":"https:\/\/timgabor.hu\/versenynaptar2025\/#primaryimage"},"thumbnailUrl":"https:\/\/timgabor.hu\/wp-content\/uploads\/2025\/05\/R1PF1082.jpg","datePublished":"2023-04-11T07:56:52+00:00","dateModified":"2025-05-20T15:04:43+00:00","breadcrumb":{"@id":"https:\/\/timgabor.hu\/versenynaptar2025\/#breadcrumb"},"inLanguage":"en-GB","potentialAction":[{"@type":"ReadAction","target":["https:\/\/timgabor.hu\/versenynaptar2025\/"]}]},{"@type":"ImageObject","inLanguage":"en-GB","@id":"https:\/\/timgabor.hu\/versenynaptar2025\/#primaryimage","url":"https:\/\/timgabor.hu\/wp-content\/uploads\/2025\/05\/R1PF1082.jpg","contentUrl":"https:\/\/timgabor.hu\/wp-content\/uploads\/2025\/05\/R1PF1082.jpg","width":1920,"height":1280},{"@type":"BreadcrumbList","@id":"https:\/\/timgabor.hu\/versenynaptar2025\/#breadcrumb","itemListElement":[{"@type":"ListItem","position":1,"name":"Kezd\u0151lap","item":"https:\/\/timgabor.hu\/"},{"@type":"ListItem","position":2,"name":"Versenynapt\u00e1r 2025"}]},{"@type":"WebSite","@id":"https:\/\/timgabor.hu\/#website","url":"https:\/\/timgabor.hu\/","name":"TimGabor.hu","description":"Tim G\u00e1bor hivatalos weboldala \/ H\u00e9tszeres bajnok aut\u00f3versenyz\u0151","publisher":{"@id":"https:\/\/timgabor.hu\/#\/schema\/person\/226226f5bdfe2a1cf1501afbb75ebd6a"},"potentialAction":[{"@type":"SearchAction","target":{"@type":"EntryPoint","urlTemplate":"https:\/\/timgabor.hu\/?s={search_term_string}"},"query-input":{"@type":"PropertyValueSpecification","valueRequired":true,"valueName":"search_term_string"}}],"inLanguage":"en-GB"},{"@type":["Person","Organization"],"@id":"https:\/\/timgabor.hu\/#\/schema\/person\/226226f5bdfe2a1cf1501afbb75ebd6a","name":"emerico","image":{"@type":"ImageObject","inLanguage":"en-GB","@id":"https:\/\/timgabor.hu\/#\/schema\/person\/image\/","url":"https:\/\/timgabor.hu\/wp-content\/uploads\/2021\/09\/timgabor2022-350x100-1.svg","contentUrl":"https:\/\/timgabor.hu\/wp-content\/uploads\/2021\/09\/timgabor2022-350x100-1.svg","width":350,"height":100,"caption":"emerico"},"logo":{"@id":"https:\/\/timgabor.hu\/#\/schema\/person\/image\/"}}]}},"_links":{"self":[{"href":"https:\/\/timgabor.hu\/en\/wp-json\/wp\/v2\/pages\/12767"}],"collection":[{"href":"https:\/\/timgabor.hu\/en\/wp-json\/wp\/v2\/pages"}],"about":[{"href":"https:\/\/timgabor.hu\/en\/wp-json\/wp\/v2\/types\/page"}],"author":[{"embeddable":true,"href":"https:\/\/timgabor.hu\/en\/wp-json\/wp\/v2\/users\/1"}],"replies":[{"embeddable":true,"href":"https:\/\/timgabor.hu\/en\/wp-json\/wp\/v2\/comments?post=12767"}],"version-history":[{"count":23,"href":"https:\/\/timgabor.hu\/en\/wp-json\/wp\/v2\/pages\/12767\/revisions"}],"predecessor-version":[{"id":15844,"href":"https:\/\/timgabor.hu\/en\/wp-json\/wp\/v2\/pages\/12767\/revisions\/15844"}],"wp:featuredmedia":[{"embeddable":true,"href":"https:\/\/timgabor.hu\/en\/wp-json\/wp\/v2\/media\/15824"}],"wp:attachment":[{"href":"https:\/\/timgabor.hu\/en\/wp-json\/wp\/v2\/media?parent=12767"}],"curies":[{"name":"wp","href":"https:\/\/api.w.org\/{rel}","templated":true}]}}